{"id":37760,"date":"2023-06-15T15:58:39","date_gmt":"2023-06-15T13:58:39","guid":{"rendered":"https:\/\/mobilidee.ch\/fairmove\/stationnement\/"},"modified":"2023-08-22T10:38:56","modified_gmt":"2023-08-22T08:38:56","slug":"parking","status":"publish","type":"page","link":"https:\/\/mobilidee.ch\/en\/fairmove\/parking\/","title":{"rendered":"Parking"},"content":{"rendered":"<p>fairmove enables you to allocate parking spaces fairly and optimise their use according to predefined criteria: accessibility, needs, type of vehicle, working hours, etc.<\/p>\n","protected":false},"excerpt":{"rendered":"<p>fairmove enables you to allocate parking spaces fairly and optimise their use according to predefined criteria: accessibility, needs, type of vehicle, working hours, etc.<\/p>\n","protected":false},"author":17,"featured_media":0,"parent":35915,"menu_order":0,"comment_status":"closed","ping_status":"closed","template":"page-fairmove-child.php","meta":{"_acf_changed":false,"inline_featured_image":false,"footnotes":""},"class_list":["post-37760","page","type-page","status-publish","hentry"],"acf":[],"yoast_head":"<!-- This site is optimized with the Yoast SEO plugin v27.4 - https:\/\/yoast.com\/product\/yoast-seo-wordpress\/ -->\n<title>Mobilid\u00e9e | Parking<\/title>\n<meta name=\"description\" content=\"fairmove enables you to allocate parking spaces fairly and optimise their use.\" \/>\n<meta name=\"robots\" content=\"index, follow, max-snippet:-1, max-image-preview:large, max-video-preview:-1\" \/>\n<link rel=\"canonical\" href=\"https:\/\/mobilidee.ch\/en\/fairmove\/parking\/\" \/>\n<meta property=\"og:locale\" content=\"en_US\" \/>\n<meta property=\"og:type\" content=\"article\" \/>\n<meta property=\"og:title\" content=\"Mobilid\u00e9e | Parking\" \/>\n<meta property=\"og:description\" content=\"fairmove enables you to allocate parking spaces fairly and optimise their use.\" \/>\n<meta property=\"og:url\" content=\"https:\/\/mobilidee.ch\/en\/fairmove\/parking\/\" \/>\n<meta property=\"og:site_name\" content=\"Mobilid\u00e9e\" \/>\n<meta property=\"article:modified_time\" content=\"2023-08-22T08:38:56+00:00\" \/>\n<meta name=\"twitter:card\" content=\"summary_large_image\" \/>\n<meta name=\"twitter:label1\" content=\"Est. reading time\" \/>\n\t<meta name=\"twitter:data1\" content=\"1 minute\" \/>\n<script type=\"application\/ld+json\" class=\"yoast-schema-graph\">{\"@context\":\"https:\\\/\\\/schema.org\",\"@graph\":[{\"@type\":\"WebPage\",\"@id\":\"https:\\\/\\\/mobilidee.ch\\\/en\\\/fairmove\\\/parking\\\/\",\"url\":\"https:\\\/\\\/mobilidee.ch\\\/en\\\/fairmove\\\/parking\\\/\",\"name\":\"Mobilid\u00e9e | Parking\",\"isPartOf\":{\"@id\":\"https:\\\/\\\/mobilidee.ch\\\/en\\\/#website\"},\"datePublished\":\"2023-06-15T13:58:39+00:00\",\"dateModified\":\"2023-08-22T08:38:56+00:00\",\"description\":\"fairmove enables you to allocate parking spaces fairly and optimise their use.\",\"breadcrumb\":{\"@id\":\"https:\\\/\\\/mobilidee.ch\\\/en\\\/fairmove\\\/parking\\\/#breadcrumb\"},\"inLanguage\":\"en-US\",\"potentialAction\":[{\"@type\":\"ReadAction\",\"target\":[\"https:\\\/\\\/mobilidee.ch\\\/en\\\/fairmove\\\/parking\\\/\"]}]},{\"@type\":\"BreadcrumbList\",\"@id\":\"https:\\\/\\\/mobilidee.ch\\\/en\\\/fairmove\\\/parking\\\/#breadcrumb\",\"itemListElement\":[{\"@type\":\"ListItem\",\"position\":1,\"name\":\"Accueil\",\"item\":\"https:\\\/\\\/mobilidee.ch\\\/en\\\/\"},{\"@type\":\"ListItem\",\"position\":2,\"name\":\"Fairmove\",\"item\":\"https:\\\/\\\/mobilidee.ch\\\/en\\\/fairmove\\\/\"},{\"@type\":\"ListItem\",\"position\":3,\"name\":\"Parking\"}]},{\"@type\":\"WebSite\",\"@id\":\"https:\\\/\\\/mobilidee.ch\\\/en\\\/#website\",\"url\":\"https:\\\/\\\/mobilidee.ch\\\/en\\\/\",\"name\":\"Mobilid\u00e9e\",\"description\":\"Nous am\u00e9liorons les exp\u00e9riences de mobilit\u00e9 au sein des entreprises, des collectivit\u00e9s, des quartiers et des territoires.\",\"potentialAction\":[{\"@type\":\"SearchAction\",\"target\":{\"@type\":\"EntryPoint\",\"urlTemplate\":\"https:\\\/\\\/mobilidee.ch\\\/en\\\/?s={search_term_string}\"},\"query-input\":{\"@type\":\"PropertyValueSpecification\",\"valueRequired\":true,\"valueName\":\"search_term_string\"}}],\"inLanguage\":\"en-US\"}]}<\/script>\n<!-- \/ Yoast SEO plugin. -->","yoast_head_json":{"title":"Mobilid\u00e9e | Parking","description":"fairmove enables you to allocate parking spaces fairly and optimise their use.","robots":{"index":"index","follow":"follow","max-snippet":"max-snippet:-1","max-image-preview":"max-image-preview:large","max-video-preview":"max-video-preview:-1"},"canonical":"https:\/\/mobilidee.ch\/en\/fairmove\/parking\/","og_locale":"en_US","og_type":"article","og_title":"Mobilid\u00e9e | Parking","og_description":"fairmove enables you to allocate parking spaces fairly and optimise their use.","og_url":"https:\/\/mobilidee.ch\/en\/fairmove\/parking\/","og_site_name":"Mobilid\u00e9e","article_modified_time":"2023-08-22T08:38:56+00:00","twitter_card":"summary_large_image","twitter_misc":{"Est. reading time":"1 minute"},"schema":{"@context":"https:\/\/schema.org","@graph":[{"@type":"WebPage","@id":"https:\/\/mobilidee.ch\/en\/fairmove\/parking\/","url":"https:\/\/mobilidee.ch\/en\/fairmove\/parking\/","name":"Mobilid\u00e9e | Parking","isPartOf":{"@id":"https:\/\/mobilidee.ch\/en\/#website"},"datePublished":"2023-06-15T13:58:39+00:00","dateModified":"2023-08-22T08:38:56+00:00","description":"fairmove enables you to allocate parking spaces fairly and optimise their use.","breadcrumb":{"@id":"https:\/\/mobilidee.ch\/en\/fairmove\/parking\/#breadcrumb"},"inLanguage":"en-US","potentialAction":[{"@type":"ReadAction","target":["https:\/\/mobilidee.ch\/en\/fairmove\/parking\/"]}]},{"@type":"BreadcrumbList","@id":"https:\/\/mobilidee.ch\/en\/fairmove\/parking\/#breadcrumb","itemListElement":[{"@type":"ListItem","position":1,"name":"Accueil","item":"https:\/\/mobilidee.ch\/en\/"},{"@type":"ListItem","position":2,"name":"Fairmove","item":"https:\/\/mobilidee.ch\/en\/fairmove\/"},{"@type":"ListItem","position":3,"name":"Parking"}]},{"@type":"WebSite","@id":"https:\/\/mobilidee.ch\/en\/#website","url":"https:\/\/mobilidee.ch\/en\/","name":"Mobilid\u00e9e","description":"Nous am\u00e9liorons les exp\u00e9riences de mobilit\u00e9 au sein des entreprises, des collectivit\u00e9s, des quartiers et des territoires.","potentialAction":[{"@type":"SearchAction","target":{"@type":"EntryPoint","urlTemplate":"https:\/\/mobilidee.ch\/en\/?s={search_term_string}"},"query-input":{"@type":"PropertyValueSpecification","valueRequired":true,"valueName":"search_term_string"}}],"inLanguage":"en-US"}]}},"_links":{"self":[{"href":"https:\/\/mobilidee.ch\/en\/wp-json\/wp\/v2\/pages\/37760","targetHints":{"allow":["GET"]}}],"collection":[{"href":"https:\/\/mobilidee.ch\/en\/wp-json\/wp\/v2\/pages"}],"about":[{"href":"https:\/\/mobilidee.ch\/en\/wp-json\/wp\/v2\/types\/page"}],"author":[{"embeddable":true,"href":"https:\/\/mobilidee.ch\/en\/wp-json\/wp\/v2\/users\/17"}],"replies":[{"embeddable":true,"href":"https:\/\/mobilidee.ch\/en\/wp-json\/wp\/v2\/comments?post=37760"}],"version-history":[{"count":3,"href":"https:\/\/mobilidee.ch\/en\/wp-json\/wp\/v2\/pages\/37760\/revisions"}],"predecessor-version":[{"id":38174,"href":"https:\/\/mobilidee.ch\/en\/wp-json\/wp\/v2\/pages\/37760\/revisions\/38174"}],"up":[{"embeddable":true,"href":"https:\/\/mobilidee.ch\/en\/wp-json\/wp\/v2\/pages\/35915"}],"wp:attachment":[{"href":"https:\/\/mobilidee.ch\/en\/wp-json\/wp\/v2\/media?parent=37760"}],"curies":[{"name":"wp","href":"https:\/\/api.w.org\/{rel}","templated":true}]}}