{"id":37728,"date":"2023-06-22T11:36:08","date_gmt":"2023-06-22T09:36:08","guid":{"rendered":"https:\/\/mobilidee.ch\/fairmove\/incitation-a-la-multimodalite\/"},"modified":"2023-08-22T10:19:56","modified_gmt":"2023-08-22T08:19:56","slug":"encouraging-multimodality","status":"publish","type":"page","link":"https:\/\/mobilidee.ch\/en\/fairmove\/encouraging-multimodality\/","title":{"rendered":"Encouraging multimodality"},"content":{"rendered":"<p>fairmove promotes sustainable commuting and business travel by facilitating the management of all mobility services offered to employees, such as public transport subsidies, subscriptions, mobility budgets, incentives for the use of soft modes of transport, etc.<\/p>\n","protected":false},"excerpt":{"rendered":"<p>fairmove promotes sustainable commuting and business travel by facilitating the management of all mobility services offered to employees, such as public transport subsidies, subscriptions, mobility budgets, incentives for the use of soft modes of transport, etc.<\/p>\n","protected":false},"author":17,"featured_media":0,"parent":35915,"menu_order":0,"comment_status":"closed","ping_status":"closed","template":"page-fairmove-child.php","meta":{"_acf_changed":false,"inline_featured_image":false,"footnotes":""},"class_list":["post-37728","page","type-page","status-publish","hentry"],"acf":[],"yoast_head":"<!-- This site is optimized with the Yoast SEO plugin v27.4 - https:\/\/yoast.com\/product\/yoast-seo-wordpress\/ -->\n<title>Encouraging multimodality<\/title>\n<meta name=\"description\" content=\"Promote sustainable business travel by making it easier to manage all the mobility services offered to employees.\" \/>\n<meta name=\"robots\" content=\"index, follow, max-snippet:-1, max-image-preview:large, max-video-preview:-1\" \/>\n<link rel=\"canonical\" href=\"https:\/\/mobilidee.ch\/en\/fairmove\/encouraging-multimodality\/\" \/>\n<meta property=\"og:locale\" content=\"en_US\" \/>\n<meta property=\"og:type\" content=\"article\" \/>\n<meta property=\"og:title\" content=\"Encouraging multimodality\" \/>\n<meta property=\"og:description\" content=\"Promote sustainable business travel by making it easier to manage all the mobility services offered to employees.\" \/>\n<meta property=\"og:url\" content=\"https:\/\/mobilidee.ch\/en\/fairmove\/encouraging-multimodality\/\" \/>\n<meta property=\"og:site_name\" content=\"Mobilid\u00e9e\" \/>\n<meta property=\"article:modified_time\" content=\"2023-08-22T08:19:56+00:00\" \/>\n<meta name=\"twitter:card\" content=\"summary_large_image\" \/>\n<meta name=\"twitter:label1\" content=\"Est. reading time\" \/>\n\t<meta name=\"twitter:data1\" content=\"1 minute\" \/>\n<script type=\"application\/ld+json\" class=\"yoast-schema-graph\">{\"@context\":\"https:\\\/\\\/schema.org\",\"@graph\":[{\"@type\":\"WebPage\",\"@id\":\"https:\\\/\\\/mobilidee.ch\\\/en\\\/fairmove\\\/encouraging-multimodality\\\/\",\"url\":\"https:\\\/\\\/mobilidee.ch\\\/en\\\/fairmove\\\/encouraging-multimodality\\\/\",\"name\":\"Encouraging multimodality\",\"isPartOf\":{\"@id\":\"https:\\\/\\\/mobilidee.ch\\\/en\\\/#website\"},\"datePublished\":\"2023-06-22T09:36:08+00:00\",\"dateModified\":\"2023-08-22T08:19:56+00:00\",\"description\":\"Promote sustainable business travel by making it easier to manage all the mobility services offered to employees.\",\"breadcrumb\":{\"@id\":\"https:\\\/\\\/mobilidee.ch\\\/en\\\/fairmove\\\/encouraging-multimodality\\\/#breadcrumb\"},\"inLanguage\":\"en-US\",\"potentialAction\":[{\"@type\":\"ReadAction\",\"target\":[\"https:\\\/\\\/mobilidee.ch\\\/en\\\/fairmove\\\/encouraging-multimodality\\\/\"]}]},{\"@type\":\"BreadcrumbList\",\"@id\":\"https:\\\/\\\/mobilidee.ch\\\/en\\\/fairmove\\\/encouraging-multimodality\\\/#breadcrumb\",\"itemListElement\":[{\"@type\":\"ListItem\",\"position\":1,\"name\":\"Accueil\",\"item\":\"https:\\\/\\\/mobilidee.ch\\\/en\\\/\"},{\"@type\":\"ListItem\",\"position\":2,\"name\":\"Fairmove\",\"item\":\"https:\\\/\\\/mobilidee.ch\\\/en\\\/fairmove\\\/\"},{\"@type\":\"ListItem\",\"position\":3,\"name\":\"Encouraging multimodality\"}]},{\"@type\":\"WebSite\",\"@id\":\"https:\\\/\\\/mobilidee.ch\\\/en\\\/#website\",\"url\":\"https:\\\/\\\/mobilidee.ch\\\/en\\\/\",\"name\":\"Mobilid\u00e9e\",\"description\":\"Nous am\u00e9liorons les exp\u00e9riences de mobilit\u00e9 au sein des entreprises, des collectivit\u00e9s, des quartiers et des territoires.\",\"potentialAction\":[{\"@type\":\"SearchAction\",\"target\":{\"@type\":\"EntryPoint\",\"urlTemplate\":\"https:\\\/\\\/mobilidee.ch\\\/en\\\/?s={search_term_string}\"},\"query-input\":{\"@type\":\"PropertyValueSpecification\",\"valueRequired\":true,\"valueName\":\"search_term_string\"}}],\"inLanguage\":\"en-US\"}]}<\/script>\n<!-- \/ Yoast SEO plugin. -->","yoast_head_json":{"title":"Encouraging multimodality","description":"Promote sustainable business travel by making it easier to manage all the mobility services offered to employees.","robots":{"index":"index","follow":"follow","max-snippet":"max-snippet:-1","max-image-preview":"max-image-preview:large","max-video-preview":"max-video-preview:-1"},"canonical":"https:\/\/mobilidee.ch\/en\/fairmove\/encouraging-multimodality\/","og_locale":"en_US","og_type":"article","og_title":"Encouraging multimodality","og_description":"Promote sustainable business travel by making it easier to manage all the mobility services offered to employees.","og_url":"https:\/\/mobilidee.ch\/en\/fairmove\/encouraging-multimodality\/","og_site_name":"Mobilid\u00e9e","article_modified_time":"2023-08-22T08:19:56+00:00","twitter_card":"summary_large_image","twitter_misc":{"Est. reading time":"1 minute"},"schema":{"@context":"https:\/\/schema.org","@graph":[{"@type":"WebPage","@id":"https:\/\/mobilidee.ch\/en\/fairmove\/encouraging-multimodality\/","url":"https:\/\/mobilidee.ch\/en\/fairmove\/encouraging-multimodality\/","name":"Encouraging multimodality","isPartOf":{"@id":"https:\/\/mobilidee.ch\/en\/#website"},"datePublished":"2023-06-22T09:36:08+00:00","dateModified":"2023-08-22T08:19:56+00:00","description":"Promote sustainable business travel by making it easier to manage all the mobility services offered to employees.","breadcrumb":{"@id":"https:\/\/mobilidee.ch\/en\/fairmove\/encouraging-multimodality\/#breadcrumb"},"inLanguage":"en-US","potentialAction":[{"@type":"ReadAction","target":["https:\/\/mobilidee.ch\/en\/fairmove\/encouraging-multimodality\/"]}]},{"@type":"BreadcrumbList","@id":"https:\/\/mobilidee.ch\/en\/fairmove\/encouraging-multimodality\/#breadcrumb","itemListElement":[{"@type":"ListItem","position":1,"name":"Accueil","item":"https:\/\/mobilidee.ch\/en\/"},{"@type":"ListItem","position":2,"name":"Fairmove","item":"https:\/\/mobilidee.ch\/en\/fairmove\/"},{"@type":"ListItem","position":3,"name":"Encouraging multimodality"}]},{"@type":"WebSite","@id":"https:\/\/mobilidee.ch\/en\/#website","url":"https:\/\/mobilidee.ch\/en\/","name":"Mobilid\u00e9e","description":"Nous am\u00e9liorons les exp\u00e9riences de mobilit\u00e9 au sein des entreprises, des collectivit\u00e9s, des quartiers et des territoires.","potentialAction":[{"@type":"SearchAction","target":{"@type":"EntryPoint","urlTemplate":"https:\/\/mobilidee.ch\/en\/?s={search_term_string}"},"query-input":{"@type":"PropertyValueSpecification","valueRequired":true,"valueName":"search_term_string"}}],"inLanguage":"en-US"}]}},"_links":{"self":[{"href":"https:\/\/mobilidee.ch\/en\/wp-json\/wp\/v2\/pages\/37728","targetHints":{"allow":["GET"]}}],"collection":[{"href":"https:\/\/mobilidee.ch\/en\/wp-json\/wp\/v2\/pages"}],"about":[{"href":"https:\/\/mobilidee.ch\/en\/wp-json\/wp\/v2\/types\/page"}],"author":[{"embeddable":true,"href":"https:\/\/mobilidee.ch\/en\/wp-json\/wp\/v2\/users\/17"}],"replies":[{"embeddable":true,"href":"https:\/\/mobilidee.ch\/en\/wp-json\/wp\/v2\/comments?post=37728"}],"version-history":[{"count":3,"href":"https:\/\/mobilidee.ch\/en\/wp-json\/wp\/v2\/pages\/37728\/revisions"}],"predecessor-version":[{"id":38170,"href":"https:\/\/mobilidee.ch\/en\/wp-json\/wp\/v2\/pages\/37728\/revisions\/38170"}],"up":[{"embeddable":true,"href":"https:\/\/mobilidee.ch\/en\/wp-json\/wp\/v2\/pages\/35915"}],"wp:attachment":[{"href":"https:\/\/mobilidee.ch\/en\/wp-json\/wp\/v2\/media?parent=37728"}],"curies":[{"name":"wp","href":"https:\/\/api.w.org\/{rel}","templated":true}]}}