{"id":37726,"date":"2023-06-22T11:38:25","date_gmt":"2023-06-22T09:38:25","guid":{"rendered":"https:\/\/mobilidee.ch\/fairmove\/gamification\/"},"modified":"2023-08-22T09:36:29","modified_gmt":"2023-08-22T07:36:29","slug":"gamification","status":"publish","type":"page","link":"https:\/\/mobilidee.ch\/en\/fairmove\/gamification\/","title":{"rendered":"Gamification"},"content":{"rendered":"<p>With the aim of promoting good practice, fairmove encourages employees to experiment with new ways of managing their mobility by launching challenges, rewarding users and collecting information about their journeys.<\/p>\n","protected":false},"excerpt":{"rendered":"<p>With the aim of promoting good practice, fairmove encourages employees to experiment with new ways of managing their mobility by launching challenges, rewarding users and collecting information about their journeys.<\/p>\n","protected":false},"author":17,"featured_media":0,"parent":35915,"menu_order":0,"comment_status":"closed","ping_status":"closed","template":"page-fairmove-child.php","meta":{"_acf_changed":false,"inline_featured_image":false,"footnotes":""},"class_list":["post-37726","page","type-page","status-publish","hentry"],"acf":[],"yoast_head":"<!-- This site is optimized with the Yoast SEO plugin v27.4 - https:\/\/yoast.com\/product\/yoast-seo-wordpress\/ -->\n<title>Mobilid\u00e9e | Gamification<\/title>\n<meta name=\"description\" content=\"Encourage your employees to experiment with new ways of living their mobility, through challenges and rewards.\" \/>\n<meta name=\"robots\" content=\"index, follow, max-snippet:-1, max-image-preview:large, max-video-preview:-1\" \/>\n<link rel=\"canonical\" href=\"https:\/\/mobilidee.ch\/en\/fairmove\/gamification\/\" \/>\n<meta property=\"og:locale\" content=\"en_US\" \/>\n<meta property=\"og:type\" content=\"article\" \/>\n<meta property=\"og:title\" content=\"Mobilid\u00e9e | Gamification\" \/>\n<meta property=\"og:description\" content=\"Encourage your employees to experiment with new ways of living their mobility, through challenges and rewards.\" \/>\n<meta property=\"og:url\" content=\"https:\/\/mobilidee.ch\/en\/fairmove\/gamification\/\" \/>\n<meta property=\"og:site_name\" content=\"Mobilid\u00e9e\" \/>\n<meta property=\"article:modified_time\" content=\"2023-08-22T07:36:29+00:00\" \/>\n<meta name=\"twitter:card\" content=\"summary_large_image\" \/>\n<meta name=\"twitter:label1\" content=\"Est. reading time\" \/>\n\t<meta name=\"twitter:data1\" content=\"1 minute\" \/>\n<script type=\"application\/ld+json\" class=\"yoast-schema-graph\">{\"@context\":\"https:\\\/\\\/schema.org\",\"@graph\":[{\"@type\":\"WebPage\",\"@id\":\"https:\\\/\\\/mobilidee.ch\\\/en\\\/fairmove\\\/gamification\\\/\",\"url\":\"https:\\\/\\\/mobilidee.ch\\\/en\\\/fairmove\\\/gamification\\\/\",\"name\":\"Mobilid\u00e9e | Gamification\",\"isPartOf\":{\"@id\":\"https:\\\/\\\/mobilidee.ch\\\/en\\\/#website\"},\"datePublished\":\"2023-06-22T09:38:25+00:00\",\"dateModified\":\"2023-08-22T07:36:29+00:00\",\"description\":\"Encourage your employees to experiment with new ways of living their mobility, through challenges and rewards.\",\"breadcrumb\":{\"@id\":\"https:\\\/\\\/mobilidee.ch\\\/en\\\/fairmove\\\/gamification\\\/#breadcrumb\"},\"inLanguage\":\"en-US\",\"potentialAction\":[{\"@type\":\"ReadAction\",\"target\":[\"https:\\\/\\\/mobilidee.ch\\\/en\\\/fairmove\\\/gamification\\\/\"]}]},{\"@type\":\"BreadcrumbList\",\"@id\":\"https:\\\/\\\/mobilidee.ch\\\/en\\\/fairmove\\\/gamification\\\/#breadcrumb\",\"itemListElement\":[{\"@type\":\"ListItem\",\"position\":1,\"name\":\"Accueil\",\"item\":\"https:\\\/\\\/mobilidee.ch\\\/en\\\/\"},{\"@type\":\"ListItem\",\"position\":2,\"name\":\"Fairmove\",\"item\":\"https:\\\/\\\/mobilidee.ch\\\/en\\\/fairmove\\\/\"},{\"@type\":\"ListItem\",\"position\":3,\"name\":\"Gamification\"}]},{\"@type\":\"WebSite\",\"@id\":\"https:\\\/\\\/mobilidee.ch\\\/en\\\/#website\",\"url\":\"https:\\\/\\\/mobilidee.ch\\\/en\\\/\",\"name\":\"Mobilid\u00e9e\",\"description\":\"Nous am\u00e9liorons les exp\u00e9riences de mobilit\u00e9 au sein des entreprises, des collectivit\u00e9s, des quartiers et des territoires.\",\"potentialAction\":[{\"@type\":\"SearchAction\",\"target\":{\"@type\":\"EntryPoint\",\"urlTemplate\":\"https:\\\/\\\/mobilidee.ch\\\/en\\\/?s={search_term_string}\"},\"query-input\":{\"@type\":\"PropertyValueSpecification\",\"valueRequired\":true,\"valueName\":\"search_term_string\"}}],\"inLanguage\":\"en-US\"}]}<\/script>\n<!-- \/ Yoast SEO plugin. -->","yoast_head_json":{"title":"Mobilid\u00e9e | Gamification","description":"Encourage your employees to experiment with new ways of living their mobility, through challenges and rewards.","robots":{"index":"index","follow":"follow","max-snippet":"max-snippet:-1","max-image-preview":"max-image-preview:large","max-video-preview":"max-video-preview:-1"},"canonical":"https:\/\/mobilidee.ch\/en\/fairmove\/gamification\/","og_locale":"en_US","og_type":"article","og_title":"Mobilid\u00e9e | Gamification","og_description":"Encourage your employees to experiment with new ways of living their mobility, through challenges and rewards.","og_url":"https:\/\/mobilidee.ch\/en\/fairmove\/gamification\/","og_site_name":"Mobilid\u00e9e","article_modified_time":"2023-08-22T07:36:29+00:00","twitter_card":"summary_large_image","twitter_misc":{"Est. reading time":"1 minute"},"schema":{"@context":"https:\/\/schema.org","@graph":[{"@type":"WebPage","@id":"https:\/\/mobilidee.ch\/en\/fairmove\/gamification\/","url":"https:\/\/mobilidee.ch\/en\/fairmove\/gamification\/","name":"Mobilid\u00e9e | Gamification","isPartOf":{"@id":"https:\/\/mobilidee.ch\/en\/#website"},"datePublished":"2023-06-22T09:38:25+00:00","dateModified":"2023-08-22T07:36:29+00:00","description":"Encourage your employees to experiment with new ways of living their mobility, through challenges and rewards.","breadcrumb":{"@id":"https:\/\/mobilidee.ch\/en\/fairmove\/gamification\/#breadcrumb"},"inLanguage":"en-US","potentialAction":[{"@type":"ReadAction","target":["https:\/\/mobilidee.ch\/en\/fairmove\/gamification\/"]}]},{"@type":"BreadcrumbList","@id":"https:\/\/mobilidee.ch\/en\/fairmove\/gamification\/#breadcrumb","itemListElement":[{"@type":"ListItem","position":1,"name":"Accueil","item":"https:\/\/mobilidee.ch\/en\/"},{"@type":"ListItem","position":2,"name":"Fairmove","item":"https:\/\/mobilidee.ch\/en\/fairmove\/"},{"@type":"ListItem","position":3,"name":"Gamification"}]},{"@type":"WebSite","@id":"https:\/\/mobilidee.ch\/en\/#website","url":"https:\/\/mobilidee.ch\/en\/","name":"Mobilid\u00e9e","description":"Nous am\u00e9liorons les exp\u00e9riences de mobilit\u00e9 au sein des entreprises, des collectivit\u00e9s, des quartiers et des territoires.","potentialAction":[{"@type":"SearchAction","target":{"@type":"EntryPoint","urlTemplate":"https:\/\/mobilidee.ch\/en\/?s={search_term_string}"},"query-input":{"@type":"PropertyValueSpecification","valueRequired":true,"valueName":"search_term_string"}}],"inLanguage":"en-US"}]}},"_links":{"self":[{"href":"https:\/\/mobilidee.ch\/en\/wp-json\/wp\/v2\/pages\/37726","targetHints":{"allow":["GET"]}}],"collection":[{"href":"https:\/\/mobilidee.ch\/en\/wp-json\/wp\/v2\/pages"}],"about":[{"href":"https:\/\/mobilidee.ch\/en\/wp-json\/wp\/v2\/types\/page"}],"author":[{"embeddable":true,"href":"https:\/\/mobilidee.ch\/en\/wp-json\/wp\/v2\/users\/17"}],"replies":[{"embeddable":true,"href":"https:\/\/mobilidee.ch\/en\/wp-json\/wp\/v2\/comments?post=37726"}],"version-history":[{"count":5,"href":"https:\/\/mobilidee.ch\/en\/wp-json\/wp\/v2\/pages\/37726\/revisions"}],"predecessor-version":[{"id":38166,"href":"https:\/\/mobilidee.ch\/en\/wp-json\/wp\/v2\/pages\/37726\/revisions\/38166"}],"up":[{"embeddable":true,"href":"https:\/\/mobilidee.ch\/en\/wp-json\/wp\/v2\/pages\/35915"}],"wp:attachment":[{"href":"https:\/\/mobilidee.ch\/en\/wp-json\/wp\/v2\/media?parent=37726"}],"curies":[{"name":"wp","href":"https:\/\/api.w.org\/{rel}","templated":true}]}}