{"id":37501,"date":"2022-12-08T10:58:04","date_gmt":"2022-12-08T09:58:04","guid":{"rendered":"https:\/\/mobilidee.ch\/consultancy\/consultancy\/"},"modified":"2023-09-21T10:47:33","modified_gmt":"2023-09-21T08:47:33","slug":"consultancy","status":"publish","type":"page","link":"https:\/\/mobilidee.ch\/en\/support\/consultancy\/","title":{"rendered":"Consultancy"},"content":{"rendered":"","protected":false},"excerpt":{"rendered":"","protected":false},"author":17,"featured_media":37400,"parent":37453,"menu_order":0,"comment_status":"closed","ping_status":"closed","template":"page-template-engagement.php","meta":{"_acf_changed":false,"inline_featured_image":false,"footnotes":""},"class_list":["post-37501","page","type-page","status-publish","has-post-thumbnail","hentry"],"acf":[],"yoast_head":"<!-- This site is optimized with the Yoast SEO plugin v27.4 - https:\/\/yoast.com\/product\/yoast-seo-wordpress\/ -->\n<title>Mobilid\u00e9e | Consultancy<\/title>\n<meta name=\"description\" content=\"Depending on your specific challenges, mobilid\u00e9e will assess the situation and work with you to create virtuous solutions for your teams.\" \/>\n<meta name=\"robots\" content=\"index, follow, max-snippet:-1, max-image-preview:large, max-video-preview:-1\" \/>\n<link rel=\"canonical\" href=\"https:\/\/mobilidee.ch\/en\/support\/consultancy\/\" \/>\n<meta property=\"og:locale\" content=\"en_US\" \/>\n<meta property=\"og:type\" content=\"article\" \/>\n<meta property=\"og:title\" content=\"Mobilid\u00e9e | Consultancy\" \/>\n<meta property=\"og:description\" content=\"Depending on your specific challenges, mobilid\u00e9e will assess the situation and work with you to create virtuous solutions for your teams.\" \/>\n<meta property=\"og:url\" content=\"https:\/\/mobilidee.ch\/en\/support\/consultancy\/\" \/>\n<meta property=\"og:site_name\" content=\"Mobilid\u00e9e\" \/>\n<meta property=\"article:modified_time\" content=\"2023-09-21T08:47:33+00:00\" \/>\n<meta property=\"og:image\" content=\"https:\/\/mobilidee.ch\/wp-content\/uploads\/2023\/05\/header-accompagnement_degrade.jpg\" \/>\n\t<meta property=\"og:image:width\" content=\"1200\" \/>\n\t<meta property=\"og:image:height\" content=\"452\" \/>\n\t<meta property=\"og:image:type\" content=\"image\/jpeg\" \/>\n<meta name=\"twitter:card\" content=\"summary_large_image\" \/>\n<script type=\"application\/ld+json\" class=\"yoast-schema-graph\">{\"@context\":\"https:\\\/\\\/schema.org\",\"@graph\":[{\"@type\":\"WebPage\",\"@id\":\"https:\\\/\\\/mobilidee.ch\\\/en\\\/support\\\/consultancy\\\/\",\"url\":\"https:\\\/\\\/mobilidee.ch\\\/en\\\/support\\\/consultancy\\\/\",\"name\":\"Mobilid\u00e9e | Consultancy\",\"isPartOf\":{\"@id\":\"https:\\\/\\\/mobilidee.ch\\\/en\\\/#website\"},\"primaryImageOfPage\":{\"@id\":\"https:\\\/\\\/mobilidee.ch\\\/en\\\/support\\\/consultancy\\\/#primaryimage\"},\"image\":{\"@id\":\"https:\\\/\\\/mobilidee.ch\\\/en\\\/support\\\/consultancy\\\/#primaryimage\"},\"thumbnailUrl\":\"https:\\\/\\\/mobilidee.ch\\\/wp-content\\\/uploads\\\/2023\\\/05\\\/header-accompagnement_degrade.jpg\",\"datePublished\":\"2022-12-08T09:58:04+00:00\",\"dateModified\":\"2023-09-21T08:47:33+00:00\",\"description\":\"Depending on your specific challenges, mobilid\u00e9e will assess the situation and work with you to create virtuous solutions for your teams.\",\"breadcrumb\":{\"@id\":\"https:\\\/\\\/mobilidee.ch\\\/en\\\/support\\\/consultancy\\\/#breadcrumb\"},\"inLanguage\":\"en-US\",\"potentialAction\":[{\"@type\":\"ReadAction\",\"target\":[\"https:\\\/\\\/mobilidee.ch\\\/en\\\/support\\\/consultancy\\\/\"]}]},{\"@type\":\"ImageObject\",\"inLanguage\":\"en-US\",\"@id\":\"https:\\\/\\\/mobilidee.ch\\\/en\\\/support\\\/consultancy\\\/#primaryimage\",\"url\":\"https:\\\/\\\/mobilidee.ch\\\/wp-content\\\/uploads\\\/2023\\\/05\\\/header-accompagnement_degrade.jpg\",\"contentUrl\":\"https:\\\/\\\/mobilidee.ch\\\/wp-content\\\/uploads\\\/2023\\\/05\\\/header-accompagnement_degrade.jpg\",\"width\":1200,\"height\":452},{\"@type\":\"BreadcrumbList\",\"@id\":\"https:\\\/\\\/mobilidee.ch\\\/en\\\/support\\\/consultancy\\\/#breadcrumb\",\"itemListElement\":[{\"@type\":\"ListItem\",\"position\":1,\"name\":\"Accueil\",\"item\":\"https:\\\/\\\/mobilidee.ch\\\/en\\\/\"},{\"@type\":\"ListItem\",\"position\":2,\"name\":\"Support\",\"item\":\"https:\\\/\\\/mobilidee.ch\\\/en\\\/support\\\/\"},{\"@type\":\"ListItem\",\"position\":3,\"name\":\"Consultancy\"}]},{\"@type\":\"WebSite\",\"@id\":\"https:\\\/\\\/mobilidee.ch\\\/en\\\/#website\",\"url\":\"https:\\\/\\\/mobilidee.ch\\\/en\\\/\",\"name\":\"Mobilid\u00e9e\",\"description\":\"Nous am\u00e9liorons les exp\u00e9riences de mobilit\u00e9 au sein des entreprises, des collectivit\u00e9s, des quartiers et des territoires.\",\"potentialAction\":[{\"@type\":\"SearchAction\",\"target\":{\"@type\":\"EntryPoint\",\"urlTemplate\":\"https:\\\/\\\/mobilidee.ch\\\/en\\\/?s={search_term_string}\"},\"query-input\":{\"@type\":\"PropertyValueSpecification\",\"valueRequired\":true,\"valueName\":\"search_term_string\"}}],\"inLanguage\":\"en-US\"}]}<\/script>\n<!-- \/ Yoast SEO plugin. -->","yoast_head_json":{"title":"Mobilid\u00e9e | Consultancy","description":"Depending on your specific challenges, mobilid\u00e9e will assess the situation and work with you to create virtuous solutions for your teams.","robots":{"index":"index","follow":"follow","max-snippet":"max-snippet:-1","max-image-preview":"max-image-preview:large","max-video-preview":"max-video-preview:-1"},"canonical":"https:\/\/mobilidee.ch\/en\/support\/consultancy\/","og_locale":"en_US","og_type":"article","og_title":"Mobilid\u00e9e | Consultancy","og_description":"Depending on your specific challenges, mobilid\u00e9e will assess the situation and work with you to create virtuous solutions for your teams.","og_url":"https:\/\/mobilidee.ch\/en\/support\/consultancy\/","og_site_name":"Mobilid\u00e9e","article_modified_time":"2023-09-21T08:47:33+00:00","og_image":[{"width":1200,"height":452,"url":"https:\/\/mobilidee.ch\/wp-content\/uploads\/2023\/05\/header-accompagnement_degrade.jpg","type":"image\/jpeg"}],"twitter_card":"summary_large_image","schema":{"@context":"https:\/\/schema.org","@graph":[{"@type":"WebPage","@id":"https:\/\/mobilidee.ch\/en\/support\/consultancy\/","url":"https:\/\/mobilidee.ch\/en\/support\/consultancy\/","name":"Mobilid\u00e9e | Consultancy","isPartOf":{"@id":"https:\/\/mobilidee.ch\/en\/#website"},"primaryImageOfPage":{"@id":"https:\/\/mobilidee.ch\/en\/support\/consultancy\/#primaryimage"},"image":{"@id":"https:\/\/mobilidee.ch\/en\/support\/consultancy\/#primaryimage"},"thumbnailUrl":"https:\/\/mobilidee.ch\/wp-content\/uploads\/2023\/05\/header-accompagnement_degrade.jpg","datePublished":"2022-12-08T09:58:04+00:00","dateModified":"2023-09-21T08:47:33+00:00","description":"Depending on your specific challenges, mobilid\u00e9e will assess the situation and work with you to create virtuous solutions for your teams.","breadcrumb":{"@id":"https:\/\/mobilidee.ch\/en\/support\/consultancy\/#breadcrumb"},"inLanguage":"en-US","potentialAction":[{"@type":"ReadAction","target":["https:\/\/mobilidee.ch\/en\/support\/consultancy\/"]}]},{"@type":"ImageObject","inLanguage":"en-US","@id":"https:\/\/mobilidee.ch\/en\/support\/consultancy\/#primaryimage","url":"https:\/\/mobilidee.ch\/wp-content\/uploads\/2023\/05\/header-accompagnement_degrade.jpg","contentUrl":"https:\/\/mobilidee.ch\/wp-content\/uploads\/2023\/05\/header-accompagnement_degrade.jpg","width":1200,"height":452},{"@type":"BreadcrumbList","@id":"https:\/\/mobilidee.ch\/en\/support\/consultancy\/#breadcrumb","itemListElement":[{"@type":"ListItem","position":1,"name":"Accueil","item":"https:\/\/mobilidee.ch\/en\/"},{"@type":"ListItem","position":2,"name":"Support","item":"https:\/\/mobilidee.ch\/en\/support\/"},{"@type":"ListItem","position":3,"name":"Consultancy"}]},{"@type":"WebSite","@id":"https:\/\/mobilidee.ch\/en\/#website","url":"https:\/\/mobilidee.ch\/en\/","name":"Mobilid\u00e9e","description":"Nous am\u00e9liorons les exp\u00e9riences de mobilit\u00e9 au sein des entreprises, des collectivit\u00e9s, des quartiers et des territoires.","potentialAction":[{"@type":"SearchAction","target":{"@type":"EntryPoint","urlTemplate":"https:\/\/mobilidee.ch\/en\/?s={search_term_string}"},"query-input":{"@type":"PropertyValueSpecification","valueRequired":true,"valueName":"search_term_string"}}],"inLanguage":"en-US"}]}},"_links":{"self":[{"href":"https:\/\/mobilidee.ch\/en\/wp-json\/wp\/v2\/pages\/37501","targetHints":{"allow":["GET"]}}],"collection":[{"href":"https:\/\/mobilidee.ch\/en\/wp-json\/wp\/v2\/pages"}],"about":[{"href":"https:\/\/mobilidee.ch\/en\/wp-json\/wp\/v2\/types\/page"}],"author":[{"embeddable":true,"href":"https:\/\/mobilidee.ch\/en\/wp-json\/wp\/v2\/users\/17"}],"replies":[{"embeddable":true,"href":"https:\/\/mobilidee.ch\/en\/wp-json\/wp\/v2\/comments?post=37501"}],"version-history":[{"count":7,"href":"https:\/\/mobilidee.ch\/en\/wp-json\/wp\/v2\/pages\/37501\/revisions"}],"predecessor-version":[{"id":38261,"href":"https:\/\/mobilidee.ch\/en\/wp-json\/wp\/v2\/pages\/37501\/revisions\/38261"}],"up":[{"embeddable":true,"href":"https:\/\/mobilidee.ch\/en\/wp-json\/wp\/v2\/pages\/37453"}],"wp:featuredmedia":[{"embeddable":true,"href":"https:\/\/mobilidee.ch\/en\/wp-json\/wp\/v2\/media\/37400"}],"wp:attachment":[{"href":"https:\/\/mobilidee.ch\/en\/wp-json\/wp\/v2\/media?parent=37501"}],"curies":[{"name":"wp","href":"https:\/\/api.w.org\/{rel}","templated":true}]}}