{"id":37496,"date":"2022-12-08T10:56:58","date_gmt":"2022-12-08T09:56:58","guid":{"rendered":"https:\/\/mobilidee.ch\/creation-of-services\/"},"modified":"2025-10-14T14:23:25","modified_gmt":"2025-10-14T12:23:25","slug":"creation-and-management-of-services","status":"publish","type":"page","link":"https:\/\/mobilidee.ch\/en\/creation-and-management-of-services\/","title":{"rendered":"Creation ad management of services"},"content":{"rendered":"","protected":false},"excerpt":{"rendered":"","protected":false},"author":15,"featured_media":0,"parent":0,"menu_order":0,"comment_status":"closed","ping_status":"closed","template":"page-creation-et-gestion-de-services.php","meta":{"_acf_changed":false,"inline_featured_image":false,"footnotes":""},"class_list":["post-37496","page","type-page","status-publish","hentry"],"acf":[],"yoast_head":"<!-- This site is optimized with the Yoast SEO plugin v27.5 - https:\/\/yoast.com\/product\/yoast-seo-wordpress\/ -->\n<title>Mobilid\u00e9e | Creation and management of services<\/title>\n<meta name=\"description\" content=\"Solving mobility-related problems sometimes requires the creation and implementation of specific services.\" \/>\n<meta name=\"robots\" content=\"index, follow, max-snippet:-1, max-image-preview:large, max-video-preview:-1\" \/>\n<link rel=\"canonical\" href=\"https:\/\/mobilidee.ch\/en\/creation-and-management-of-services\/\" \/>\n<meta property=\"og:locale\" content=\"en_US\" \/>\n<meta property=\"og:type\" content=\"article\" \/>\n<meta property=\"og:title\" content=\"Mobilid\u00e9e | Creation and management of services\" \/>\n<meta property=\"og:description\" content=\"Solving mobility-related problems sometimes requires the creation and implementation of specific services.\" \/>\n<meta property=\"og:url\" content=\"https:\/\/mobilidee.ch\/en\/creation-and-management-of-services\/\" \/>\n<meta property=\"og:site_name\" content=\"Mobilid\u00e9e\" \/>\n<meta property=\"article:modified_time\" content=\"2025-10-14T12:23:25+00:00\" \/>\n<meta name=\"twitter:card\" content=\"summary_large_image\" \/>\n<script type=\"application\/ld+json\" class=\"yoast-schema-graph\">{\"@context\":\"https:\\\/\\\/schema.org\",\"@graph\":[{\"@type\":\"WebPage\",\"@id\":\"https:\\\/\\\/mobilidee.ch\\\/en\\\/creation-and-management-of-services\\\/\",\"url\":\"https:\\\/\\\/mobilidee.ch\\\/en\\\/creation-and-management-of-services\\\/\",\"name\":\"Mobilid\u00e9e | Creation and management of services\",\"isPartOf\":{\"@id\":\"https:\\\/\\\/mobilidee.ch\\\/en\\\/#website\"},\"datePublished\":\"2022-12-08T09:56:58+00:00\",\"dateModified\":\"2025-10-14T12:23:25+00:00\",\"description\":\"Solving mobility-related problems sometimes requires the creation and implementation of specific services.\",\"breadcrumb\":{\"@id\":\"https:\\\/\\\/mobilidee.ch\\\/en\\\/creation-and-management-of-services\\\/#breadcrumb\"},\"inLanguage\":\"en-US\",\"potentialAction\":[{\"@type\":\"ReadAction\",\"target\":[\"https:\\\/\\\/mobilidee.ch\\\/en\\\/creation-and-management-of-services\\\/\"]}]},{\"@type\":\"BreadcrumbList\",\"@id\":\"https:\\\/\\\/mobilidee.ch\\\/en\\\/creation-and-management-of-services\\\/#breadcrumb\",\"itemListElement\":[{\"@type\":\"ListItem\",\"position\":1,\"name\":\"Accueil\",\"item\":\"https:\\\/\\\/mobilidee.ch\\\/en\\\/\"},{\"@type\":\"ListItem\",\"position\":2,\"name\":\"Creation ad management of services\"}]},{\"@type\":\"WebSite\",\"@id\":\"https:\\\/\\\/mobilidee.ch\\\/en\\\/#website\",\"url\":\"https:\\\/\\\/mobilidee.ch\\\/en\\\/\",\"name\":\"Mobilid\u00e9e\",\"description\":\"Nous am\u00e9liorons les exp\u00e9riences de mobilit\u00e9 au sein des entreprises, des collectivit\u00e9s, des quartiers et des territoires.\",\"potentialAction\":[{\"@type\":\"SearchAction\",\"target\":{\"@type\":\"EntryPoint\",\"urlTemplate\":\"https:\\\/\\\/mobilidee.ch\\\/en\\\/?s={search_term_string}\"},\"query-input\":{\"@type\":\"PropertyValueSpecification\",\"valueRequired\":true,\"valueName\":\"search_term_string\"}}],\"inLanguage\":\"en-US\"}]}<\/script>\n<!-- \/ Yoast SEO plugin. -->","yoast_head_json":{"title":"Mobilid\u00e9e | Creation and management of services","description":"Solving mobility-related problems sometimes requires the creation and implementation of specific services.","robots":{"index":"index","follow":"follow","max-snippet":"max-snippet:-1","max-image-preview":"max-image-preview:large","max-video-preview":"max-video-preview:-1"},"canonical":"https:\/\/mobilidee.ch\/en\/creation-and-management-of-services\/","og_locale":"en_US","og_type":"article","og_title":"Mobilid\u00e9e | Creation and management of services","og_description":"Solving mobility-related problems sometimes requires the creation and implementation of specific services.","og_url":"https:\/\/mobilidee.ch\/en\/creation-and-management-of-services\/","og_site_name":"Mobilid\u00e9e","article_modified_time":"2025-10-14T12:23:25+00:00","twitter_card":"summary_large_image","schema":{"@context":"https:\/\/schema.org","@graph":[{"@type":"WebPage","@id":"https:\/\/mobilidee.ch\/en\/creation-and-management-of-services\/","url":"https:\/\/mobilidee.ch\/en\/creation-and-management-of-services\/","name":"Mobilid\u00e9e | Creation and management of services","isPartOf":{"@id":"https:\/\/mobilidee.ch\/en\/#website"},"datePublished":"2022-12-08T09:56:58+00:00","dateModified":"2025-10-14T12:23:25+00:00","description":"Solving mobility-related problems sometimes requires the creation and implementation of specific services.","breadcrumb":{"@id":"https:\/\/mobilidee.ch\/en\/creation-and-management-of-services\/#breadcrumb"},"inLanguage":"en-US","potentialAction":[{"@type":"ReadAction","target":["https:\/\/mobilidee.ch\/en\/creation-and-management-of-services\/"]}]},{"@type":"BreadcrumbList","@id":"https:\/\/mobilidee.ch\/en\/creation-and-management-of-services\/#breadcrumb","itemListElement":[{"@type":"ListItem","position":1,"name":"Accueil","item":"https:\/\/mobilidee.ch\/en\/"},{"@type":"ListItem","position":2,"name":"Creation ad management of services"}]},{"@type":"WebSite","@id":"https:\/\/mobilidee.ch\/en\/#website","url":"https:\/\/mobilidee.ch\/en\/","name":"Mobilid\u00e9e","description":"Nous am\u00e9liorons les exp\u00e9riences de mobilit\u00e9 au sein des entreprises, des collectivit\u00e9s, des quartiers et des territoires.","potentialAction":[{"@type":"SearchAction","target":{"@type":"EntryPoint","urlTemplate":"https:\/\/mobilidee.ch\/en\/?s={search_term_string}"},"query-input":{"@type":"PropertyValueSpecification","valueRequired":true,"valueName":"search_term_string"}}],"inLanguage":"en-US"}]}},"_links":{"self":[{"href":"https:\/\/mobilidee.ch\/en\/wp-json\/wp\/v2\/pages\/37496","targetHints":{"allow":["GET"]}}],"collection":[{"href":"https:\/\/mobilidee.ch\/en\/wp-json\/wp\/v2\/pages"}],"about":[{"href":"https:\/\/mobilidee.ch\/en\/wp-json\/wp\/v2\/types\/page"}],"author":[{"embeddable":true,"href":"https:\/\/mobilidee.ch\/en\/wp-json\/wp\/v2\/users\/15"}],"replies":[{"embeddable":true,"href":"https:\/\/mobilidee.ch\/en\/wp-json\/wp\/v2\/comments?post=37496"}],"version-history":[{"count":6,"href":"https:\/\/mobilidee.ch\/en\/wp-json\/wp\/v2\/pages\/37496\/revisions"}],"predecessor-version":[{"id":38748,"href":"https:\/\/mobilidee.ch\/en\/wp-json\/wp\/v2\/pages\/37496\/revisions\/38748"}],"wp:attachment":[{"href":"https:\/\/mobilidee.ch\/en\/wp-json\/wp\/v2\/media?parent=37496"}],"curies":[{"name":"wp","href":"https:\/\/api.w.org\/{rel}","templated":true}]}}