{"id":37465,"date":"2022-12-06T10:41:58","date_gmt":"2022-12-06T09:41:58","guid":{"rendered":"https:\/\/mobilidee.ch\/who-are-we\/commitments\/"},"modified":"2025-04-02T17:01:26","modified_gmt":"2025-04-02T15:01:26","slug":"commitments","status":"publish","type":"page","link":"https:\/\/mobilidee.ch\/en\/who-are-we\/commitments\/","title":{"rendered":"Commitments"},"content":{"rendered":"","protected":false},"excerpt":{"rendered":"","protected":false},"author":15,"featured_media":37392,"parent":37456,"menu_order":0,"comment_status":"closed","ping_status":"closed","template":"template-qui-sommes-nous.php","meta":{"_acf_changed":false,"inline_featured_image":false,"footnotes":""},"class_list":["post-37465","page","type-page","status-publish","has-post-thumbnail","hentry"],"acf":[],"yoast_head":"<!-- This site is optimized with the Yoast SEO plugin v27.4 - https:\/\/yoast.com\/product\/yoast-seo-wordpress\/ -->\n<title>Mobilid\u00e9e | Our Commitments<\/title>\n<meta name=\"description\" content=\"Innovating and undertaking for the common good while having a positive impact on the environment is the foundation of our corporate culture.\" \/>\n<meta name=\"robots\" content=\"index, follow, max-snippet:-1, max-image-preview:large, max-video-preview:-1\" \/>\n<link rel=\"canonical\" href=\"https:\/\/mobilidee.ch\/en\/who-are-we\/commitments\/\" \/>\n<meta property=\"og:locale\" content=\"en_US\" \/>\n<meta property=\"og:type\" content=\"article\" \/>\n<meta property=\"og:title\" content=\"Mobilid\u00e9e | Our Commitments\" \/>\n<meta property=\"og:description\" content=\"Innovating and undertaking for the common good while having a positive impact on the environment is the foundation of our corporate culture.\" \/>\n<meta property=\"og:url\" content=\"https:\/\/mobilidee.ch\/en\/who-are-we\/commitments\/\" \/>\n<meta property=\"og:site_name\" content=\"Mobilid\u00e9e\" \/>\n<meta property=\"article:modified_time\" content=\"2025-04-02T15:01:26+00:00\" \/>\n<meta property=\"og:image\" content=\"https:\/\/mobilidee.ch\/wp-content\/uploads\/2023\/05\/header-qui-sommes-nous_degrade.jpg\" \/>\n\t<meta property=\"og:image:width\" content=\"1200\" \/>\n\t<meta property=\"og:image:height\" content=\"451\" \/>\n\t<meta property=\"og:image:type\" content=\"image\/jpeg\" \/>\n<meta name=\"twitter:card\" content=\"summary_large_image\" \/>\n<meta name=\"twitter:label1\" content=\"Est. reading time\" \/>\n\t<meta name=\"twitter:data1\" content=\"1 minute\" \/>\n<script type=\"application\/ld+json\" class=\"yoast-schema-graph\">{\"@context\":\"https:\\\/\\\/schema.org\",\"@graph\":[{\"@type\":\"WebPage\",\"@id\":\"https:\\\/\\\/mobilidee.ch\\\/en\\\/who-are-we\\\/commitments\\\/\",\"url\":\"https:\\\/\\\/mobilidee.ch\\\/en\\\/who-are-we\\\/commitments\\\/\",\"name\":\"Mobilid\u00e9e | Our Commitments\",\"isPartOf\":{\"@id\":\"https:\\\/\\\/mobilidee.ch\\\/en\\\/#website\"},\"primaryImageOfPage\":{\"@id\":\"https:\\\/\\\/mobilidee.ch\\\/en\\\/who-are-we\\\/commitments\\\/#primaryimage\"},\"image\":{\"@id\":\"https:\\\/\\\/mobilidee.ch\\\/en\\\/who-are-we\\\/commitments\\\/#primaryimage\"},\"thumbnailUrl\":\"https:\\\/\\\/mobilidee.ch\\\/wp-content\\\/uploads\\\/2023\\\/05\\\/header-qui-sommes-nous_degrade.jpg\",\"datePublished\":\"2022-12-06T09:41:58+00:00\",\"dateModified\":\"2025-04-02T15:01:26+00:00\",\"description\":\"Innovating and undertaking for the common good while having a positive impact on the environment is the foundation of our corporate culture.\",\"breadcrumb\":{\"@id\":\"https:\\\/\\\/mobilidee.ch\\\/en\\\/who-are-we\\\/commitments\\\/#breadcrumb\"},\"inLanguage\":\"en-US\",\"potentialAction\":[{\"@type\":\"ReadAction\",\"target\":[\"https:\\\/\\\/mobilidee.ch\\\/en\\\/who-are-we\\\/commitments\\\/\"]}]},{\"@type\":\"ImageObject\",\"inLanguage\":\"en-US\",\"@id\":\"https:\\\/\\\/mobilidee.ch\\\/en\\\/who-are-we\\\/commitments\\\/#primaryimage\",\"url\":\"https:\\\/\\\/mobilidee.ch\\\/wp-content\\\/uploads\\\/2023\\\/05\\\/header-qui-sommes-nous_degrade.jpg\",\"contentUrl\":\"https:\\\/\\\/mobilidee.ch\\\/wp-content\\\/uploads\\\/2023\\\/05\\\/header-qui-sommes-nous_degrade.jpg\",\"width\":1200,\"height\":451},{\"@type\":\"BreadcrumbList\",\"@id\":\"https:\\\/\\\/mobilidee.ch\\\/en\\\/who-are-we\\\/commitments\\\/#breadcrumb\",\"itemListElement\":[{\"@type\":\"ListItem\",\"position\":1,\"name\":\"Accueil\",\"item\":\"https:\\\/\\\/mobilidee.ch\\\/en\\\/\"},{\"@type\":\"ListItem\",\"position\":2,\"name\":\"Who are we?\",\"item\":\"https:\\\/\\\/mobilidee.ch\\\/en\\\/who-are-we\\\/\"},{\"@type\":\"ListItem\",\"position\":3,\"name\":\"Commitments\"}]},{\"@type\":\"WebSite\",\"@id\":\"https:\\\/\\\/mobilidee.ch\\\/en\\\/#website\",\"url\":\"https:\\\/\\\/mobilidee.ch\\\/en\\\/\",\"name\":\"Mobilid\u00e9e\",\"description\":\"Nous am\u00e9liorons les exp\u00e9riences de mobilit\u00e9 au sein des entreprises, des collectivit\u00e9s, des quartiers et des territoires.\",\"potentialAction\":[{\"@type\":\"SearchAction\",\"target\":{\"@type\":\"EntryPoint\",\"urlTemplate\":\"https:\\\/\\\/mobilidee.ch\\\/en\\\/?s={search_term_string}\"},\"query-input\":{\"@type\":\"PropertyValueSpecification\",\"valueRequired\":true,\"valueName\":\"search_term_string\"}}],\"inLanguage\":\"en-US\"}]}<\/script>\n<!-- \/ Yoast SEO plugin. -->","yoast_head_json":{"title":"Mobilid\u00e9e | Our Commitments","description":"Innovating and undertaking for the common good while having a positive impact on the environment is the foundation of our corporate culture.","robots":{"index":"index","follow":"follow","max-snippet":"max-snippet:-1","max-image-preview":"max-image-preview:large","max-video-preview":"max-video-preview:-1"},"canonical":"https:\/\/mobilidee.ch\/en\/who-are-we\/commitments\/","og_locale":"en_US","og_type":"article","og_title":"Mobilid\u00e9e | Our Commitments","og_description":"Innovating and undertaking for the common good while having a positive impact on the environment is the foundation of our corporate culture.","og_url":"https:\/\/mobilidee.ch\/en\/who-are-we\/commitments\/","og_site_name":"Mobilid\u00e9e","article_modified_time":"2025-04-02T15:01:26+00:00","og_image":[{"width":1200,"height":451,"url":"https:\/\/mobilidee.ch\/wp-content\/uploads\/2023\/05\/header-qui-sommes-nous_degrade.jpg","type":"image\/jpeg"}],"twitter_card":"summary_large_image","twitter_misc":{"Est. reading time":"1 minute"},"schema":{"@context":"https:\/\/schema.org","@graph":[{"@type":"WebPage","@id":"https:\/\/mobilidee.ch\/en\/who-are-we\/commitments\/","url":"https:\/\/mobilidee.ch\/en\/who-are-we\/commitments\/","name":"Mobilid\u00e9e | Our Commitments","isPartOf":{"@id":"https:\/\/mobilidee.ch\/en\/#website"},"primaryImageOfPage":{"@id":"https:\/\/mobilidee.ch\/en\/who-are-we\/commitments\/#primaryimage"},"image":{"@id":"https:\/\/mobilidee.ch\/en\/who-are-we\/commitments\/#primaryimage"},"thumbnailUrl":"https:\/\/mobilidee.ch\/wp-content\/uploads\/2023\/05\/header-qui-sommes-nous_degrade.jpg","datePublished":"2022-12-06T09:41:58+00:00","dateModified":"2025-04-02T15:01:26+00:00","description":"Innovating and undertaking for the common good while having a positive impact on the environment is the foundation of our corporate culture.","breadcrumb":{"@id":"https:\/\/mobilidee.ch\/en\/who-are-we\/commitments\/#breadcrumb"},"inLanguage":"en-US","potentialAction":[{"@type":"ReadAction","target":["https:\/\/mobilidee.ch\/en\/who-are-we\/commitments\/"]}]},{"@type":"ImageObject","inLanguage":"en-US","@id":"https:\/\/mobilidee.ch\/en\/who-are-we\/commitments\/#primaryimage","url":"https:\/\/mobilidee.ch\/wp-content\/uploads\/2023\/05\/header-qui-sommes-nous_degrade.jpg","contentUrl":"https:\/\/mobilidee.ch\/wp-content\/uploads\/2023\/05\/header-qui-sommes-nous_degrade.jpg","width":1200,"height":451},{"@type":"BreadcrumbList","@id":"https:\/\/mobilidee.ch\/en\/who-are-we\/commitments\/#breadcrumb","itemListElement":[{"@type":"ListItem","position":1,"name":"Accueil","item":"https:\/\/mobilidee.ch\/en\/"},{"@type":"ListItem","position":2,"name":"Who are we?","item":"https:\/\/mobilidee.ch\/en\/who-are-we\/"},{"@type":"ListItem","position":3,"name":"Commitments"}]},{"@type":"WebSite","@id":"https:\/\/mobilidee.ch\/en\/#website","url":"https:\/\/mobilidee.ch\/en\/","name":"Mobilid\u00e9e","description":"Nous am\u00e9liorons les exp\u00e9riences de mobilit\u00e9 au sein des entreprises, des collectivit\u00e9s, des quartiers et des territoires.","potentialAction":[{"@type":"SearchAction","target":{"@type":"EntryPoint","urlTemplate":"https:\/\/mobilidee.ch\/en\/?s={search_term_string}"},"query-input":{"@type":"PropertyValueSpecification","valueRequired":true,"valueName":"search_term_string"}}],"inLanguage":"en-US"}]}},"_links":{"self":[{"href":"https:\/\/mobilidee.ch\/en\/wp-json\/wp\/v2\/pages\/37465","targetHints":{"allow":["GET"]}}],"collection":[{"href":"https:\/\/mobilidee.ch\/en\/wp-json\/wp\/v2\/pages"}],"about":[{"href":"https:\/\/mobilidee.ch\/en\/wp-json\/wp\/v2\/types\/page"}],"author":[{"embeddable":true,"href":"https:\/\/mobilidee.ch\/en\/wp-json\/wp\/v2\/users\/15"}],"replies":[{"embeddable":true,"href":"https:\/\/mobilidee.ch\/en\/wp-json\/wp\/v2\/comments?post=37465"}],"version-history":[{"count":6,"href":"https:\/\/mobilidee.ch\/en\/wp-json\/wp\/v2\/pages\/37465\/revisions"}],"predecessor-version":[{"id":38575,"href":"https:\/\/mobilidee.ch\/en\/wp-json\/wp\/v2\/pages\/37465\/revisions\/38575"}],"up":[{"embeddable":true,"href":"https:\/\/mobilidee.ch\/en\/wp-json\/wp\/v2\/pages\/37456"}],"wp:featuredmedia":[{"embeddable":true,"href":"https:\/\/mobilidee.ch\/en\/wp-json\/wp\/v2\/media\/37392"}],"wp:attachment":[{"href":"https:\/\/mobilidee.ch\/en\/wp-json\/wp\/v2\/media?parent=37465"}],"curies":[{"name":"wp","href":"https:\/\/api.w.org\/{rel}","templated":true}]}}