{"id":37463,"date":"2022-12-07T16:19:53","date_gmt":"2022-12-07T15:19:53","guid":{"rendered":"https:\/\/mobilidee.ch\/who-are-we\/presentation\/"},"modified":"2023-09-12T16:47:56","modified_gmt":"2023-09-12T14:47:56","slug":"presentation","status":"publish","type":"page","link":"https:\/\/mobilidee.ch\/en\/who-are-we\/presentation\/","title":{"rendered":"Presentation"},"content":{"rendered":"","protected":false},"excerpt":{"rendered":"","protected":false},"author":17,"featured_media":37392,"parent":37456,"menu_order":0,"comment_status":"closed","ping_status":"closed","template":"template-qui-sommes-nous.php","meta":{"_acf_changed":false,"inline_featured_image":false,"footnotes":""},"class_list":["post-37463","page","type-page","status-publish","has-post-thumbnail","hentry"],"acf":[],"yoast_head":"<!-- This site is optimized with the Yoast SEO plugin v27.4 - https:\/\/yoast.com\/product\/yoast-seo-wordpress\/ -->\n<title>Mobilid\u00e9e | Presentation<\/title>\n<meta name=\"description\" content=\"Mobilid\u00e9e&#039;s mission is to improve corporate mobility and common well-being through innovative turnkey solutions.\" \/>\n<meta name=\"robots\" content=\"index, follow, max-snippet:-1, max-image-preview:large, max-video-preview:-1\" \/>\n<link rel=\"canonical\" href=\"https:\/\/mobilidee.ch\/en\/who-are-we\/presentation\/\" \/>\n<meta property=\"og:locale\" content=\"en_US\" \/>\n<meta property=\"og:type\" content=\"article\" \/>\n<meta property=\"og:title\" content=\"Mobilid\u00e9e | Presentation\" \/>\n<meta property=\"og:description\" content=\"Mobilid\u00e9e&#039;s mission is to improve corporate mobility and common well-being through innovative turnkey solutions.\" \/>\n<meta property=\"og:url\" content=\"https:\/\/mobilidee.ch\/en\/who-are-we\/presentation\/\" \/>\n<meta property=\"og:site_name\" content=\"Mobilid\u00e9e\" \/>\n<meta property=\"article:modified_time\" content=\"2023-09-12T14:47:56+00:00\" \/>\n<meta property=\"og:image\" content=\"https:\/\/mobilidee.ch\/wp-content\/uploads\/2023\/05\/header-qui-sommes-nous_degrade.jpg\" \/>\n\t<meta property=\"og:image:width\" content=\"1200\" \/>\n\t<meta property=\"og:image:height\" content=\"451\" \/>\n\t<meta property=\"og:image:type\" content=\"image\/jpeg\" \/>\n<meta name=\"twitter:card\" content=\"summary_large_image\" \/>\n<script type=\"application\/ld+json\" class=\"yoast-schema-graph\">{\"@context\":\"https:\\\/\\\/schema.org\",\"@graph\":[{\"@type\":\"WebPage\",\"@id\":\"https:\\\/\\\/mobilidee.ch\\\/en\\\/who-are-we\\\/presentation\\\/\",\"url\":\"https:\\\/\\\/mobilidee.ch\\\/en\\\/who-are-we\\\/presentation\\\/\",\"name\":\"Mobilid\u00e9e | Presentation\",\"isPartOf\":{\"@id\":\"https:\\\/\\\/mobilidee.ch\\\/en\\\/#website\"},\"primaryImageOfPage\":{\"@id\":\"https:\\\/\\\/mobilidee.ch\\\/en\\\/who-are-we\\\/presentation\\\/#primaryimage\"},\"image\":{\"@id\":\"https:\\\/\\\/mobilidee.ch\\\/en\\\/who-are-we\\\/presentation\\\/#primaryimage\"},\"thumbnailUrl\":\"https:\\\/\\\/mobilidee.ch\\\/wp-content\\\/uploads\\\/2023\\\/05\\\/header-qui-sommes-nous_degrade.jpg\",\"datePublished\":\"2022-12-07T15:19:53+00:00\",\"dateModified\":\"2023-09-12T14:47:56+00:00\",\"description\":\"Mobilid\u00e9e's mission is to improve corporate mobility and common well-being through innovative turnkey solutions.\",\"breadcrumb\":{\"@id\":\"https:\\\/\\\/mobilidee.ch\\\/en\\\/who-are-we\\\/presentation\\\/#breadcrumb\"},\"inLanguage\":\"en-US\",\"potentialAction\":[{\"@type\":\"ReadAction\",\"target\":[\"https:\\\/\\\/mobilidee.ch\\\/en\\\/who-are-we\\\/presentation\\\/\"]}]},{\"@type\":\"ImageObject\",\"inLanguage\":\"en-US\",\"@id\":\"https:\\\/\\\/mobilidee.ch\\\/en\\\/who-are-we\\\/presentation\\\/#primaryimage\",\"url\":\"https:\\\/\\\/mobilidee.ch\\\/wp-content\\\/uploads\\\/2023\\\/05\\\/header-qui-sommes-nous_degrade.jpg\",\"contentUrl\":\"https:\\\/\\\/mobilidee.ch\\\/wp-content\\\/uploads\\\/2023\\\/05\\\/header-qui-sommes-nous_degrade.jpg\",\"width\":1200,\"height\":451},{\"@type\":\"BreadcrumbList\",\"@id\":\"https:\\\/\\\/mobilidee.ch\\\/en\\\/who-are-we\\\/presentation\\\/#breadcrumb\",\"itemListElement\":[{\"@type\":\"ListItem\",\"position\":1,\"name\":\"Accueil\",\"item\":\"https:\\\/\\\/mobilidee.ch\\\/en\\\/\"},{\"@type\":\"ListItem\",\"position\":2,\"name\":\"Who are we?\",\"item\":\"https:\\\/\\\/mobilidee.ch\\\/en\\\/who-are-we\\\/\"},{\"@type\":\"ListItem\",\"position\":3,\"name\":\"Presentation\"}]},{\"@type\":\"WebSite\",\"@id\":\"https:\\\/\\\/mobilidee.ch\\\/en\\\/#website\",\"url\":\"https:\\\/\\\/mobilidee.ch\\\/en\\\/\",\"name\":\"Mobilid\u00e9e\",\"description\":\"Nous am\u00e9liorons les exp\u00e9riences de mobilit\u00e9 au sein des entreprises, des collectivit\u00e9s, des quartiers et des territoires.\",\"potentialAction\":[{\"@type\":\"SearchAction\",\"target\":{\"@type\":\"EntryPoint\",\"urlTemplate\":\"https:\\\/\\\/mobilidee.ch\\\/en\\\/?s={search_term_string}\"},\"query-input\":{\"@type\":\"PropertyValueSpecification\",\"valueRequired\":true,\"valueName\":\"search_term_string\"}}],\"inLanguage\":\"en-US\"}]}<\/script>\n<!-- \/ Yoast SEO plugin. -->","yoast_head_json":{"title":"Mobilid\u00e9e | Presentation","description":"Mobilid\u00e9e's mission is to improve corporate mobility and common well-being through innovative turnkey solutions.","robots":{"index":"index","follow":"follow","max-snippet":"max-snippet:-1","max-image-preview":"max-image-preview:large","max-video-preview":"max-video-preview:-1"},"canonical":"https:\/\/mobilidee.ch\/en\/who-are-we\/presentation\/","og_locale":"en_US","og_type":"article","og_title":"Mobilid\u00e9e | Presentation","og_description":"Mobilid\u00e9e's mission is to improve corporate mobility and common well-being through innovative turnkey solutions.","og_url":"https:\/\/mobilidee.ch\/en\/who-are-we\/presentation\/","og_site_name":"Mobilid\u00e9e","article_modified_time":"2023-09-12T14:47:56+00:00","og_image":[{"width":1200,"height":451,"url":"https:\/\/mobilidee.ch\/wp-content\/uploads\/2023\/05\/header-qui-sommes-nous_degrade.jpg","type":"image\/jpeg"}],"twitter_card":"summary_large_image","schema":{"@context":"https:\/\/schema.org","@graph":[{"@type":"WebPage","@id":"https:\/\/mobilidee.ch\/en\/who-are-we\/presentation\/","url":"https:\/\/mobilidee.ch\/en\/who-are-we\/presentation\/","name":"Mobilid\u00e9e | Presentation","isPartOf":{"@id":"https:\/\/mobilidee.ch\/en\/#website"},"primaryImageOfPage":{"@id":"https:\/\/mobilidee.ch\/en\/who-are-we\/presentation\/#primaryimage"},"image":{"@id":"https:\/\/mobilidee.ch\/en\/who-are-we\/presentation\/#primaryimage"},"thumbnailUrl":"https:\/\/mobilidee.ch\/wp-content\/uploads\/2023\/05\/header-qui-sommes-nous_degrade.jpg","datePublished":"2022-12-07T15:19:53+00:00","dateModified":"2023-09-12T14:47:56+00:00","description":"Mobilid\u00e9e's mission is to improve corporate mobility and common well-being through innovative turnkey solutions.","breadcrumb":{"@id":"https:\/\/mobilidee.ch\/en\/who-are-we\/presentation\/#breadcrumb"},"inLanguage":"en-US","potentialAction":[{"@type":"ReadAction","target":["https:\/\/mobilidee.ch\/en\/who-are-we\/presentation\/"]}]},{"@type":"ImageObject","inLanguage":"en-US","@id":"https:\/\/mobilidee.ch\/en\/who-are-we\/presentation\/#primaryimage","url":"https:\/\/mobilidee.ch\/wp-content\/uploads\/2023\/05\/header-qui-sommes-nous_degrade.jpg","contentUrl":"https:\/\/mobilidee.ch\/wp-content\/uploads\/2023\/05\/header-qui-sommes-nous_degrade.jpg","width":1200,"height":451},{"@type":"BreadcrumbList","@id":"https:\/\/mobilidee.ch\/en\/who-are-we\/presentation\/#breadcrumb","itemListElement":[{"@type":"ListItem","position":1,"name":"Accueil","item":"https:\/\/mobilidee.ch\/en\/"},{"@type":"ListItem","position":2,"name":"Who are we?","item":"https:\/\/mobilidee.ch\/en\/who-are-we\/"},{"@type":"ListItem","position":3,"name":"Presentation"}]},{"@type":"WebSite","@id":"https:\/\/mobilidee.ch\/en\/#website","url":"https:\/\/mobilidee.ch\/en\/","name":"Mobilid\u00e9e","description":"Nous am\u00e9liorons les exp\u00e9riences de mobilit\u00e9 au sein des entreprises, des collectivit\u00e9s, des quartiers et des territoires.","potentialAction":[{"@type":"SearchAction","target":{"@type":"EntryPoint","urlTemplate":"https:\/\/mobilidee.ch\/en\/?s={search_term_string}"},"query-input":{"@type":"PropertyValueSpecification","valueRequired":true,"valueName":"search_term_string"}}],"inLanguage":"en-US"}]}},"_links":{"self":[{"href":"https:\/\/mobilidee.ch\/en\/wp-json\/wp\/v2\/pages\/37463","targetHints":{"allow":["GET"]}}],"collection":[{"href":"https:\/\/mobilidee.ch\/en\/wp-json\/wp\/v2\/pages"}],"about":[{"href":"https:\/\/mobilidee.ch\/en\/wp-json\/wp\/v2\/types\/page"}],"author":[{"embeddable":true,"href":"https:\/\/mobilidee.ch\/en\/wp-json\/wp\/v2\/users\/17"}],"replies":[{"embeddable":true,"href":"https:\/\/mobilidee.ch\/en\/wp-json\/wp\/v2\/comments?post=37463"}],"version-history":[{"count":5,"href":"https:\/\/mobilidee.ch\/en\/wp-json\/wp\/v2\/pages\/37463\/revisions"}],"predecessor-version":[{"id":38233,"href":"https:\/\/mobilidee.ch\/en\/wp-json\/wp\/v2\/pages\/37463\/revisions\/38233"}],"up":[{"embeddable":true,"href":"https:\/\/mobilidee.ch\/en\/wp-json\/wp\/v2\/pages\/37456"}],"wp:featuredmedia":[{"embeddable":true,"href":"https:\/\/mobilidee.ch\/en\/wp-json\/wp\/v2\/media\/37392"}],"wp:attachment":[{"href":"https:\/\/mobilidee.ch\/en\/wp-json\/wp\/v2\/media?parent=37463"}],"curies":[{"name":"wp","href":"https:\/\/api.w.org\/{rel}","templated":true}]}}