{"id":37444,"date":"2022-12-02T16:58:47","date_gmt":"2022-12-02T15:58:47","guid":{"rendered":"https:\/\/mobilidee.ch\/training\/"},"modified":"2025-02-02T19:17:47","modified_gmt":"2025-02-02T18:17:47","slug":"training","status":"publish","type":"page","link":"https:\/\/mobilidee.ch\/en\/training\/","title":{"rendered":"Training"},"content":{"rendered":"","protected":false},"excerpt":{"rendered":"","protected":false},"author":15,"featured_media":0,"parent":0,"menu_order":0,"comment_status":"closed","ping_status":"closed","template":"","meta":{"_acf_changed":false,"inline_featured_image":false,"footnotes":""},"class_list":["post-37444","page","type-page","status-publish","hentry"],"acf":[],"yoast_head":"<!-- This site is optimized with the Yoast SEO plugin v27.4 - https:\/\/yoast.com\/product\/yoast-seo-wordpress\/ -->\n<title>Mobilid\u00e9e | Training<\/title>\n<meta name=\"description\" content=\"mobilid\u00e9e&#039;s specialists work with companies, local authorities and also with specialised training centres.\" \/>\n<meta name=\"robots\" content=\"index, follow, max-snippet:-1, max-image-preview:large, max-video-preview:-1\" \/>\n<link rel=\"canonical\" href=\"https:\/\/mobilidee.ch\/en\/training\/\" \/>\n<meta property=\"og:locale\" content=\"en_US\" \/>\n<meta property=\"og:type\" content=\"article\" \/>\n<meta property=\"og:title\" content=\"Mobilid\u00e9e | Training\" \/>\n<meta property=\"og:description\" content=\"mobilid\u00e9e&#039;s specialists work with companies, local authorities and also with specialised training centres.\" \/>\n<meta property=\"og:url\" content=\"https:\/\/mobilidee.ch\/en\/training\/\" \/>\n<meta property=\"og:site_name\" content=\"Mobilid\u00e9e\" \/>\n<meta property=\"article:modified_time\" content=\"2025-02-02T18:17:47+00:00\" \/>\n<meta name=\"twitter:card\" content=\"summary_large_image\" \/>\n<script type=\"application\/ld+json\" class=\"yoast-schema-graph\">{\"@context\":\"https:\\\/\\\/schema.org\",\"@graph\":[{\"@type\":\"WebPage\",\"@id\":\"https:\\\/\\\/mobilidee.ch\\\/en\\\/training\\\/\",\"url\":\"https:\\\/\\\/mobilidee.ch\\\/en\\\/training\\\/\",\"name\":\"Mobilid\u00e9e | Training\",\"isPartOf\":{\"@id\":\"https:\\\/\\\/mobilidee.ch\\\/en\\\/#website\"},\"datePublished\":\"2022-12-02T15:58:47+00:00\",\"dateModified\":\"2025-02-02T18:17:47+00:00\",\"description\":\"mobilid\u00e9e's specialists work with companies, local authorities and also with specialised training centres.\",\"breadcrumb\":{\"@id\":\"https:\\\/\\\/mobilidee.ch\\\/en\\\/training\\\/#breadcrumb\"},\"inLanguage\":\"en-US\",\"potentialAction\":[{\"@type\":\"ReadAction\",\"target\":[\"https:\\\/\\\/mobilidee.ch\\\/en\\\/training\\\/\"]}]},{\"@type\":\"BreadcrumbList\",\"@id\":\"https:\\\/\\\/mobilidee.ch\\\/en\\\/training\\\/#breadcrumb\",\"itemListElement\":[{\"@type\":\"ListItem\",\"position\":1,\"name\":\"Accueil\",\"item\":\"https:\\\/\\\/mobilidee.ch\\\/en\\\/\"},{\"@type\":\"ListItem\",\"position\":2,\"name\":\"Training\"}]},{\"@type\":\"WebSite\",\"@id\":\"https:\\\/\\\/mobilidee.ch\\\/en\\\/#website\",\"url\":\"https:\\\/\\\/mobilidee.ch\\\/en\\\/\",\"name\":\"Mobilid\u00e9e\",\"description\":\"Nous am\u00e9liorons les exp\u00e9riences de mobilit\u00e9 au sein des entreprises, des collectivit\u00e9s, des quartiers et des territoires.\",\"potentialAction\":[{\"@type\":\"SearchAction\",\"target\":{\"@type\":\"EntryPoint\",\"urlTemplate\":\"https:\\\/\\\/mobilidee.ch\\\/en\\\/?s={search_term_string}\"},\"query-input\":{\"@type\":\"PropertyValueSpecification\",\"valueRequired\":true,\"valueName\":\"search_term_string\"}}],\"inLanguage\":\"en-US\"}]}<\/script>\n<!-- \/ Yoast SEO plugin. -->","yoast_head_json":{"title":"Mobilid\u00e9e | Training","description":"mobilid\u00e9e's specialists work with companies, local authorities and also with specialised training centres.","robots":{"index":"index","follow":"follow","max-snippet":"max-snippet:-1","max-image-preview":"max-image-preview:large","max-video-preview":"max-video-preview:-1"},"canonical":"https:\/\/mobilidee.ch\/en\/training\/","og_locale":"en_US","og_type":"article","og_title":"Mobilid\u00e9e | Training","og_description":"mobilid\u00e9e's specialists work with companies, local authorities and also with specialised training centres.","og_url":"https:\/\/mobilidee.ch\/en\/training\/","og_site_name":"Mobilid\u00e9e","article_modified_time":"2025-02-02T18:17:47+00:00","twitter_card":"summary_large_image","schema":{"@context":"https:\/\/schema.org","@graph":[{"@type":"WebPage","@id":"https:\/\/mobilidee.ch\/en\/training\/","url":"https:\/\/mobilidee.ch\/en\/training\/","name":"Mobilid\u00e9e | Training","isPartOf":{"@id":"https:\/\/mobilidee.ch\/en\/#website"},"datePublished":"2022-12-02T15:58:47+00:00","dateModified":"2025-02-02T18:17:47+00:00","description":"mobilid\u00e9e's specialists work with companies, local authorities and also with specialised training centres.","breadcrumb":{"@id":"https:\/\/mobilidee.ch\/en\/training\/#breadcrumb"},"inLanguage":"en-US","potentialAction":[{"@type":"ReadAction","target":["https:\/\/mobilidee.ch\/en\/training\/"]}]},{"@type":"BreadcrumbList","@id":"https:\/\/mobilidee.ch\/en\/training\/#breadcrumb","itemListElement":[{"@type":"ListItem","position":1,"name":"Accueil","item":"https:\/\/mobilidee.ch\/en\/"},{"@type":"ListItem","position":2,"name":"Training"}]},{"@type":"WebSite","@id":"https:\/\/mobilidee.ch\/en\/#website","url":"https:\/\/mobilidee.ch\/en\/","name":"Mobilid\u00e9e","description":"Nous am\u00e9liorons les exp\u00e9riences de mobilit\u00e9 au sein des entreprises, des collectivit\u00e9s, des quartiers et des territoires.","potentialAction":[{"@type":"SearchAction","target":{"@type":"EntryPoint","urlTemplate":"https:\/\/mobilidee.ch\/en\/?s={search_term_string}"},"query-input":{"@type":"PropertyValueSpecification","valueRequired":true,"valueName":"search_term_string"}}],"inLanguage":"en-US"}]}},"_links":{"self":[{"href":"https:\/\/mobilidee.ch\/en\/wp-json\/wp\/v2\/pages\/37444","targetHints":{"allow":["GET"]}}],"collection":[{"href":"https:\/\/mobilidee.ch\/en\/wp-json\/wp\/v2\/pages"}],"about":[{"href":"https:\/\/mobilidee.ch\/en\/wp-json\/wp\/v2\/types\/page"}],"author":[{"embeddable":true,"href":"https:\/\/mobilidee.ch\/en\/wp-json\/wp\/v2\/users\/15"}],"replies":[{"embeddable":true,"href":"https:\/\/mobilidee.ch\/en\/wp-json\/wp\/v2\/comments?post=37444"}],"version-history":[{"count":5,"href":"https:\/\/mobilidee.ch\/en\/wp-json\/wp\/v2\/pages\/37444\/revisions"}],"predecessor-version":[{"id":38545,"href":"https:\/\/mobilidee.ch\/en\/wp-json\/wp\/v2\/pages\/37444\/revisions\/38545"}],"wp:attachment":[{"href":"https:\/\/mobilidee.ch\/en\/wp-json\/wp\/v2\/media?parent=37444"}],"curies":[{"name":"wp","href":"https:\/\/api.w.org\/{rel}","templated":true}]}}