{"id":37321,"date":"2022-12-20T17:22:30","date_gmt":"2022-12-20T16:22:30","guid":{"rendered":"https:\/\/mobilidee.ch\/contact-us\/"},"modified":"2025-03-04T11:14:58","modified_gmt":"2025-03-04T10:14:58","slug":"contact-us","status":"publish","type":"page","link":"https:\/\/mobilidee.ch\/en\/contact-us\/","title":{"rendered":"Contact us!"},"content":{"rendered":"<h2>Contact<\/h2>\n<p>Together with your company or community, let&#8217;s turn your mobility into a virtuous experience.<\/p>\n","protected":false},"excerpt":{"rendered":"<p>Contact Together with your company or community, let&#8217;s turn your mobility into a virtuous experience.<\/p>\n","protected":false},"author":15,"featured_media":0,"parent":0,"menu_order":0,"comment_status":"closed","ping_status":"closed","template":"page-contact.php","meta":{"_acf_changed":false,"inline_featured_image":false,"footnotes":""},"class_list":["post-37321","page","type-page","status-publish","hentry"],"acf":[],"yoast_head":"<!-- This site is optimized with the Yoast SEO plugin v27.3 - https:\/\/yoast.com\/product\/yoast-seo-wordpress\/ -->\n<title>Mobilid\u00e9e | Contact us!<\/title>\n<meta name=\"description\" content=\"Our team of specialists is at your disposal to find the right solutions for your mobility management project.\" \/>\n<meta name=\"robots\" content=\"index, follow, max-snippet:-1, max-image-preview:large, max-video-preview:-1\" \/>\n<link rel=\"canonical\" href=\"https:\/\/mobilidee.ch\/en\/contact-us\/\" \/>\n<meta property=\"og:locale\" content=\"en_US\" \/>\n<meta property=\"og:type\" content=\"article\" \/>\n<meta property=\"og:title\" content=\"Mobilid\u00e9e | Contact us!\" \/>\n<meta property=\"og:description\" content=\"Our team of specialists is at your disposal to find the right solutions for your mobility management project.\" \/>\n<meta property=\"og:url\" content=\"https:\/\/mobilidee.ch\/en\/contact-us\/\" \/>\n<meta property=\"og:site_name\" content=\"Mobilid\u00e9e\" \/>\n<meta property=\"article:modified_time\" content=\"2025-03-04T10:14:58+00:00\" \/>\n<meta name=\"twitter:card\" content=\"summary_large_image\" \/>\n<meta name=\"twitter:label1\" content=\"Est. reading time\" \/>\n\t<meta name=\"twitter:data1\" content=\"1 minute\" \/>\n<script type=\"application\/ld+json\" class=\"yoast-schema-graph\">{\"@context\":\"https:\\\/\\\/schema.org\",\"@graph\":[{\"@type\":\"WebPage\",\"@id\":\"https:\\\/\\\/mobilidee.ch\\\/en\\\/contact-us\\\/\",\"url\":\"https:\\\/\\\/mobilidee.ch\\\/en\\\/contact-us\\\/\",\"name\":\"Mobilid\u00e9e | Contact us!\",\"isPartOf\":{\"@id\":\"https:\\\/\\\/mobilidee.ch\\\/en\\\/#website\"},\"datePublished\":\"2022-12-20T16:22:30+00:00\",\"dateModified\":\"2025-03-04T10:14:58+00:00\",\"description\":\"Our team of specialists is at your disposal to find the right solutions for your mobility management project.\",\"breadcrumb\":{\"@id\":\"https:\\\/\\\/mobilidee.ch\\\/en\\\/contact-us\\\/#breadcrumb\"},\"inLanguage\":\"en-US\",\"potentialAction\":[{\"@type\":\"ReadAction\",\"target\":[\"https:\\\/\\\/mobilidee.ch\\\/en\\\/contact-us\\\/\"]}]},{\"@type\":\"BreadcrumbList\",\"@id\":\"https:\\\/\\\/mobilidee.ch\\\/en\\\/contact-us\\\/#breadcrumb\",\"itemListElement\":[{\"@type\":\"ListItem\",\"position\":1,\"name\":\"Accueil\",\"item\":\"https:\\\/\\\/mobilidee.ch\\\/en\\\/\"},{\"@type\":\"ListItem\",\"position\":2,\"name\":\"Contact us!\"}]},{\"@type\":\"WebSite\",\"@id\":\"https:\\\/\\\/mobilidee.ch\\\/en\\\/#website\",\"url\":\"https:\\\/\\\/mobilidee.ch\\\/en\\\/\",\"name\":\"Mobilid\u00e9e\",\"description\":\"Nous am\u00e9liorons les exp\u00e9riences de mobilit\u00e9 au sein des entreprises, des collectivit\u00e9s, des quartiers et des territoires.\",\"potentialAction\":[{\"@type\":\"SearchAction\",\"target\":{\"@type\":\"EntryPoint\",\"urlTemplate\":\"https:\\\/\\\/mobilidee.ch\\\/en\\\/?s={search_term_string}\"},\"query-input\":{\"@type\":\"PropertyValueSpecification\",\"valueRequired\":true,\"valueName\":\"search_term_string\"}}],\"inLanguage\":\"en-US\"}]}<\/script>\n<!-- \/ Yoast SEO plugin. -->","yoast_head_json":{"title":"Mobilid\u00e9e | Contact us!","description":"Our team of specialists is at your disposal to find the right solutions for your mobility management project.","robots":{"index":"index","follow":"follow","max-snippet":"max-snippet:-1","max-image-preview":"max-image-preview:large","max-video-preview":"max-video-preview:-1"},"canonical":"https:\/\/mobilidee.ch\/en\/contact-us\/","og_locale":"en_US","og_type":"article","og_title":"Mobilid\u00e9e | Contact us!","og_description":"Our team of specialists is at your disposal to find the right solutions for your mobility management project.","og_url":"https:\/\/mobilidee.ch\/en\/contact-us\/","og_site_name":"Mobilid\u00e9e","article_modified_time":"2025-03-04T10:14:58+00:00","twitter_card":"summary_large_image","twitter_misc":{"Est. reading time":"1 minute"},"schema":{"@context":"https:\/\/schema.org","@graph":[{"@type":"WebPage","@id":"https:\/\/mobilidee.ch\/en\/contact-us\/","url":"https:\/\/mobilidee.ch\/en\/contact-us\/","name":"Mobilid\u00e9e | Contact us!","isPartOf":{"@id":"https:\/\/mobilidee.ch\/en\/#website"},"datePublished":"2022-12-20T16:22:30+00:00","dateModified":"2025-03-04T10:14:58+00:00","description":"Our team of specialists is at your disposal to find the right solutions for your mobility management project.","breadcrumb":{"@id":"https:\/\/mobilidee.ch\/en\/contact-us\/#breadcrumb"},"inLanguage":"en-US","potentialAction":[{"@type":"ReadAction","target":["https:\/\/mobilidee.ch\/en\/contact-us\/"]}]},{"@type":"BreadcrumbList","@id":"https:\/\/mobilidee.ch\/en\/contact-us\/#breadcrumb","itemListElement":[{"@type":"ListItem","position":1,"name":"Accueil","item":"https:\/\/mobilidee.ch\/en\/"},{"@type":"ListItem","position":2,"name":"Contact us!"}]},{"@type":"WebSite","@id":"https:\/\/mobilidee.ch\/en\/#website","url":"https:\/\/mobilidee.ch\/en\/","name":"Mobilid\u00e9e","description":"Nous am\u00e9liorons les exp\u00e9riences de mobilit\u00e9 au sein des entreprises, des collectivit\u00e9s, des quartiers et des territoires.","potentialAction":[{"@type":"SearchAction","target":{"@type":"EntryPoint","urlTemplate":"https:\/\/mobilidee.ch\/en\/?s={search_term_string}"},"query-input":{"@type":"PropertyValueSpecification","valueRequired":true,"valueName":"search_term_string"}}],"inLanguage":"en-US"}]}},"_links":{"self":[{"href":"https:\/\/mobilidee.ch\/en\/wp-json\/wp\/v2\/pages\/37321","targetHints":{"allow":["GET"]}}],"collection":[{"href":"https:\/\/mobilidee.ch\/en\/wp-json\/wp\/v2\/pages"}],"about":[{"href":"https:\/\/mobilidee.ch\/en\/wp-json\/wp\/v2\/types\/page"}],"author":[{"embeddable":true,"href":"https:\/\/mobilidee.ch\/en\/wp-json\/wp\/v2\/users\/15"}],"replies":[{"embeddable":true,"href":"https:\/\/mobilidee.ch\/en\/wp-json\/wp\/v2\/comments?post=37321"}],"version-history":[{"count":5,"href":"https:\/\/mobilidee.ch\/en\/wp-json\/wp\/v2\/pages\/37321\/revisions"}],"predecessor-version":[{"id":38563,"href":"https:\/\/mobilidee.ch\/en\/wp-json\/wp\/v2\/pages\/37321\/revisions\/38563"}],"wp:attachment":[{"href":"https:\/\/mobilidee.ch\/en\/wp-json\/wp\/v2\/media?parent=37321"}],"curies":[{"name":"wp","href":"https:\/\/api.w.org\/{rel}","templated":true}]}}