{"id":35915,"date":"2022-12-28T17:17:40","date_gmt":"2022-12-28T16:17:40","guid":{"rendered":"https:\/\/mobilidee.ch\/fairmove\/"},"modified":"2026-01-22T14:54:04","modified_gmt":"2026-01-22T13:54:04","slug":"fairmove","status":"publish","type":"page","link":"https:\/\/mobilidee.ch\/en\/fairmove\/","title":{"rendered":"Fairmove"},"content":{"rendered":"<h3>The online solution for all your mobility needs<\/h3>\n","protected":false},"excerpt":{"rendered":"<p>The online solution for all your mobility needs<\/p>\n","protected":false},"author":15,"featured_media":35916,"parent":0,"menu_order":0,"comment_status":"closed","ping_status":"closed","template":"page-fairmove-page.php","meta":{"_acf_changed":false,"inline_featured_image":false,"footnotes":""},"class_list":["post-35915","page","type-page","status-publish","has-post-thumbnail","hentry"],"acf":[],"yoast_head":"<!-- This site is optimized with the Yoast SEO plugin v27.4 - https:\/\/yoast.com\/product\/yoast-seo-wordpress\/ -->\n<title>Mobilid\u00e9e | fairmove - The smart app that organises your mobility<\/title>\n<meta name=\"description\" content=\"Intelligent and efficient, fairmove makes it easy to manage your company&#039;s parking, carpooling, transportation and assets.\" \/>\n<meta name=\"robots\" content=\"index, follow, max-snippet:-1, max-image-preview:large, max-video-preview:-1\" \/>\n<link rel=\"canonical\" href=\"https:\/\/mobilidee.ch\/en\/fairmove\/\" \/>\n<meta property=\"og:locale\" content=\"en_US\" \/>\n<meta property=\"og:type\" content=\"article\" \/>\n<meta property=\"og:title\" content=\"Mobilid\u00e9e | fairmove - The smart app that organises your mobility\" \/>\n<meta property=\"og:description\" content=\"Intelligent and efficient, fairmove makes it easy to manage your company&#039;s parking, carpooling, transportation and assets.\" \/>\n<meta property=\"og:url\" content=\"https:\/\/mobilidee.ch\/en\/fairmove\/\" \/>\n<meta property=\"og:site_name\" content=\"Mobilid\u00e9e\" \/>\n<meta property=\"article:modified_time\" content=\"2026-01-22T13:54:04+00:00\" \/>\n<meta property=\"og:image\" content=\"https:\/\/mobilidee.ch\/wp-content\/uploads\/2023\/04\/dashboard_fr@2x.png\" \/>\n\t<meta property=\"og:image:width\" content=\"744\" \/>\n\t<meta property=\"og:image:height\" content=\"1330\" \/>\n\t<meta property=\"og:image:type\" content=\"image\/png\" \/>\n<meta name=\"twitter:card\" content=\"summary_large_image\" \/>\n<meta name=\"twitter:label1\" content=\"Est. reading time\" \/>\n\t<meta name=\"twitter:data1\" content=\"1 minute\" \/>\n<script type=\"application\/ld+json\" class=\"yoast-schema-graph\">{\"@context\":\"https:\\\/\\\/schema.org\",\"@graph\":[{\"@type\":\"WebPage\",\"@id\":\"https:\\\/\\\/mobilidee.ch\\\/en\\\/fairmove\\\/\",\"url\":\"https:\\\/\\\/mobilidee.ch\\\/en\\\/fairmove\\\/\",\"name\":\"Mobilid\u00e9e | fairmove - The smart app that organises your mobility\",\"isPartOf\":{\"@id\":\"https:\\\/\\\/mobilidee.ch\\\/en\\\/#website\"},\"primaryImageOfPage\":{\"@id\":\"https:\\\/\\\/mobilidee.ch\\\/en\\\/fairmove\\\/#primaryimage\"},\"image\":{\"@id\":\"https:\\\/\\\/mobilidee.ch\\\/en\\\/fairmove\\\/#primaryimage\"},\"thumbnailUrl\":\"https:\\\/\\\/mobilidee.ch\\\/wp-content\\\/uploads\\\/2023\\\/04\\\/dashboard_fr@2x.png\",\"datePublished\":\"2022-12-28T16:17:40+00:00\",\"dateModified\":\"2026-01-22T13:54:04+00:00\",\"description\":\"Intelligent and efficient, fairmove makes it easy to manage your company's parking, carpooling, transportation and assets.\",\"breadcrumb\":{\"@id\":\"https:\\\/\\\/mobilidee.ch\\\/en\\\/fairmove\\\/#breadcrumb\"},\"inLanguage\":\"en-US\",\"potentialAction\":[{\"@type\":\"ReadAction\",\"target\":[\"https:\\\/\\\/mobilidee.ch\\\/en\\\/fairmove\\\/\"]}]},{\"@type\":\"ImageObject\",\"inLanguage\":\"en-US\",\"@id\":\"https:\\\/\\\/mobilidee.ch\\\/en\\\/fairmove\\\/#primaryimage\",\"url\":\"https:\\\/\\\/mobilidee.ch\\\/wp-content\\\/uploads\\\/2023\\\/04\\\/dashboard_fr@2x.png\",\"contentUrl\":\"https:\\\/\\\/mobilidee.ch\\\/wp-content\\\/uploads\\\/2023\\\/04\\\/dashboard_fr@2x.png\",\"width\":744,\"height\":1330},{\"@type\":\"BreadcrumbList\",\"@id\":\"https:\\\/\\\/mobilidee.ch\\\/en\\\/fairmove\\\/#breadcrumb\",\"itemListElement\":[{\"@type\":\"ListItem\",\"position\":1,\"name\":\"Accueil\",\"item\":\"https:\\\/\\\/mobilidee.ch\\\/en\\\/\"},{\"@type\":\"ListItem\",\"position\":2,\"name\":\"Fairmove\"}]},{\"@type\":\"WebSite\",\"@id\":\"https:\\\/\\\/mobilidee.ch\\\/en\\\/#website\",\"url\":\"https:\\\/\\\/mobilidee.ch\\\/en\\\/\",\"name\":\"Mobilid\u00e9e\",\"description\":\"Nous am\u00e9liorons les exp\u00e9riences de mobilit\u00e9 au sein des entreprises, des collectivit\u00e9s, des quartiers et des territoires.\",\"potentialAction\":[{\"@type\":\"SearchAction\",\"target\":{\"@type\":\"EntryPoint\",\"urlTemplate\":\"https:\\\/\\\/mobilidee.ch\\\/en\\\/?s={search_term_string}\"},\"query-input\":{\"@type\":\"PropertyValueSpecification\",\"valueRequired\":true,\"valueName\":\"search_term_string\"}}],\"inLanguage\":\"en-US\"}]}<\/script>\n<!-- \/ Yoast SEO plugin. -->","yoast_head_json":{"title":"Mobilid\u00e9e | fairmove - The smart app that organises your mobility","description":"Intelligent and efficient, fairmove makes it easy to manage your company's parking, carpooling, transportation and assets.","robots":{"index":"index","follow":"follow","max-snippet":"max-snippet:-1","max-image-preview":"max-image-preview:large","max-video-preview":"max-video-preview:-1"},"canonical":"https:\/\/mobilidee.ch\/en\/fairmove\/","og_locale":"en_US","og_type":"article","og_title":"Mobilid\u00e9e | fairmove - The smart app that organises your mobility","og_description":"Intelligent and efficient, fairmove makes it easy to manage your company's parking, carpooling, transportation and assets.","og_url":"https:\/\/mobilidee.ch\/en\/fairmove\/","og_site_name":"Mobilid\u00e9e","article_modified_time":"2026-01-22T13:54:04+00:00","og_image":[{"width":744,"height":1330,"url":"https:\/\/mobilidee.ch\/wp-content\/uploads\/2023\/04\/dashboard_fr@2x.png","type":"image\/png"}],"twitter_card":"summary_large_image","twitter_misc":{"Est. reading time":"1 minute"},"schema":{"@context":"https:\/\/schema.org","@graph":[{"@type":"WebPage","@id":"https:\/\/mobilidee.ch\/en\/fairmove\/","url":"https:\/\/mobilidee.ch\/en\/fairmove\/","name":"Mobilid\u00e9e | fairmove - The smart app that organises your mobility","isPartOf":{"@id":"https:\/\/mobilidee.ch\/en\/#website"},"primaryImageOfPage":{"@id":"https:\/\/mobilidee.ch\/en\/fairmove\/#primaryimage"},"image":{"@id":"https:\/\/mobilidee.ch\/en\/fairmove\/#primaryimage"},"thumbnailUrl":"https:\/\/mobilidee.ch\/wp-content\/uploads\/2023\/04\/dashboard_fr@2x.png","datePublished":"2022-12-28T16:17:40+00:00","dateModified":"2026-01-22T13:54:04+00:00","description":"Intelligent and efficient, fairmove makes it easy to manage your company's parking, carpooling, transportation and assets.","breadcrumb":{"@id":"https:\/\/mobilidee.ch\/en\/fairmove\/#breadcrumb"},"inLanguage":"en-US","potentialAction":[{"@type":"ReadAction","target":["https:\/\/mobilidee.ch\/en\/fairmove\/"]}]},{"@type":"ImageObject","inLanguage":"en-US","@id":"https:\/\/mobilidee.ch\/en\/fairmove\/#primaryimage","url":"https:\/\/mobilidee.ch\/wp-content\/uploads\/2023\/04\/dashboard_fr@2x.png","contentUrl":"https:\/\/mobilidee.ch\/wp-content\/uploads\/2023\/04\/dashboard_fr@2x.png","width":744,"height":1330},{"@type":"BreadcrumbList","@id":"https:\/\/mobilidee.ch\/en\/fairmove\/#breadcrumb","itemListElement":[{"@type":"ListItem","position":1,"name":"Accueil","item":"https:\/\/mobilidee.ch\/en\/"},{"@type":"ListItem","position":2,"name":"Fairmove"}]},{"@type":"WebSite","@id":"https:\/\/mobilidee.ch\/en\/#website","url":"https:\/\/mobilidee.ch\/en\/","name":"Mobilid\u00e9e","description":"Nous am\u00e9liorons les exp\u00e9riences de mobilit\u00e9 au sein des entreprises, des collectivit\u00e9s, des quartiers et des territoires.","potentialAction":[{"@type":"SearchAction","target":{"@type":"EntryPoint","urlTemplate":"https:\/\/mobilidee.ch\/en\/?s={search_term_string}"},"query-input":{"@type":"PropertyValueSpecification","valueRequired":true,"valueName":"search_term_string"}}],"inLanguage":"en-US"}]}},"_links":{"self":[{"href":"https:\/\/mobilidee.ch\/en\/wp-json\/wp\/v2\/pages\/35915","targetHints":{"allow":["GET"]}}],"collection":[{"href":"https:\/\/mobilidee.ch\/en\/wp-json\/wp\/v2\/pages"}],"about":[{"href":"https:\/\/mobilidee.ch\/en\/wp-json\/wp\/v2\/types\/page"}],"author":[{"embeddable":true,"href":"https:\/\/mobilidee.ch\/en\/wp-json\/wp\/v2\/users\/15"}],"replies":[{"embeddable":true,"href":"https:\/\/mobilidee.ch\/en\/wp-json\/wp\/v2\/comments?post=35915"}],"version-history":[{"count":12,"href":"https:\/\/mobilidee.ch\/en\/wp-json\/wp\/v2\/pages\/35915\/revisions"}],"predecessor-version":[{"id":38793,"href":"https:\/\/mobilidee.ch\/en\/wp-json\/wp\/v2\/pages\/35915\/revisions\/38793"}],"wp:featuredmedia":[{"embeddable":true,"href":"https:\/\/mobilidee.ch\/en\/wp-json\/wp\/v2\/media\/35916"}],"wp:attachment":[{"href":"https:\/\/mobilidee.ch\/en\/wp-json\/wp\/v2\/media?parent=35915"}],"curies":[{"name":"wp","href":"https:\/\/api.w.org\/{rel}","templated":true}]}}