{"id":37761,"date":"2023-06-15T15:58:39","date_gmt":"2023-06-15T13:58:39","guid":{"rendered":"https:\/\/mobilidee.ch\/fairmove\/stationnement\/"},"modified":"2023-08-17T17:36:31","modified_gmt":"2023-08-17T15:36:31","slug":"parkplaetze","status":"publish","type":"page","link":"https:\/\/mobilidee.ch\/de\/fairmove\/parkplaetze\/","title":{"rendered":"Parkpl\u00e4tze"},"content":{"rendered":"<p>fairmove erm\u00f6glicht die faire Zuteilung von Parkpl\u00e4tzen und deren optimierte Belegung nach vordefinierten Kriterien: Erreichbarkeit, Bedarf, Fahrzeugtyp, Uhrzeit etc.<\/p>\n","protected":false},"excerpt":{"rendered":"<p>fairmove erm\u00f6glicht die faire Zuteilung von Parkpl\u00e4tzen und deren optimierte Belegung nach vordefinierten Kriterien: Erreichbarkeit, Bedarf, Fahrzeugtyp, Uhrzeit etc.<\/p>\n","protected":false},"author":17,"featured_media":0,"parent":35917,"menu_order":0,"comment_status":"closed","ping_status":"closed","template":"page-fairmove-child.php","meta":{"_acf_changed":false,"inline_featured_image":false,"footnotes":""},"class_list":["post-37761","page","type-page","status-publish","hentry"],"acf":[],"yoast_head":"<!-- This site is optimized with the Yoast SEO plugin v27.4 - https:\/\/yoast.com\/product\/yoast-seo-wordpress\/ -->\n<title>Mobilid\u00e9e | Parkpl\u00e4tze<\/title>\n<meta name=\"description\" content=\"fairmove erm\u00f6glicht es Ihnen, Parkpl\u00e4tze auf faire Weise zuzuteilen und ihre Belegung zu optimieren.\" \/>\n<meta name=\"robots\" content=\"index, follow, max-snippet:-1, max-image-preview:large, max-video-preview:-1\" \/>\n<link rel=\"canonical\" href=\"https:\/\/mobilidee.ch\/de\/fairmove\/parkplaetze\/\" \/>\n<meta property=\"og:locale\" content=\"de_DE\" \/>\n<meta property=\"og:type\" content=\"article\" \/>\n<meta property=\"og:title\" content=\"Mobilid\u00e9e | Parkpl\u00e4tze\" \/>\n<meta property=\"og:description\" content=\"fairmove erm\u00f6glicht es Ihnen, Parkpl\u00e4tze auf faire Weise zuzuteilen und ihre Belegung zu optimieren.\" \/>\n<meta property=\"og:url\" content=\"https:\/\/mobilidee.ch\/de\/fairmove\/parkplaetze\/\" \/>\n<meta property=\"og:site_name\" content=\"Mobilid\u00e9e\" \/>\n<meta property=\"article:modified_time\" content=\"2023-08-17T15:36:31+00:00\" \/>\n<meta name=\"twitter:card\" content=\"summary_large_image\" \/>\n<meta name=\"twitter:label1\" content=\"Gesch\u00e4tzte Lesezeit\" \/>\n\t<meta name=\"twitter:data1\" content=\"1\u00a0Minute\" \/>\n<script type=\"application\/ld+json\" class=\"yoast-schema-graph\">{\"@context\":\"https:\\\/\\\/schema.org\",\"@graph\":[{\"@type\":\"WebPage\",\"@id\":\"https:\\\/\\\/mobilidee.ch\\\/de\\\/fairmove\\\/parkplaetze\\\/\",\"url\":\"https:\\\/\\\/mobilidee.ch\\\/de\\\/fairmove\\\/parkplaetze\\\/\",\"name\":\"Mobilid\u00e9e | Parkpl\u00e4tze\",\"isPartOf\":{\"@id\":\"https:\\\/\\\/mobilidee.ch\\\/de\\\/#website\"},\"datePublished\":\"2023-06-15T13:58:39+00:00\",\"dateModified\":\"2023-08-17T15:36:31+00:00\",\"description\":\"fairmove erm\u00f6glicht es Ihnen, Parkpl\u00e4tze auf faire Weise zuzuteilen und ihre Belegung zu optimieren.\",\"breadcrumb\":{\"@id\":\"https:\\\/\\\/mobilidee.ch\\\/de\\\/fairmove\\\/parkplaetze\\\/#breadcrumb\"},\"inLanguage\":\"de\",\"potentialAction\":[{\"@type\":\"ReadAction\",\"target\":[\"https:\\\/\\\/mobilidee.ch\\\/de\\\/fairmove\\\/parkplaetze\\\/\"]}]},{\"@type\":\"BreadcrumbList\",\"@id\":\"https:\\\/\\\/mobilidee.ch\\\/de\\\/fairmove\\\/parkplaetze\\\/#breadcrumb\",\"itemListElement\":[{\"@type\":\"ListItem\",\"position\":1,\"name\":\"Accueil\",\"item\":\"https:\\\/\\\/mobilidee.ch\\\/de\\\/\"},{\"@type\":\"ListItem\",\"position\":2,\"name\":\"Fairmove\",\"item\":\"https:\\\/\\\/mobilidee.ch\\\/de\\\/fairmove\\\/\"},{\"@type\":\"ListItem\",\"position\":3,\"name\":\"Parkpl\u00e4tze\"}]},{\"@type\":\"WebSite\",\"@id\":\"https:\\\/\\\/mobilidee.ch\\\/de\\\/#website\",\"url\":\"https:\\\/\\\/mobilidee.ch\\\/de\\\/\",\"name\":\"Mobilid\u00e9e\",\"description\":\"Nous am\u00e9liorons les exp\u00e9riences de mobilit\u00e9 au sein des entreprises, des collectivit\u00e9s, des quartiers et des territoires.\",\"potentialAction\":[{\"@type\":\"SearchAction\",\"target\":{\"@type\":\"EntryPoint\",\"urlTemplate\":\"https:\\\/\\\/mobilidee.ch\\\/de\\\/?s={search_term_string}\"},\"query-input\":{\"@type\":\"PropertyValueSpecification\",\"valueRequired\":true,\"valueName\":\"search_term_string\"}}],\"inLanguage\":\"de\"}]}<\/script>\n<!-- \/ Yoast SEO plugin. -->","yoast_head_json":{"title":"Mobilid\u00e9e | Parkpl\u00e4tze","description":"fairmove erm\u00f6glicht es Ihnen, Parkpl\u00e4tze auf faire Weise zuzuteilen und ihre Belegung zu optimieren.","robots":{"index":"index","follow":"follow","max-snippet":"max-snippet:-1","max-image-preview":"max-image-preview:large","max-video-preview":"max-video-preview:-1"},"canonical":"https:\/\/mobilidee.ch\/de\/fairmove\/parkplaetze\/","og_locale":"de_DE","og_type":"article","og_title":"Mobilid\u00e9e | Parkpl\u00e4tze","og_description":"fairmove erm\u00f6glicht es Ihnen, Parkpl\u00e4tze auf faire Weise zuzuteilen und ihre Belegung zu optimieren.","og_url":"https:\/\/mobilidee.ch\/de\/fairmove\/parkplaetze\/","og_site_name":"Mobilid\u00e9e","article_modified_time":"2023-08-17T15:36:31+00:00","twitter_card":"summary_large_image","twitter_misc":{"Gesch\u00e4tzte Lesezeit":"1\u00a0Minute"},"schema":{"@context":"https:\/\/schema.org","@graph":[{"@type":"WebPage","@id":"https:\/\/mobilidee.ch\/de\/fairmove\/parkplaetze\/","url":"https:\/\/mobilidee.ch\/de\/fairmove\/parkplaetze\/","name":"Mobilid\u00e9e | Parkpl\u00e4tze","isPartOf":{"@id":"https:\/\/mobilidee.ch\/de\/#website"},"datePublished":"2023-06-15T13:58:39+00:00","dateModified":"2023-08-17T15:36:31+00:00","description":"fairmove erm\u00f6glicht es Ihnen, Parkpl\u00e4tze auf faire Weise zuzuteilen und ihre Belegung zu optimieren.","breadcrumb":{"@id":"https:\/\/mobilidee.ch\/de\/fairmove\/parkplaetze\/#breadcrumb"},"inLanguage":"de","potentialAction":[{"@type":"ReadAction","target":["https:\/\/mobilidee.ch\/de\/fairmove\/parkplaetze\/"]}]},{"@type":"BreadcrumbList","@id":"https:\/\/mobilidee.ch\/de\/fairmove\/parkplaetze\/#breadcrumb","itemListElement":[{"@type":"ListItem","position":1,"name":"Accueil","item":"https:\/\/mobilidee.ch\/de\/"},{"@type":"ListItem","position":2,"name":"Fairmove","item":"https:\/\/mobilidee.ch\/de\/fairmove\/"},{"@type":"ListItem","position":3,"name":"Parkpl\u00e4tze"}]},{"@type":"WebSite","@id":"https:\/\/mobilidee.ch\/de\/#website","url":"https:\/\/mobilidee.ch\/de\/","name":"Mobilid\u00e9e","description":"Nous am\u00e9liorons les exp\u00e9riences de mobilit\u00e9 au sein des entreprises, des collectivit\u00e9s, des quartiers et des territoires.","potentialAction":[{"@type":"SearchAction","target":{"@type":"EntryPoint","urlTemplate":"https:\/\/mobilidee.ch\/de\/?s={search_term_string}"},"query-input":{"@type":"PropertyValueSpecification","valueRequired":true,"valueName":"search_term_string"}}],"inLanguage":"de"}]}},"_links":{"self":[{"href":"https:\/\/mobilidee.ch\/de\/wp-json\/wp\/v2\/pages\/37761","targetHints":{"allow":["GET"]}}],"collection":[{"href":"https:\/\/mobilidee.ch\/de\/wp-json\/wp\/v2\/pages"}],"about":[{"href":"https:\/\/mobilidee.ch\/de\/wp-json\/wp\/v2\/types\/page"}],"author":[{"embeddable":true,"href":"https:\/\/mobilidee.ch\/de\/wp-json\/wp\/v2\/users\/17"}],"replies":[{"embeddable":true,"href":"https:\/\/mobilidee.ch\/de\/wp-json\/wp\/v2\/comments?post=37761"}],"version-history":[{"count":5,"href":"https:\/\/mobilidee.ch\/de\/wp-json\/wp\/v2\/pages\/37761\/revisions"}],"predecessor-version":[{"id":38139,"href":"https:\/\/mobilidee.ch\/de\/wp-json\/wp\/v2\/pages\/37761\/revisions\/38139"}],"up":[{"embeddable":true,"href":"https:\/\/mobilidee.ch\/de\/wp-json\/wp\/v2\/pages\/35917"}],"wp:attachment":[{"href":"https:\/\/mobilidee.ch\/de\/wp-json\/wp\/v2\/media?parent=37761"}],"curies":[{"name":"wp","href":"https:\/\/api.w.org\/{rel}","templated":true}]}}