{"id":37757,"date":"2023-06-22T11:36:08","date_gmt":"2023-06-22T09:36:08","guid":{"rendered":"https:\/\/mobilidee.ch\/fairmove\/multimodalite\/"},"modified":"2023-08-17T17:39:10","modified_gmt":"2023-08-17T15:39:10","slug":"multimodalitaet","status":"publish","type":"page","link":"https:\/\/mobilidee.ch\/de\/fairmove\/multimodalitaet\/","title":{"rendered":"Anreiz f\u00fcr Multimodalit\u00e4t"},"content":{"rendered":"<p>fairmove wertet nachhaltiges Fortbewegen auf, indem es die Verwaltung aller Mobilit\u00e4tsleistungen erleichtert, die den Mitarbeitenden angeboten werden, wie z.B. Zusch\u00fcsse f\u00fcr \u00f6ffentliche Verkehrsmittel, Abonnements, Mobilit\u00e4tsbudget, Pr\u00e4mien f\u00fcr die Nutzung sanfter Verkehrsarten etc.<\/p>\n","protected":false},"excerpt":{"rendered":"<p>fairmove wertet nachhaltiges Fortbewegen auf, indem es die Verwaltung aller Mobilit\u00e4tsleistungen erleichtert, die den Mitarbeitenden angeboten werden, wie z.B. Zusch\u00fcsse f\u00fcr \u00f6ffentliche Verkehrsmittel, Abonnements, Mobilit\u00e4tsbudget, Pr\u00e4mien f\u00fcr die Nutzung sanfter Verkehrsarten etc.<\/p>\n","protected":false},"author":17,"featured_media":0,"parent":35917,"menu_order":0,"comment_status":"closed","ping_status":"closed","template":"page-fairmove-child.php","meta":{"_acf_changed":false,"inline_featured_image":false,"footnotes":""},"class_list":["post-37757","page","type-page","status-publish","hentry"],"acf":[],"yoast_head":"<!-- This site is optimized with the Yoast SEO plugin v27.4 - https:\/\/yoast.com\/product\/yoast-seo-wordpress\/ -->\n<title>Mobilid\u00e9e | Anreiz f\u00fcr Multimodalit\u00e4t<\/title>\n<meta name=\"description\" content=\"Werten Sie nachhaltige Fortbewegung auf, indem Sie die Verwaltung aller Mobilit\u00e4tsangebote f\u00fcr Ihre Mitarbeitenden vereinfachen.\" \/>\n<meta name=\"robots\" content=\"index, follow, max-snippet:-1, max-image-preview:large, max-video-preview:-1\" \/>\n<link rel=\"canonical\" href=\"https:\/\/mobilidee.ch\/de\/fairmove\/multimodalitaet\/\" \/>\n<meta property=\"og:locale\" content=\"de_DE\" \/>\n<meta property=\"og:type\" content=\"article\" \/>\n<meta property=\"og:title\" content=\"Mobilid\u00e9e | Anreiz f\u00fcr Multimodalit\u00e4t\" \/>\n<meta property=\"og:description\" content=\"Werten Sie nachhaltige Fortbewegung auf, indem Sie die Verwaltung aller Mobilit\u00e4tsangebote f\u00fcr Ihre Mitarbeitenden vereinfachen.\" \/>\n<meta property=\"og:url\" content=\"https:\/\/mobilidee.ch\/de\/fairmove\/multimodalitaet\/\" \/>\n<meta property=\"og:site_name\" content=\"Mobilid\u00e9e\" \/>\n<meta property=\"article:modified_time\" content=\"2023-08-17T15:39:10+00:00\" \/>\n<meta name=\"twitter:card\" content=\"summary_large_image\" \/>\n<meta name=\"twitter:label1\" content=\"Gesch\u00e4tzte Lesezeit\" \/>\n\t<meta name=\"twitter:data1\" content=\"1\u00a0Minute\" \/>\n<script type=\"application\/ld+json\" class=\"yoast-schema-graph\">{\"@context\":\"https:\\\/\\\/schema.org\",\"@graph\":[{\"@type\":\"WebPage\",\"@id\":\"https:\\\/\\\/mobilidee.ch\\\/de\\\/fairmove\\\/multimodalitaet\\\/\",\"url\":\"https:\\\/\\\/mobilidee.ch\\\/de\\\/fairmove\\\/multimodalitaet\\\/\",\"name\":\"Mobilid\u00e9e | Anreiz f\u00fcr Multimodalit\u00e4t\",\"isPartOf\":{\"@id\":\"https:\\\/\\\/mobilidee.ch\\\/de\\\/#website\"},\"datePublished\":\"2023-06-22T09:36:08+00:00\",\"dateModified\":\"2023-08-17T15:39:10+00:00\",\"description\":\"Werten Sie nachhaltige Fortbewegung auf, indem Sie die Verwaltung aller Mobilit\u00e4tsangebote f\u00fcr Ihre Mitarbeitenden vereinfachen.\",\"breadcrumb\":{\"@id\":\"https:\\\/\\\/mobilidee.ch\\\/de\\\/fairmove\\\/multimodalitaet\\\/#breadcrumb\"},\"inLanguage\":\"de\",\"potentialAction\":[{\"@type\":\"ReadAction\",\"target\":[\"https:\\\/\\\/mobilidee.ch\\\/de\\\/fairmove\\\/multimodalitaet\\\/\"]}]},{\"@type\":\"BreadcrumbList\",\"@id\":\"https:\\\/\\\/mobilidee.ch\\\/de\\\/fairmove\\\/multimodalitaet\\\/#breadcrumb\",\"itemListElement\":[{\"@type\":\"ListItem\",\"position\":1,\"name\":\"Accueil\",\"item\":\"https:\\\/\\\/mobilidee.ch\\\/de\\\/\"},{\"@type\":\"ListItem\",\"position\":2,\"name\":\"Fairmove\",\"item\":\"https:\\\/\\\/mobilidee.ch\\\/de\\\/fairmove\\\/\"},{\"@type\":\"ListItem\",\"position\":3,\"name\":\"Anreiz f\u00fcr Multimodalit\u00e4t\"}]},{\"@type\":\"WebSite\",\"@id\":\"https:\\\/\\\/mobilidee.ch\\\/de\\\/#website\",\"url\":\"https:\\\/\\\/mobilidee.ch\\\/de\\\/\",\"name\":\"Mobilid\u00e9e\",\"description\":\"Nous am\u00e9liorons les exp\u00e9riences de mobilit\u00e9 au sein des entreprises, des collectivit\u00e9s, des quartiers et des territoires.\",\"potentialAction\":[{\"@type\":\"SearchAction\",\"target\":{\"@type\":\"EntryPoint\",\"urlTemplate\":\"https:\\\/\\\/mobilidee.ch\\\/de\\\/?s={search_term_string}\"},\"query-input\":{\"@type\":\"PropertyValueSpecification\",\"valueRequired\":true,\"valueName\":\"search_term_string\"}}],\"inLanguage\":\"de\"}]}<\/script>\n<!-- \/ Yoast SEO plugin. -->","yoast_head_json":{"title":"Mobilid\u00e9e | Anreiz f\u00fcr Multimodalit\u00e4t","description":"Werten Sie nachhaltige Fortbewegung auf, indem Sie die Verwaltung aller Mobilit\u00e4tsangebote f\u00fcr Ihre Mitarbeitenden vereinfachen.","robots":{"index":"index","follow":"follow","max-snippet":"max-snippet:-1","max-image-preview":"max-image-preview:large","max-video-preview":"max-video-preview:-1"},"canonical":"https:\/\/mobilidee.ch\/de\/fairmove\/multimodalitaet\/","og_locale":"de_DE","og_type":"article","og_title":"Mobilid\u00e9e | Anreiz f\u00fcr Multimodalit\u00e4t","og_description":"Werten Sie nachhaltige Fortbewegung auf, indem Sie die Verwaltung aller Mobilit\u00e4tsangebote f\u00fcr Ihre Mitarbeitenden vereinfachen.","og_url":"https:\/\/mobilidee.ch\/de\/fairmove\/multimodalitaet\/","og_site_name":"Mobilid\u00e9e","article_modified_time":"2023-08-17T15:39:10+00:00","twitter_card":"summary_large_image","twitter_misc":{"Gesch\u00e4tzte Lesezeit":"1\u00a0Minute"},"schema":{"@context":"https:\/\/schema.org","@graph":[{"@type":"WebPage","@id":"https:\/\/mobilidee.ch\/de\/fairmove\/multimodalitaet\/","url":"https:\/\/mobilidee.ch\/de\/fairmove\/multimodalitaet\/","name":"Mobilid\u00e9e | Anreiz f\u00fcr Multimodalit\u00e4t","isPartOf":{"@id":"https:\/\/mobilidee.ch\/de\/#website"},"datePublished":"2023-06-22T09:36:08+00:00","dateModified":"2023-08-17T15:39:10+00:00","description":"Werten Sie nachhaltige Fortbewegung auf, indem Sie die Verwaltung aller Mobilit\u00e4tsangebote f\u00fcr Ihre Mitarbeitenden vereinfachen.","breadcrumb":{"@id":"https:\/\/mobilidee.ch\/de\/fairmove\/multimodalitaet\/#breadcrumb"},"inLanguage":"de","potentialAction":[{"@type":"ReadAction","target":["https:\/\/mobilidee.ch\/de\/fairmove\/multimodalitaet\/"]}]},{"@type":"BreadcrumbList","@id":"https:\/\/mobilidee.ch\/de\/fairmove\/multimodalitaet\/#breadcrumb","itemListElement":[{"@type":"ListItem","position":1,"name":"Accueil","item":"https:\/\/mobilidee.ch\/de\/"},{"@type":"ListItem","position":2,"name":"Fairmove","item":"https:\/\/mobilidee.ch\/de\/fairmove\/"},{"@type":"ListItem","position":3,"name":"Anreiz f\u00fcr Multimodalit\u00e4t"}]},{"@type":"WebSite","@id":"https:\/\/mobilidee.ch\/de\/#website","url":"https:\/\/mobilidee.ch\/de\/","name":"Mobilid\u00e9e","description":"Nous am\u00e9liorons les exp\u00e9riences de mobilit\u00e9 au sein des entreprises, des collectivit\u00e9s, des quartiers et des territoires.","potentialAction":[{"@type":"SearchAction","target":{"@type":"EntryPoint","urlTemplate":"https:\/\/mobilidee.ch\/de\/?s={search_term_string}"},"query-input":{"@type":"PropertyValueSpecification","valueRequired":true,"valueName":"search_term_string"}}],"inLanguage":"de"}]}},"_links":{"self":[{"href":"https:\/\/mobilidee.ch\/de\/wp-json\/wp\/v2\/pages\/37757","targetHints":{"allow":["GET"]}}],"collection":[{"href":"https:\/\/mobilidee.ch\/de\/wp-json\/wp\/v2\/pages"}],"about":[{"href":"https:\/\/mobilidee.ch\/de\/wp-json\/wp\/v2\/types\/page"}],"author":[{"embeddable":true,"href":"https:\/\/mobilidee.ch\/de\/wp-json\/wp\/v2\/users\/17"}],"replies":[{"embeddable":true,"href":"https:\/\/mobilidee.ch\/de\/wp-json\/wp\/v2\/comments?post=37757"}],"version-history":[{"count":4,"href":"https:\/\/mobilidee.ch\/de\/wp-json\/wp\/v2\/pages\/37757\/revisions"}],"predecessor-version":[{"id":38142,"href":"https:\/\/mobilidee.ch\/de\/wp-json\/wp\/v2\/pages\/37757\/revisions\/38142"}],"up":[{"embeddable":true,"href":"https:\/\/mobilidee.ch\/de\/wp-json\/wp\/v2\/pages\/35917"}],"wp:attachment":[{"href":"https:\/\/mobilidee.ch\/de\/wp-json\/wp\/v2\/media?parent=37757"}],"curies":[{"name":"wp","href":"https:\/\/api.w.org\/{rel}","templated":true}]}}