{"id":37756,"date":"2023-06-22T11:37:49","date_gmt":"2023-06-22T09:37:49","guid":{"rendered":"https:\/\/mobilidee.ch\/fairmove\/mutualisation-ressources\/"},"modified":"2023-08-17T17:40:01","modified_gmt":"2023-08-17T15:40:01","slug":"gemeinsame-nutzung-ressourcen","status":"publish","type":"page","link":"https:\/\/mobilidee.ch\/de\/fairmove\/gemeinsame-nutzung-ressourcen\/","title":{"rendered":"Gemeinsame Nutzung von Unternehmensressourcen"},"content":{"rendered":"<p>Um die Belegung von Arbeitspl\u00e4tzen, die Lagerung von Ger\u00e4ten oder auch die Bereitstellung von Material zu maximieren, bietet fairmove eine flexible und agile Verwaltung der gemeinsam genutzten Ressourcen innerhalb Ihrer Struktur an.<\/p>\n","protected":false},"excerpt":{"rendered":"<p>Um die Belegung von Arbeitspl\u00e4tzen, die Lagerung von Ger\u00e4ten oder auch die Bereitstellung von Material zu maximieren, bietet fairmove eine flexible und agile Verwaltung der gemeinsam genutzten Ressourcen innerhalb Ihrer Struktur an.<\/p>\n","protected":false},"author":17,"featured_media":0,"parent":35917,"menu_order":0,"comment_status":"closed","ping_status":"closed","template":"page-fairmove-child.php","meta":{"_acf_changed":false,"inline_featured_image":false,"footnotes":""},"class_list":["post-37756","page","type-page","status-publish","hentry"],"acf":[],"yoast_head":"<!-- This site is optimized with the Yoast SEO plugin v27.4 - https:\/\/yoast.com\/product\/yoast-seo-wordpress\/ -->\n<title>Mobilid\u00e9e | Gemeinsame Nutzung von Unternehmensressourcen<\/title>\n<meta name=\"description\" content=\"Maximieren Sie die Belegung von Arbeitspl\u00e4tzen, die Lagerung von Ger\u00e4ten oder auch die Bereitstellung von Material.\" \/>\n<meta name=\"robots\" content=\"index, follow, max-snippet:-1, max-image-preview:large, max-video-preview:-1\" \/>\n<link rel=\"canonical\" href=\"https:\/\/mobilidee.ch\/de\/fairmove\/gemeinsame-nutzung-ressourcen\/\" \/>\n<meta property=\"og:locale\" content=\"de_DE\" \/>\n<meta property=\"og:type\" content=\"article\" \/>\n<meta property=\"og:title\" content=\"Mobilid\u00e9e | Gemeinsame Nutzung von Unternehmensressourcen\" \/>\n<meta property=\"og:description\" content=\"Maximieren Sie die Belegung von Arbeitspl\u00e4tzen, die Lagerung von Ger\u00e4ten oder auch die Bereitstellung von Material.\" \/>\n<meta property=\"og:url\" content=\"https:\/\/mobilidee.ch\/de\/fairmove\/gemeinsame-nutzung-ressourcen\/\" \/>\n<meta property=\"og:site_name\" content=\"Mobilid\u00e9e\" \/>\n<meta property=\"article:modified_time\" content=\"2023-08-17T15:40:01+00:00\" \/>\n<meta name=\"twitter:card\" content=\"summary_large_image\" \/>\n<meta name=\"twitter:label1\" content=\"Gesch\u00e4tzte Lesezeit\" \/>\n\t<meta name=\"twitter:data1\" content=\"1\u00a0Minute\" \/>\n<script type=\"application\/ld+json\" class=\"yoast-schema-graph\">{\"@context\":\"https:\\\/\\\/schema.org\",\"@graph\":[{\"@type\":\"WebPage\",\"@id\":\"https:\\\/\\\/mobilidee.ch\\\/de\\\/fairmove\\\/gemeinsame-nutzung-ressourcen\\\/\",\"url\":\"https:\\\/\\\/mobilidee.ch\\\/de\\\/fairmove\\\/gemeinsame-nutzung-ressourcen\\\/\",\"name\":\"Mobilid\u00e9e | Gemeinsame Nutzung von Unternehmensressourcen\",\"isPartOf\":{\"@id\":\"https:\\\/\\\/mobilidee.ch\\\/de\\\/#website\"},\"datePublished\":\"2023-06-22T09:37:49+00:00\",\"dateModified\":\"2023-08-17T15:40:01+00:00\",\"description\":\"Maximieren Sie die Belegung von Arbeitspl\u00e4tzen, die Lagerung von Ger\u00e4ten oder auch die Bereitstellung von Material.\",\"breadcrumb\":{\"@id\":\"https:\\\/\\\/mobilidee.ch\\\/de\\\/fairmove\\\/gemeinsame-nutzung-ressourcen\\\/#breadcrumb\"},\"inLanguage\":\"de\",\"potentialAction\":[{\"@type\":\"ReadAction\",\"target\":[\"https:\\\/\\\/mobilidee.ch\\\/de\\\/fairmove\\\/gemeinsame-nutzung-ressourcen\\\/\"]}]},{\"@type\":\"BreadcrumbList\",\"@id\":\"https:\\\/\\\/mobilidee.ch\\\/de\\\/fairmove\\\/gemeinsame-nutzung-ressourcen\\\/#breadcrumb\",\"itemListElement\":[{\"@type\":\"ListItem\",\"position\":1,\"name\":\"Accueil\",\"item\":\"https:\\\/\\\/mobilidee.ch\\\/de\\\/\"},{\"@type\":\"ListItem\",\"position\":2,\"name\":\"Fairmove\",\"item\":\"https:\\\/\\\/mobilidee.ch\\\/de\\\/fairmove\\\/\"},{\"@type\":\"ListItem\",\"position\":3,\"name\":\"Gemeinsame Nutzung von Unternehmensressourcen\"}]},{\"@type\":\"WebSite\",\"@id\":\"https:\\\/\\\/mobilidee.ch\\\/de\\\/#website\",\"url\":\"https:\\\/\\\/mobilidee.ch\\\/de\\\/\",\"name\":\"Mobilid\u00e9e\",\"description\":\"Nous am\u00e9liorons les exp\u00e9riences de mobilit\u00e9 au sein des entreprises, des collectivit\u00e9s, des quartiers et des territoires.\",\"potentialAction\":[{\"@type\":\"SearchAction\",\"target\":{\"@type\":\"EntryPoint\",\"urlTemplate\":\"https:\\\/\\\/mobilidee.ch\\\/de\\\/?s={search_term_string}\"},\"query-input\":{\"@type\":\"PropertyValueSpecification\",\"valueRequired\":true,\"valueName\":\"search_term_string\"}}],\"inLanguage\":\"de\"}]}<\/script>\n<!-- \/ Yoast SEO plugin. -->","yoast_head_json":{"title":"Mobilid\u00e9e | Gemeinsame Nutzung von Unternehmensressourcen","description":"Maximieren Sie die Belegung von Arbeitspl\u00e4tzen, die Lagerung von Ger\u00e4ten oder auch die Bereitstellung von Material.","robots":{"index":"index","follow":"follow","max-snippet":"max-snippet:-1","max-image-preview":"max-image-preview:large","max-video-preview":"max-video-preview:-1"},"canonical":"https:\/\/mobilidee.ch\/de\/fairmove\/gemeinsame-nutzung-ressourcen\/","og_locale":"de_DE","og_type":"article","og_title":"Mobilid\u00e9e | Gemeinsame Nutzung von Unternehmensressourcen","og_description":"Maximieren Sie die Belegung von Arbeitspl\u00e4tzen, die Lagerung von Ger\u00e4ten oder auch die Bereitstellung von Material.","og_url":"https:\/\/mobilidee.ch\/de\/fairmove\/gemeinsame-nutzung-ressourcen\/","og_site_name":"Mobilid\u00e9e","article_modified_time":"2023-08-17T15:40:01+00:00","twitter_card":"summary_large_image","twitter_misc":{"Gesch\u00e4tzte Lesezeit":"1\u00a0Minute"},"schema":{"@context":"https:\/\/schema.org","@graph":[{"@type":"WebPage","@id":"https:\/\/mobilidee.ch\/de\/fairmove\/gemeinsame-nutzung-ressourcen\/","url":"https:\/\/mobilidee.ch\/de\/fairmove\/gemeinsame-nutzung-ressourcen\/","name":"Mobilid\u00e9e | Gemeinsame Nutzung von Unternehmensressourcen","isPartOf":{"@id":"https:\/\/mobilidee.ch\/de\/#website"},"datePublished":"2023-06-22T09:37:49+00:00","dateModified":"2023-08-17T15:40:01+00:00","description":"Maximieren Sie die Belegung von Arbeitspl\u00e4tzen, die Lagerung von Ger\u00e4ten oder auch die Bereitstellung von Material.","breadcrumb":{"@id":"https:\/\/mobilidee.ch\/de\/fairmove\/gemeinsame-nutzung-ressourcen\/#breadcrumb"},"inLanguage":"de","potentialAction":[{"@type":"ReadAction","target":["https:\/\/mobilidee.ch\/de\/fairmove\/gemeinsame-nutzung-ressourcen\/"]}]},{"@type":"BreadcrumbList","@id":"https:\/\/mobilidee.ch\/de\/fairmove\/gemeinsame-nutzung-ressourcen\/#breadcrumb","itemListElement":[{"@type":"ListItem","position":1,"name":"Accueil","item":"https:\/\/mobilidee.ch\/de\/"},{"@type":"ListItem","position":2,"name":"Fairmove","item":"https:\/\/mobilidee.ch\/de\/fairmove\/"},{"@type":"ListItem","position":3,"name":"Gemeinsame Nutzung von Unternehmensressourcen"}]},{"@type":"WebSite","@id":"https:\/\/mobilidee.ch\/de\/#website","url":"https:\/\/mobilidee.ch\/de\/","name":"Mobilid\u00e9e","description":"Nous am\u00e9liorons les exp\u00e9riences de mobilit\u00e9 au sein des entreprises, des collectivit\u00e9s, des quartiers et des territoires.","potentialAction":[{"@type":"SearchAction","target":{"@type":"EntryPoint","urlTemplate":"https:\/\/mobilidee.ch\/de\/?s={search_term_string}"},"query-input":{"@type":"PropertyValueSpecification","valueRequired":true,"valueName":"search_term_string"}}],"inLanguage":"de"}]}},"_links":{"self":[{"href":"https:\/\/mobilidee.ch\/de\/wp-json\/wp\/v2\/pages\/37756","targetHints":{"allow":["GET"]}}],"collection":[{"href":"https:\/\/mobilidee.ch\/de\/wp-json\/wp\/v2\/pages"}],"about":[{"href":"https:\/\/mobilidee.ch\/de\/wp-json\/wp\/v2\/types\/page"}],"author":[{"embeddable":true,"href":"https:\/\/mobilidee.ch\/de\/wp-json\/wp\/v2\/users\/17"}],"replies":[{"embeddable":true,"href":"https:\/\/mobilidee.ch\/de\/wp-json\/wp\/v2\/comments?post=37756"}],"version-history":[{"count":5,"href":"https:\/\/mobilidee.ch\/de\/wp-json\/wp\/v2\/pages\/37756\/revisions"}],"predecessor-version":[{"id":38143,"href":"https:\/\/mobilidee.ch\/de\/wp-json\/wp\/v2\/pages\/37756\/revisions\/38143"}],"up":[{"embeddable":true,"href":"https:\/\/mobilidee.ch\/de\/wp-json\/wp\/v2\/pages\/35917"}],"wp:attachment":[{"href":"https:\/\/mobilidee.ch\/de\/wp-json\/wp\/v2\/media?parent=37756"}],"curies":[{"name":"wp","href":"https:\/\/api.w.org\/{rel}","templated":true}]}}