{"id":37502,"date":"2022-12-08T10:58:04","date_gmt":"2022-12-08T09:58:04","guid":{"rendered":"https:\/\/mobilidee.ch\/begleitung\/beratung\/"},"modified":"2023-09-21T10:44:49","modified_gmt":"2023-09-21T08:44:49","slug":"beratung","status":"publish","type":"page","link":"https:\/\/mobilidee.ch\/de\/begleitung\/beratung\/","title":{"rendered":"Beratung"},"content":{"rendered":"","protected":false},"excerpt":{"rendered":"","protected":false},"author":17,"featured_media":37401,"parent":37454,"menu_order":0,"comment_status":"closed","ping_status":"closed","template":"page-template-engagement.php","meta":{"_acf_changed":false,"inline_featured_image":false,"footnotes":""},"class_list":["post-37502","page","type-page","status-publish","has-post-thumbnail","hentry"],"acf":[],"yoast_head":"<!-- This site is optimized with the Yoast SEO plugin v27.3 - https:\/\/yoast.com\/product\/yoast-seo-wordpress\/ -->\n<title>Mobilid\u00e9e | Beratung<\/title>\n<meta name=\"description\" content=\"Je nach Ihren spezifischen Herausforderungen f\u00fchrt mobilid\u00e9e eine Bestandsaufnahme durch und erarbeitet gemeinsam mit Ihnen L\u00f6sungen, die f\u00fcr Ihre Teams tugendhaft sind.\" \/>\n<meta name=\"robots\" content=\"index, follow, max-snippet:-1, max-image-preview:large, max-video-preview:-1\" \/>\n<link rel=\"canonical\" href=\"https:\/\/mobilidee.ch\/de\/begleitung\/beratung\/\" \/>\n<meta property=\"og:locale\" content=\"de_DE\" \/>\n<meta property=\"og:type\" content=\"article\" \/>\n<meta property=\"og:title\" content=\"Mobilid\u00e9e | Beratung\" \/>\n<meta property=\"og:description\" content=\"Je nach Ihren spezifischen Herausforderungen f\u00fchrt mobilid\u00e9e eine Bestandsaufnahme durch und erarbeitet gemeinsam mit Ihnen L\u00f6sungen, die f\u00fcr Ihre Teams tugendhaft sind.\" \/>\n<meta property=\"og:url\" content=\"https:\/\/mobilidee.ch\/de\/begleitung\/beratung\/\" \/>\n<meta property=\"og:site_name\" content=\"Mobilid\u00e9e\" \/>\n<meta property=\"article:modified_time\" content=\"2023-09-21T08:44:49+00:00\" \/>\n<meta property=\"og:image\" content=\"https:\/\/mobilidee.ch\/wp-content\/uploads\/2023\/05\/header-accompagnement_degrade.jpg\" \/>\n\t<meta property=\"og:image:width\" content=\"1200\" \/>\n\t<meta property=\"og:image:height\" content=\"452\" \/>\n\t<meta property=\"og:image:type\" content=\"image\/jpeg\" \/>\n<meta name=\"twitter:card\" content=\"summary_large_image\" \/>\n<script type=\"application\/ld+json\" class=\"yoast-schema-graph\">{\"@context\":\"https:\\\/\\\/schema.org\",\"@graph\":[{\"@type\":\"WebPage\",\"@id\":\"https:\\\/\\\/mobilidee.ch\\\/de\\\/begleitung\\\/beratung\\\/\",\"url\":\"https:\\\/\\\/mobilidee.ch\\\/de\\\/begleitung\\\/beratung\\\/\",\"name\":\"Mobilid\u00e9e | Beratung\",\"isPartOf\":{\"@id\":\"https:\\\/\\\/mobilidee.ch\\\/de\\\/#website\"},\"primaryImageOfPage\":{\"@id\":\"https:\\\/\\\/mobilidee.ch\\\/de\\\/begleitung\\\/beratung\\\/#primaryimage\"},\"image\":{\"@id\":\"https:\\\/\\\/mobilidee.ch\\\/de\\\/begleitung\\\/beratung\\\/#primaryimage\"},\"thumbnailUrl\":\"https:\\\/\\\/mobilidee.ch\\\/wp-content\\\/uploads\\\/2023\\\/05\\\/header-accompagnement_degrade.jpg\",\"datePublished\":\"2022-12-08T09:58:04+00:00\",\"dateModified\":\"2023-09-21T08:44:49+00:00\",\"description\":\"Je nach Ihren spezifischen Herausforderungen f\u00fchrt mobilid\u00e9e eine Bestandsaufnahme durch und erarbeitet gemeinsam mit Ihnen L\u00f6sungen, die f\u00fcr Ihre Teams tugendhaft sind.\",\"breadcrumb\":{\"@id\":\"https:\\\/\\\/mobilidee.ch\\\/de\\\/begleitung\\\/beratung\\\/#breadcrumb\"},\"inLanguage\":\"de\",\"potentialAction\":[{\"@type\":\"ReadAction\",\"target\":[\"https:\\\/\\\/mobilidee.ch\\\/de\\\/begleitung\\\/beratung\\\/\"]}]},{\"@type\":\"ImageObject\",\"inLanguage\":\"de\",\"@id\":\"https:\\\/\\\/mobilidee.ch\\\/de\\\/begleitung\\\/beratung\\\/#primaryimage\",\"url\":\"https:\\\/\\\/mobilidee.ch\\\/wp-content\\\/uploads\\\/2023\\\/05\\\/header-accompagnement_degrade.jpg\",\"contentUrl\":\"https:\\\/\\\/mobilidee.ch\\\/wp-content\\\/uploads\\\/2023\\\/05\\\/header-accompagnement_degrade.jpg\",\"width\":1200,\"height\":452},{\"@type\":\"BreadcrumbList\",\"@id\":\"https:\\\/\\\/mobilidee.ch\\\/de\\\/begleitung\\\/beratung\\\/#breadcrumb\",\"itemListElement\":[{\"@type\":\"ListItem\",\"position\":1,\"name\":\"Accueil\",\"item\":\"https:\\\/\\\/mobilidee.ch\\\/de\\\/\"},{\"@type\":\"ListItem\",\"position\":2,\"name\":\"Begleitung\",\"item\":\"https:\\\/\\\/mobilidee.ch\\\/de\\\/begleitung\\\/\"},{\"@type\":\"ListItem\",\"position\":3,\"name\":\"Beratung\"}]},{\"@type\":\"WebSite\",\"@id\":\"https:\\\/\\\/mobilidee.ch\\\/de\\\/#website\",\"url\":\"https:\\\/\\\/mobilidee.ch\\\/de\\\/\",\"name\":\"Mobilid\u00e9e\",\"description\":\"Nous am\u00e9liorons les exp\u00e9riences de mobilit\u00e9 au sein des entreprises, des collectivit\u00e9s, des quartiers et des territoires.\",\"potentialAction\":[{\"@type\":\"SearchAction\",\"target\":{\"@type\":\"EntryPoint\",\"urlTemplate\":\"https:\\\/\\\/mobilidee.ch\\\/de\\\/?s={search_term_string}\"},\"query-input\":{\"@type\":\"PropertyValueSpecification\",\"valueRequired\":true,\"valueName\":\"search_term_string\"}}],\"inLanguage\":\"de\"}]}<\/script>\n<!-- \/ Yoast SEO plugin. -->","yoast_head_json":{"title":"Mobilid\u00e9e | Beratung","description":"Je nach Ihren spezifischen Herausforderungen f\u00fchrt mobilid\u00e9e eine Bestandsaufnahme durch und erarbeitet gemeinsam mit Ihnen L\u00f6sungen, die f\u00fcr Ihre Teams tugendhaft sind.","robots":{"index":"index","follow":"follow","max-snippet":"max-snippet:-1","max-image-preview":"max-image-preview:large","max-video-preview":"max-video-preview:-1"},"canonical":"https:\/\/mobilidee.ch\/de\/begleitung\/beratung\/","og_locale":"de_DE","og_type":"article","og_title":"Mobilid\u00e9e | Beratung","og_description":"Je nach Ihren spezifischen Herausforderungen f\u00fchrt mobilid\u00e9e eine Bestandsaufnahme durch und erarbeitet gemeinsam mit Ihnen L\u00f6sungen, die f\u00fcr Ihre Teams tugendhaft sind.","og_url":"https:\/\/mobilidee.ch\/de\/begleitung\/beratung\/","og_site_name":"Mobilid\u00e9e","article_modified_time":"2023-09-21T08:44:49+00:00","og_image":[{"width":1200,"height":452,"url":"https:\/\/mobilidee.ch\/wp-content\/uploads\/2023\/05\/header-accompagnement_degrade.jpg","type":"image\/jpeg"}],"twitter_card":"summary_large_image","schema":{"@context":"https:\/\/schema.org","@graph":[{"@type":"WebPage","@id":"https:\/\/mobilidee.ch\/de\/begleitung\/beratung\/","url":"https:\/\/mobilidee.ch\/de\/begleitung\/beratung\/","name":"Mobilid\u00e9e | Beratung","isPartOf":{"@id":"https:\/\/mobilidee.ch\/de\/#website"},"primaryImageOfPage":{"@id":"https:\/\/mobilidee.ch\/de\/begleitung\/beratung\/#primaryimage"},"image":{"@id":"https:\/\/mobilidee.ch\/de\/begleitung\/beratung\/#primaryimage"},"thumbnailUrl":"https:\/\/mobilidee.ch\/wp-content\/uploads\/2023\/05\/header-accompagnement_degrade.jpg","datePublished":"2022-12-08T09:58:04+00:00","dateModified":"2023-09-21T08:44:49+00:00","description":"Je nach Ihren spezifischen Herausforderungen f\u00fchrt mobilid\u00e9e eine Bestandsaufnahme durch und erarbeitet gemeinsam mit Ihnen L\u00f6sungen, die f\u00fcr Ihre Teams tugendhaft sind.","breadcrumb":{"@id":"https:\/\/mobilidee.ch\/de\/begleitung\/beratung\/#breadcrumb"},"inLanguage":"de","potentialAction":[{"@type":"ReadAction","target":["https:\/\/mobilidee.ch\/de\/begleitung\/beratung\/"]}]},{"@type":"ImageObject","inLanguage":"de","@id":"https:\/\/mobilidee.ch\/de\/begleitung\/beratung\/#primaryimage","url":"https:\/\/mobilidee.ch\/wp-content\/uploads\/2023\/05\/header-accompagnement_degrade.jpg","contentUrl":"https:\/\/mobilidee.ch\/wp-content\/uploads\/2023\/05\/header-accompagnement_degrade.jpg","width":1200,"height":452},{"@type":"BreadcrumbList","@id":"https:\/\/mobilidee.ch\/de\/begleitung\/beratung\/#breadcrumb","itemListElement":[{"@type":"ListItem","position":1,"name":"Accueil","item":"https:\/\/mobilidee.ch\/de\/"},{"@type":"ListItem","position":2,"name":"Begleitung","item":"https:\/\/mobilidee.ch\/de\/begleitung\/"},{"@type":"ListItem","position":3,"name":"Beratung"}]},{"@type":"WebSite","@id":"https:\/\/mobilidee.ch\/de\/#website","url":"https:\/\/mobilidee.ch\/de\/","name":"Mobilid\u00e9e","description":"Nous am\u00e9liorons les exp\u00e9riences de mobilit\u00e9 au sein des entreprises, des collectivit\u00e9s, des quartiers et des territoires.","potentialAction":[{"@type":"SearchAction","target":{"@type":"EntryPoint","urlTemplate":"https:\/\/mobilidee.ch\/de\/?s={search_term_string}"},"query-input":{"@type":"PropertyValueSpecification","valueRequired":true,"valueName":"search_term_string"}}],"inLanguage":"de"}]}},"_links":{"self":[{"href":"https:\/\/mobilidee.ch\/de\/wp-json\/wp\/v2\/pages\/37502","targetHints":{"allow":["GET"]}}],"collection":[{"href":"https:\/\/mobilidee.ch\/de\/wp-json\/wp\/v2\/pages"}],"about":[{"href":"https:\/\/mobilidee.ch\/de\/wp-json\/wp\/v2\/types\/page"}],"author":[{"embeddable":true,"href":"https:\/\/mobilidee.ch\/de\/wp-json\/wp\/v2\/users\/17"}],"replies":[{"embeddable":true,"href":"https:\/\/mobilidee.ch\/de\/wp-json\/wp\/v2\/comments?post=37502"}],"version-history":[{"count":7,"href":"https:\/\/mobilidee.ch\/de\/wp-json\/wp\/v2\/pages\/37502\/revisions"}],"predecessor-version":[{"id":38260,"href":"https:\/\/mobilidee.ch\/de\/wp-json\/wp\/v2\/pages\/37502\/revisions\/38260"}],"up":[{"embeddable":true,"href":"https:\/\/mobilidee.ch\/de\/wp-json\/wp\/v2\/pages\/37454"}],"wp:featuredmedia":[{"embeddable":true,"href":"https:\/\/mobilidee.ch\/de\/wp-json\/wp\/v2\/media\/37401"}],"wp:attachment":[{"href":"https:\/\/mobilidee.ch\/de\/wp-json\/wp\/v2\/media?parent=37502"}],"curies":[{"name":"wp","href":"https:\/\/api.w.org\/{rel}","templated":true}]}}