{"id":37500,"date":"2022-12-02T16:58:47","date_gmt":"2022-12-02T15:58:47","guid":{"rendered":"https:\/\/mobilidee.ch\/ausbildung\/"},"modified":"2024-05-24T18:12:14","modified_gmt":"2024-05-24T16:12:14","slug":"ausbildung","status":"publish","type":"page","link":"https:\/\/mobilidee.ch\/de\/ausbildung\/","title":{"rendered":"Ausbildung"},"content":{"rendered":"","protected":false},"excerpt":{"rendered":"","protected":false},"author":17,"featured_media":0,"parent":0,"menu_order":0,"comment_status":"closed","ping_status":"closed","template":"","meta":{"_acf_changed":false,"inline_featured_image":false,"footnotes":""},"class_list":["post-37500","page","type-page","status-publish","hentry"],"acf":[],"yoast_head":"<!-- This site is optimized with the Yoast SEO plugin v27.3 - https:\/\/yoast.com\/product\/yoast-seo-wordpress\/ -->\n<title>Mobilid\u00e9e | Ausbildung<\/title>\n<meta name=\"description\" content=\"Die Spezialisten von mobilid\u00e9e arbeiten in Unternehmen, Kommunen, aber auch bei spezialisierten Ausbildungszentren.\" \/>\n<meta name=\"robots\" content=\"index, follow, max-snippet:-1, max-image-preview:large, max-video-preview:-1\" \/>\n<link rel=\"canonical\" href=\"https:\/\/mobilidee.ch\/de\/ausbildung\/\" \/>\n<meta property=\"og:locale\" content=\"de_DE\" \/>\n<meta property=\"og:type\" content=\"article\" \/>\n<meta property=\"og:title\" content=\"Mobilid\u00e9e | Ausbildung\" \/>\n<meta property=\"og:description\" content=\"Die Spezialisten von mobilid\u00e9e arbeiten in Unternehmen, Kommunen, aber auch bei spezialisierten Ausbildungszentren.\" \/>\n<meta property=\"og:url\" content=\"https:\/\/mobilidee.ch\/de\/ausbildung\/\" \/>\n<meta property=\"og:site_name\" content=\"Mobilid\u00e9e\" \/>\n<meta property=\"article:modified_time\" content=\"2024-05-24T16:12:14+00:00\" \/>\n<meta name=\"twitter:card\" content=\"summary_large_image\" \/>\n<script type=\"application\/ld+json\" class=\"yoast-schema-graph\">{\"@context\":\"https:\\\/\\\/schema.org\",\"@graph\":[{\"@type\":\"WebPage\",\"@id\":\"https:\\\/\\\/mobilidee.ch\\\/de\\\/ausbildung\\\/\",\"url\":\"https:\\\/\\\/mobilidee.ch\\\/de\\\/ausbildung\\\/\",\"name\":\"Mobilid\u00e9e | Ausbildung\",\"isPartOf\":{\"@id\":\"https:\\\/\\\/mobilidee.ch\\\/de\\\/#website\"},\"datePublished\":\"2022-12-02T15:58:47+00:00\",\"dateModified\":\"2024-05-24T16:12:14+00:00\",\"description\":\"Die Spezialisten von mobilid\u00e9e arbeiten in Unternehmen, Kommunen, aber auch bei spezialisierten Ausbildungszentren.\",\"breadcrumb\":{\"@id\":\"https:\\\/\\\/mobilidee.ch\\\/de\\\/ausbildung\\\/#breadcrumb\"},\"inLanguage\":\"de\",\"potentialAction\":[{\"@type\":\"ReadAction\",\"target\":[\"https:\\\/\\\/mobilidee.ch\\\/de\\\/ausbildung\\\/\"]}]},{\"@type\":\"BreadcrumbList\",\"@id\":\"https:\\\/\\\/mobilidee.ch\\\/de\\\/ausbildung\\\/#breadcrumb\",\"itemListElement\":[{\"@type\":\"ListItem\",\"position\":1,\"name\":\"Accueil\",\"item\":\"https:\\\/\\\/mobilidee.ch\\\/de\\\/\"},{\"@type\":\"ListItem\",\"position\":2,\"name\":\"Ausbildung\"}]},{\"@type\":\"WebSite\",\"@id\":\"https:\\\/\\\/mobilidee.ch\\\/de\\\/#website\",\"url\":\"https:\\\/\\\/mobilidee.ch\\\/de\\\/\",\"name\":\"Mobilid\u00e9e\",\"description\":\"Nous am\u00e9liorons les exp\u00e9riences de mobilit\u00e9 au sein des entreprises, des collectivit\u00e9s, des quartiers et des territoires.\",\"potentialAction\":[{\"@type\":\"SearchAction\",\"target\":{\"@type\":\"EntryPoint\",\"urlTemplate\":\"https:\\\/\\\/mobilidee.ch\\\/de\\\/?s={search_term_string}\"},\"query-input\":{\"@type\":\"PropertyValueSpecification\",\"valueRequired\":true,\"valueName\":\"search_term_string\"}}],\"inLanguage\":\"de\"}]}<\/script>\n<!-- \/ Yoast SEO plugin. -->","yoast_head_json":{"title":"Mobilid\u00e9e | Ausbildung","description":"Die Spezialisten von mobilid\u00e9e arbeiten in Unternehmen, Kommunen, aber auch bei spezialisierten Ausbildungszentren.","robots":{"index":"index","follow":"follow","max-snippet":"max-snippet:-1","max-image-preview":"max-image-preview:large","max-video-preview":"max-video-preview:-1"},"canonical":"https:\/\/mobilidee.ch\/de\/ausbildung\/","og_locale":"de_DE","og_type":"article","og_title":"Mobilid\u00e9e | Ausbildung","og_description":"Die Spezialisten von mobilid\u00e9e arbeiten in Unternehmen, Kommunen, aber auch bei spezialisierten Ausbildungszentren.","og_url":"https:\/\/mobilidee.ch\/de\/ausbildung\/","og_site_name":"Mobilid\u00e9e","article_modified_time":"2024-05-24T16:12:14+00:00","twitter_card":"summary_large_image","schema":{"@context":"https:\/\/schema.org","@graph":[{"@type":"WebPage","@id":"https:\/\/mobilidee.ch\/de\/ausbildung\/","url":"https:\/\/mobilidee.ch\/de\/ausbildung\/","name":"Mobilid\u00e9e | Ausbildung","isPartOf":{"@id":"https:\/\/mobilidee.ch\/de\/#website"},"datePublished":"2022-12-02T15:58:47+00:00","dateModified":"2024-05-24T16:12:14+00:00","description":"Die Spezialisten von mobilid\u00e9e arbeiten in Unternehmen, Kommunen, aber auch bei spezialisierten Ausbildungszentren.","breadcrumb":{"@id":"https:\/\/mobilidee.ch\/de\/ausbildung\/#breadcrumb"},"inLanguage":"de","potentialAction":[{"@type":"ReadAction","target":["https:\/\/mobilidee.ch\/de\/ausbildung\/"]}]},{"@type":"BreadcrumbList","@id":"https:\/\/mobilidee.ch\/de\/ausbildung\/#breadcrumb","itemListElement":[{"@type":"ListItem","position":1,"name":"Accueil","item":"https:\/\/mobilidee.ch\/de\/"},{"@type":"ListItem","position":2,"name":"Ausbildung"}]},{"@type":"WebSite","@id":"https:\/\/mobilidee.ch\/de\/#website","url":"https:\/\/mobilidee.ch\/de\/","name":"Mobilid\u00e9e","description":"Nous am\u00e9liorons les exp\u00e9riences de mobilit\u00e9 au sein des entreprises, des collectivit\u00e9s, des quartiers et des territoires.","potentialAction":[{"@type":"SearchAction","target":{"@type":"EntryPoint","urlTemplate":"https:\/\/mobilidee.ch\/de\/?s={search_term_string}"},"query-input":{"@type":"PropertyValueSpecification","valueRequired":true,"valueName":"search_term_string"}}],"inLanguage":"de"}]}},"_links":{"self":[{"href":"https:\/\/mobilidee.ch\/de\/wp-json\/wp\/v2\/pages\/37500","targetHints":{"allow":["GET"]}}],"collection":[{"href":"https:\/\/mobilidee.ch\/de\/wp-json\/wp\/v2\/pages"}],"about":[{"href":"https:\/\/mobilidee.ch\/de\/wp-json\/wp\/v2\/types\/page"}],"author":[{"embeddable":true,"href":"https:\/\/mobilidee.ch\/de\/wp-json\/wp\/v2\/users\/17"}],"replies":[{"embeddable":true,"href":"https:\/\/mobilidee.ch\/de\/wp-json\/wp\/v2\/comments?post=37500"}],"version-history":[{"count":4,"href":"https:\/\/mobilidee.ch\/de\/wp-json\/wp\/v2\/pages\/37500\/revisions"}],"predecessor-version":[{"id":38414,"href":"https:\/\/mobilidee.ch\/de\/wp-json\/wp\/v2\/pages\/37500\/revisions\/38414"}],"wp:attachment":[{"href":"https:\/\/mobilidee.ch\/de\/wp-json\/wp\/v2\/media?parent=37500"}],"curies":[{"name":"wp","href":"https:\/\/api.w.org\/{rel}","templated":true}]}}