{"id":37497,"date":"2022-12-08T10:56:58","date_gmt":"2022-12-08T09:56:58","guid":{"rendered":"https:\/\/mobilidee.ch\/bereitstellung-von-dienstleistungen\/"},"modified":"2025-10-14T14:25:48","modified_gmt":"2025-10-14T12:25:48","slug":"entwicklung-und-bereitstellung-von-dienstleistungen","status":"publish","type":"page","link":"https:\/\/mobilidee.ch\/de\/entwicklung-und-bereitstellung-von-dienstleistungen\/","title":{"rendered":"Entwicklung und Bereitstellung von Dienstleistungen"},"content":{"rendered":"","protected":false},"excerpt":{"rendered":"","protected":false},"author":15,"featured_media":0,"parent":0,"menu_order":0,"comment_status":"closed","ping_status":"closed","template":"page-creation-et-gestion-de-services.php","meta":{"_acf_changed":false,"inline_featured_image":false,"footnotes":""},"class_list":["post-37497","page","type-page","status-publish","hentry"],"acf":[],"yoast_head":"<!-- This site is optimized with the Yoast SEO plugin v27.4 - https:\/\/yoast.com\/product\/yoast-seo-wordpress\/ -->\n<title>Mobilid\u00e9e | Entwicklung und Bereitstellung von Dienstleistungen<\/title>\n<meta name=\"description\" content=\"Die L\u00f6sung von Problemen im Zusammenhang mit der Mobilit\u00e4t erfordert manchmal die Schaffung und Einf\u00fchrung spezifischer Leistungen.\" \/>\n<meta name=\"robots\" content=\"index, follow, max-snippet:-1, max-image-preview:large, max-video-preview:-1\" \/>\n<link rel=\"canonical\" href=\"https:\/\/mobilidee.ch\/de\/entwicklung-und-bereitstellung-von-dienstleistungen\/\" \/>\n<meta property=\"og:locale\" content=\"de_DE\" \/>\n<meta property=\"og:type\" content=\"article\" \/>\n<meta property=\"og:title\" content=\"Mobilid\u00e9e | Entwicklung und Bereitstellung von Dienstleistungen\" \/>\n<meta property=\"og:description\" content=\"Die L\u00f6sung von Problemen im Zusammenhang mit der Mobilit\u00e4t erfordert manchmal die Schaffung und Einf\u00fchrung spezifischer Leistungen.\" \/>\n<meta property=\"og:url\" content=\"https:\/\/mobilidee.ch\/de\/entwicklung-und-bereitstellung-von-dienstleistungen\/\" \/>\n<meta property=\"og:site_name\" content=\"Mobilid\u00e9e\" \/>\n<meta property=\"article:modified_time\" content=\"2025-10-14T12:25:48+00:00\" \/>\n<meta name=\"twitter:card\" content=\"summary_large_image\" \/>\n<script type=\"application\/ld+json\" class=\"yoast-schema-graph\">{\"@context\":\"https:\\\/\\\/schema.org\",\"@graph\":[{\"@type\":\"WebPage\",\"@id\":\"https:\\\/\\\/mobilidee.ch\\\/de\\\/entwicklung-und-bereitstellung-von-dienstleistungen\\\/\",\"url\":\"https:\\\/\\\/mobilidee.ch\\\/de\\\/entwicklung-und-bereitstellung-von-dienstleistungen\\\/\",\"name\":\"Mobilid\u00e9e | Entwicklung und Bereitstellung von Dienstleistungen\",\"isPartOf\":{\"@id\":\"https:\\\/\\\/mobilidee.ch\\\/de\\\/#website\"},\"datePublished\":\"2022-12-08T09:56:58+00:00\",\"dateModified\":\"2025-10-14T12:25:48+00:00\",\"description\":\"Die L\u00f6sung von Problemen im Zusammenhang mit der Mobilit\u00e4t erfordert manchmal die Schaffung und Einf\u00fchrung spezifischer Leistungen.\",\"breadcrumb\":{\"@id\":\"https:\\\/\\\/mobilidee.ch\\\/de\\\/entwicklung-und-bereitstellung-von-dienstleistungen\\\/#breadcrumb\"},\"inLanguage\":\"de\",\"potentialAction\":[{\"@type\":\"ReadAction\",\"target\":[\"https:\\\/\\\/mobilidee.ch\\\/de\\\/entwicklung-und-bereitstellung-von-dienstleistungen\\\/\"]}]},{\"@type\":\"BreadcrumbList\",\"@id\":\"https:\\\/\\\/mobilidee.ch\\\/de\\\/entwicklung-und-bereitstellung-von-dienstleistungen\\\/#breadcrumb\",\"itemListElement\":[{\"@type\":\"ListItem\",\"position\":1,\"name\":\"Accueil\",\"item\":\"https:\\\/\\\/mobilidee.ch\\\/de\\\/\"},{\"@type\":\"ListItem\",\"position\":2,\"name\":\"Entwicklung und Bereitstellung von Dienstleistungen\"}]},{\"@type\":\"WebSite\",\"@id\":\"https:\\\/\\\/mobilidee.ch\\\/de\\\/#website\",\"url\":\"https:\\\/\\\/mobilidee.ch\\\/de\\\/\",\"name\":\"Mobilid\u00e9e\",\"description\":\"Nous am\u00e9liorons les exp\u00e9riences de mobilit\u00e9 au sein des entreprises, des collectivit\u00e9s, des quartiers et des territoires.\",\"potentialAction\":[{\"@type\":\"SearchAction\",\"target\":{\"@type\":\"EntryPoint\",\"urlTemplate\":\"https:\\\/\\\/mobilidee.ch\\\/de\\\/?s={search_term_string}\"},\"query-input\":{\"@type\":\"PropertyValueSpecification\",\"valueRequired\":true,\"valueName\":\"search_term_string\"}}],\"inLanguage\":\"de\"}]}<\/script>\n<!-- \/ Yoast SEO plugin. -->","yoast_head_json":{"title":"Mobilid\u00e9e | Entwicklung und Bereitstellung von Dienstleistungen","description":"Die L\u00f6sung von Problemen im Zusammenhang mit der Mobilit\u00e4t erfordert manchmal die Schaffung und Einf\u00fchrung spezifischer Leistungen.","robots":{"index":"index","follow":"follow","max-snippet":"max-snippet:-1","max-image-preview":"max-image-preview:large","max-video-preview":"max-video-preview:-1"},"canonical":"https:\/\/mobilidee.ch\/de\/entwicklung-und-bereitstellung-von-dienstleistungen\/","og_locale":"de_DE","og_type":"article","og_title":"Mobilid\u00e9e | Entwicklung und Bereitstellung von Dienstleistungen","og_description":"Die L\u00f6sung von Problemen im Zusammenhang mit der Mobilit\u00e4t erfordert manchmal die Schaffung und Einf\u00fchrung spezifischer Leistungen.","og_url":"https:\/\/mobilidee.ch\/de\/entwicklung-und-bereitstellung-von-dienstleistungen\/","og_site_name":"Mobilid\u00e9e","article_modified_time":"2025-10-14T12:25:48+00:00","twitter_card":"summary_large_image","schema":{"@context":"https:\/\/schema.org","@graph":[{"@type":"WebPage","@id":"https:\/\/mobilidee.ch\/de\/entwicklung-und-bereitstellung-von-dienstleistungen\/","url":"https:\/\/mobilidee.ch\/de\/entwicklung-und-bereitstellung-von-dienstleistungen\/","name":"Mobilid\u00e9e | Entwicklung und Bereitstellung von Dienstleistungen","isPartOf":{"@id":"https:\/\/mobilidee.ch\/de\/#website"},"datePublished":"2022-12-08T09:56:58+00:00","dateModified":"2025-10-14T12:25:48+00:00","description":"Die L\u00f6sung von Problemen im Zusammenhang mit der Mobilit\u00e4t erfordert manchmal die Schaffung und Einf\u00fchrung spezifischer Leistungen.","breadcrumb":{"@id":"https:\/\/mobilidee.ch\/de\/entwicklung-und-bereitstellung-von-dienstleistungen\/#breadcrumb"},"inLanguage":"de","potentialAction":[{"@type":"ReadAction","target":["https:\/\/mobilidee.ch\/de\/entwicklung-und-bereitstellung-von-dienstleistungen\/"]}]},{"@type":"BreadcrumbList","@id":"https:\/\/mobilidee.ch\/de\/entwicklung-und-bereitstellung-von-dienstleistungen\/#breadcrumb","itemListElement":[{"@type":"ListItem","position":1,"name":"Accueil","item":"https:\/\/mobilidee.ch\/de\/"},{"@type":"ListItem","position":2,"name":"Entwicklung und Bereitstellung von Dienstleistungen"}]},{"@type":"WebSite","@id":"https:\/\/mobilidee.ch\/de\/#website","url":"https:\/\/mobilidee.ch\/de\/","name":"Mobilid\u00e9e","description":"Nous am\u00e9liorons les exp\u00e9riences de mobilit\u00e9 au sein des entreprises, des collectivit\u00e9s, des quartiers et des territoires.","potentialAction":[{"@type":"SearchAction","target":{"@type":"EntryPoint","urlTemplate":"https:\/\/mobilidee.ch\/de\/?s={search_term_string}"},"query-input":{"@type":"PropertyValueSpecification","valueRequired":true,"valueName":"search_term_string"}}],"inLanguage":"de"}]}},"_links":{"self":[{"href":"https:\/\/mobilidee.ch\/de\/wp-json\/wp\/v2\/pages\/37497","targetHints":{"allow":["GET"]}}],"collection":[{"href":"https:\/\/mobilidee.ch\/de\/wp-json\/wp\/v2\/pages"}],"about":[{"href":"https:\/\/mobilidee.ch\/de\/wp-json\/wp\/v2\/types\/page"}],"author":[{"embeddable":true,"href":"https:\/\/mobilidee.ch\/de\/wp-json\/wp\/v2\/users\/15"}],"replies":[{"embeddable":true,"href":"https:\/\/mobilidee.ch\/de\/wp-json\/wp\/v2\/comments?post=37497"}],"version-history":[{"count":7,"href":"https:\/\/mobilidee.ch\/de\/wp-json\/wp\/v2\/pages\/37497\/revisions"}],"predecessor-version":[{"id":38749,"href":"https:\/\/mobilidee.ch\/de\/wp-json\/wp\/v2\/pages\/37497\/revisions\/38749"}],"wp:attachment":[{"href":"https:\/\/mobilidee.ch\/de\/wp-json\/wp\/v2\/media?parent=37497"}],"curies":[{"name":"wp","href":"https:\/\/api.w.org\/{rel}","templated":true}]}}