{"id":37469,"date":"2022-12-06T10:28:16","date_gmt":"2022-12-06T09:28:16","guid":{"rendered":"https:\/\/mobilidee.ch\/ueber-uns\/team\/"},"modified":"2023-09-12T16:55:43","modified_gmt":"2023-09-12T14:55:43","slug":"team","status":"publish","type":"page","link":"https:\/\/mobilidee.ch\/de\/ueber-uns\/team\/","title":{"rendered":"Team"},"content":{"rendered":"","protected":false},"excerpt":{"rendered":"","protected":false},"author":17,"featured_media":37393,"parent":37458,"menu_order":0,"comment_status":"closed","ping_status":"closed","template":"template-qui-sommes-nous.php","meta":{"_acf_changed":false,"inline_featured_image":false,"footnotes":""},"class_list":["post-37469","page","type-page","status-publish","has-post-thumbnail","hentry"],"acf":[],"yoast_head":"<!-- This site is optimized with the Yoast SEO plugin v27.4 - https:\/\/yoast.com\/product\/yoast-seo-wordpress\/ -->\n<title>Mobilid\u00e9e | Unser Team<\/title>\n<meta name=\"description\" content=\"Lernen Sie das multitalentierte Team kennen, das mobilid\u00e9e mit Wadenkraft vorantreibt!\" \/>\n<meta name=\"robots\" content=\"index, follow, max-snippet:-1, max-image-preview:large, max-video-preview:-1\" \/>\n<link rel=\"canonical\" href=\"https:\/\/mobilidee.ch\/de\/ueber-uns\/team\/\" \/>\n<meta property=\"og:locale\" content=\"de_DE\" \/>\n<meta property=\"og:type\" content=\"article\" \/>\n<meta property=\"og:title\" content=\"Mobilid\u00e9e | Unser Team\" \/>\n<meta property=\"og:description\" content=\"Lernen Sie das multitalentierte Team kennen, das mobilid\u00e9e mit Wadenkraft vorantreibt!\" \/>\n<meta property=\"og:url\" content=\"https:\/\/mobilidee.ch\/de\/ueber-uns\/team\/\" \/>\n<meta property=\"og:site_name\" content=\"Mobilid\u00e9e\" \/>\n<meta property=\"article:modified_time\" content=\"2023-09-12T14:55:43+00:00\" \/>\n<meta property=\"og:image\" content=\"https:\/\/mobilidee.ch\/wp-content\/uploads\/2023\/05\/header-qui-sommes-nous_degrade.jpg\" \/>\n\t<meta property=\"og:image:width\" content=\"1200\" \/>\n\t<meta property=\"og:image:height\" content=\"451\" \/>\n\t<meta property=\"og:image:type\" content=\"image\/jpeg\" \/>\n<meta name=\"twitter:card\" content=\"summary_large_image\" \/>\n<script type=\"application\/ld+json\" class=\"yoast-schema-graph\">{\"@context\":\"https:\\\/\\\/schema.org\",\"@graph\":[{\"@type\":\"WebPage\",\"@id\":\"https:\\\/\\\/mobilidee.ch\\\/de\\\/ueber-uns\\\/team\\\/\",\"url\":\"https:\\\/\\\/mobilidee.ch\\\/de\\\/ueber-uns\\\/team\\\/\",\"name\":\"Mobilid\u00e9e | Unser Team\",\"isPartOf\":{\"@id\":\"https:\\\/\\\/mobilidee.ch\\\/de\\\/#website\"},\"primaryImageOfPage\":{\"@id\":\"https:\\\/\\\/mobilidee.ch\\\/de\\\/ueber-uns\\\/team\\\/#primaryimage\"},\"image\":{\"@id\":\"https:\\\/\\\/mobilidee.ch\\\/de\\\/ueber-uns\\\/team\\\/#primaryimage\"},\"thumbnailUrl\":\"https:\\\/\\\/mobilidee.ch\\\/wp-content\\\/uploads\\\/2023\\\/05\\\/header-qui-sommes-nous_degrade.jpg\",\"datePublished\":\"2022-12-06T09:28:16+00:00\",\"dateModified\":\"2023-09-12T14:55:43+00:00\",\"description\":\"Lernen Sie das multitalentierte Team kennen, das mobilid\u00e9e mit Wadenkraft vorantreibt!\",\"breadcrumb\":{\"@id\":\"https:\\\/\\\/mobilidee.ch\\\/de\\\/ueber-uns\\\/team\\\/#breadcrumb\"},\"inLanguage\":\"de\",\"potentialAction\":[{\"@type\":\"ReadAction\",\"target\":[\"https:\\\/\\\/mobilidee.ch\\\/de\\\/ueber-uns\\\/team\\\/\"]}]},{\"@type\":\"ImageObject\",\"inLanguage\":\"de\",\"@id\":\"https:\\\/\\\/mobilidee.ch\\\/de\\\/ueber-uns\\\/team\\\/#primaryimage\",\"url\":\"https:\\\/\\\/mobilidee.ch\\\/wp-content\\\/uploads\\\/2023\\\/05\\\/header-qui-sommes-nous_degrade.jpg\",\"contentUrl\":\"https:\\\/\\\/mobilidee.ch\\\/wp-content\\\/uploads\\\/2023\\\/05\\\/header-qui-sommes-nous_degrade.jpg\",\"width\":1200,\"height\":451},{\"@type\":\"BreadcrumbList\",\"@id\":\"https:\\\/\\\/mobilidee.ch\\\/de\\\/ueber-uns\\\/team\\\/#breadcrumb\",\"itemListElement\":[{\"@type\":\"ListItem\",\"position\":1,\"name\":\"Accueil\",\"item\":\"https:\\\/\\\/mobilidee.ch\\\/de\\\/\"},{\"@type\":\"ListItem\",\"position\":2,\"name\":\"\u00dcber uns\",\"item\":\"https:\\\/\\\/mobilidee.ch\\\/de\\\/ueber-uns\\\/\"},{\"@type\":\"ListItem\",\"position\":3,\"name\":\"Team\"}]},{\"@type\":\"WebSite\",\"@id\":\"https:\\\/\\\/mobilidee.ch\\\/de\\\/#website\",\"url\":\"https:\\\/\\\/mobilidee.ch\\\/de\\\/\",\"name\":\"Mobilid\u00e9e\",\"description\":\"Nous am\u00e9liorons les exp\u00e9riences de mobilit\u00e9 au sein des entreprises, des collectivit\u00e9s, des quartiers et des territoires.\",\"potentialAction\":[{\"@type\":\"SearchAction\",\"target\":{\"@type\":\"EntryPoint\",\"urlTemplate\":\"https:\\\/\\\/mobilidee.ch\\\/de\\\/?s={search_term_string}\"},\"query-input\":{\"@type\":\"PropertyValueSpecification\",\"valueRequired\":true,\"valueName\":\"search_term_string\"}}],\"inLanguage\":\"de\"}]}<\/script>\n<!-- \/ Yoast SEO plugin. -->","yoast_head_json":{"title":"Mobilid\u00e9e | Unser Team","description":"Lernen Sie das multitalentierte Team kennen, das mobilid\u00e9e mit Wadenkraft vorantreibt!","robots":{"index":"index","follow":"follow","max-snippet":"max-snippet:-1","max-image-preview":"max-image-preview:large","max-video-preview":"max-video-preview:-1"},"canonical":"https:\/\/mobilidee.ch\/de\/ueber-uns\/team\/","og_locale":"de_DE","og_type":"article","og_title":"Mobilid\u00e9e | Unser Team","og_description":"Lernen Sie das multitalentierte Team kennen, das mobilid\u00e9e mit Wadenkraft vorantreibt!","og_url":"https:\/\/mobilidee.ch\/de\/ueber-uns\/team\/","og_site_name":"Mobilid\u00e9e","article_modified_time":"2023-09-12T14:55:43+00:00","og_image":[{"width":1200,"height":451,"url":"https:\/\/mobilidee.ch\/wp-content\/uploads\/2023\/05\/header-qui-sommes-nous_degrade.jpg","type":"image\/jpeg"}],"twitter_card":"summary_large_image","schema":{"@context":"https:\/\/schema.org","@graph":[{"@type":"WebPage","@id":"https:\/\/mobilidee.ch\/de\/ueber-uns\/team\/","url":"https:\/\/mobilidee.ch\/de\/ueber-uns\/team\/","name":"Mobilid\u00e9e | Unser Team","isPartOf":{"@id":"https:\/\/mobilidee.ch\/de\/#website"},"primaryImageOfPage":{"@id":"https:\/\/mobilidee.ch\/de\/ueber-uns\/team\/#primaryimage"},"image":{"@id":"https:\/\/mobilidee.ch\/de\/ueber-uns\/team\/#primaryimage"},"thumbnailUrl":"https:\/\/mobilidee.ch\/wp-content\/uploads\/2023\/05\/header-qui-sommes-nous_degrade.jpg","datePublished":"2022-12-06T09:28:16+00:00","dateModified":"2023-09-12T14:55:43+00:00","description":"Lernen Sie das multitalentierte Team kennen, das mobilid\u00e9e mit Wadenkraft vorantreibt!","breadcrumb":{"@id":"https:\/\/mobilidee.ch\/de\/ueber-uns\/team\/#breadcrumb"},"inLanguage":"de","potentialAction":[{"@type":"ReadAction","target":["https:\/\/mobilidee.ch\/de\/ueber-uns\/team\/"]}]},{"@type":"ImageObject","inLanguage":"de","@id":"https:\/\/mobilidee.ch\/de\/ueber-uns\/team\/#primaryimage","url":"https:\/\/mobilidee.ch\/wp-content\/uploads\/2023\/05\/header-qui-sommes-nous_degrade.jpg","contentUrl":"https:\/\/mobilidee.ch\/wp-content\/uploads\/2023\/05\/header-qui-sommes-nous_degrade.jpg","width":1200,"height":451},{"@type":"BreadcrumbList","@id":"https:\/\/mobilidee.ch\/de\/ueber-uns\/team\/#breadcrumb","itemListElement":[{"@type":"ListItem","position":1,"name":"Accueil","item":"https:\/\/mobilidee.ch\/de\/"},{"@type":"ListItem","position":2,"name":"\u00dcber uns","item":"https:\/\/mobilidee.ch\/de\/ueber-uns\/"},{"@type":"ListItem","position":3,"name":"Team"}]},{"@type":"WebSite","@id":"https:\/\/mobilidee.ch\/de\/#website","url":"https:\/\/mobilidee.ch\/de\/","name":"Mobilid\u00e9e","description":"Nous am\u00e9liorons les exp\u00e9riences de mobilit\u00e9 au sein des entreprises, des collectivit\u00e9s, des quartiers et des territoires.","potentialAction":[{"@type":"SearchAction","target":{"@type":"EntryPoint","urlTemplate":"https:\/\/mobilidee.ch\/de\/?s={search_term_string}"},"query-input":{"@type":"PropertyValueSpecification","valueRequired":true,"valueName":"search_term_string"}}],"inLanguage":"de"}]}},"_links":{"self":[{"href":"https:\/\/mobilidee.ch\/de\/wp-json\/wp\/v2\/pages\/37469","targetHints":{"allow":["GET"]}}],"collection":[{"href":"https:\/\/mobilidee.ch\/de\/wp-json\/wp\/v2\/pages"}],"about":[{"href":"https:\/\/mobilidee.ch\/de\/wp-json\/wp\/v2\/types\/page"}],"author":[{"embeddable":true,"href":"https:\/\/mobilidee.ch\/de\/wp-json\/wp\/v2\/users\/17"}],"replies":[{"embeddable":true,"href":"https:\/\/mobilidee.ch\/de\/wp-json\/wp\/v2\/comments?post=37469"}],"version-history":[{"count":5,"href":"https:\/\/mobilidee.ch\/de\/wp-json\/wp\/v2\/pages\/37469\/revisions"}],"predecessor-version":[{"id":38237,"href":"https:\/\/mobilidee.ch\/de\/wp-json\/wp\/v2\/pages\/37469\/revisions\/38237"}],"up":[{"embeddable":true,"href":"https:\/\/mobilidee.ch\/de\/wp-json\/wp\/v2\/pages\/37458"}],"wp:featuredmedia":[{"embeddable":true,"href":"https:\/\/mobilidee.ch\/de\/wp-json\/wp\/v2\/media\/37393"}],"wp:attachment":[{"href":"https:\/\/mobilidee.ch\/de\/wp-json\/wp\/v2\/media?parent=37469"}],"curies":[{"name":"wp","href":"https:\/\/api.w.org\/{rel}","templated":true}]}}