{"id":37464,"date":"2022-12-07T16:19:53","date_gmt":"2022-12-07T15:19:53","guid":{"rendered":"https:\/\/mobilidee.ch\/ueber-uns\/vorstellung\/"},"modified":"2023-09-12T16:45:52","modified_gmt":"2023-09-12T14:45:52","slug":"vorstellung","status":"publish","type":"page","link":"https:\/\/mobilidee.ch\/de\/ueber-uns\/vorstellung\/","title":{"rendered":"Vorstellung"},"content":{"rendered":"","protected":false},"excerpt":{"rendered":"","protected":false},"author":17,"featured_media":37393,"parent":37458,"menu_order":0,"comment_status":"closed","ping_status":"closed","template":"template-qui-sommes-nous.php","meta":{"_acf_changed":false,"inline_featured_image":false,"footnotes":""},"class_list":["post-37464","page","type-page","status-publish","has-post-thumbnail","hentry"],"acf":[],"yoast_head":"<!-- This site is optimized with the Yoast SEO plugin v27.3 - https:\/\/yoast.com\/product\/yoast-seo-wordpress\/ -->\n<title>Mobilid\u00e9e | Vorstellung<\/title>\n<meta name=\"description\" content=\"Mobilid\u00e9e hat es sich zur Aufgabe gemacht, die Mobilit\u00e4t von Unternehmen und das Gemeinwohl durch schl\u00fcsselfertige und innovative L\u00f6sungen zu verbessern.\" \/>\n<meta name=\"robots\" content=\"index, follow, max-snippet:-1, max-image-preview:large, max-video-preview:-1\" \/>\n<link rel=\"canonical\" href=\"https:\/\/mobilidee.ch\/de\/ueber-uns\/vorstellung\/\" \/>\n<meta property=\"og:locale\" content=\"de_DE\" \/>\n<meta property=\"og:type\" content=\"article\" \/>\n<meta property=\"og:title\" content=\"Mobilid\u00e9e | Vorstellung\" \/>\n<meta property=\"og:description\" content=\"Mobilid\u00e9e hat es sich zur Aufgabe gemacht, die Mobilit\u00e4t von Unternehmen und das Gemeinwohl durch schl\u00fcsselfertige und innovative L\u00f6sungen zu verbessern.\" \/>\n<meta property=\"og:url\" content=\"https:\/\/mobilidee.ch\/de\/ueber-uns\/vorstellung\/\" \/>\n<meta property=\"og:site_name\" content=\"Mobilid\u00e9e\" \/>\n<meta property=\"article:modified_time\" content=\"2023-09-12T14:45:52+00:00\" \/>\n<meta property=\"og:image\" content=\"https:\/\/mobilidee.ch\/wp-content\/uploads\/2023\/05\/header-qui-sommes-nous_degrade.jpg\" \/>\n\t<meta property=\"og:image:width\" content=\"1200\" \/>\n\t<meta property=\"og:image:height\" content=\"451\" \/>\n\t<meta property=\"og:image:type\" content=\"image\/jpeg\" \/>\n<meta name=\"twitter:card\" content=\"summary_large_image\" \/>\n<script type=\"application\/ld+json\" class=\"yoast-schema-graph\">{\"@context\":\"https:\\\/\\\/schema.org\",\"@graph\":[{\"@type\":\"WebPage\",\"@id\":\"https:\\\/\\\/mobilidee.ch\\\/de\\\/ueber-uns\\\/vorstellung\\\/\",\"url\":\"https:\\\/\\\/mobilidee.ch\\\/de\\\/ueber-uns\\\/vorstellung\\\/\",\"name\":\"Mobilid\u00e9e | Vorstellung\",\"isPartOf\":{\"@id\":\"https:\\\/\\\/mobilidee.ch\\\/de\\\/#website\"},\"primaryImageOfPage\":{\"@id\":\"https:\\\/\\\/mobilidee.ch\\\/de\\\/ueber-uns\\\/vorstellung\\\/#primaryimage\"},\"image\":{\"@id\":\"https:\\\/\\\/mobilidee.ch\\\/de\\\/ueber-uns\\\/vorstellung\\\/#primaryimage\"},\"thumbnailUrl\":\"https:\\\/\\\/mobilidee.ch\\\/wp-content\\\/uploads\\\/2023\\\/05\\\/header-qui-sommes-nous_degrade.jpg\",\"datePublished\":\"2022-12-07T15:19:53+00:00\",\"dateModified\":\"2023-09-12T14:45:52+00:00\",\"description\":\"Mobilid\u00e9e hat es sich zur Aufgabe gemacht, die Mobilit\u00e4t von Unternehmen und das Gemeinwohl durch schl\u00fcsselfertige und innovative L\u00f6sungen zu verbessern.\",\"breadcrumb\":{\"@id\":\"https:\\\/\\\/mobilidee.ch\\\/de\\\/ueber-uns\\\/vorstellung\\\/#breadcrumb\"},\"inLanguage\":\"de\",\"potentialAction\":[{\"@type\":\"ReadAction\",\"target\":[\"https:\\\/\\\/mobilidee.ch\\\/de\\\/ueber-uns\\\/vorstellung\\\/\"]}]},{\"@type\":\"ImageObject\",\"inLanguage\":\"de\",\"@id\":\"https:\\\/\\\/mobilidee.ch\\\/de\\\/ueber-uns\\\/vorstellung\\\/#primaryimage\",\"url\":\"https:\\\/\\\/mobilidee.ch\\\/wp-content\\\/uploads\\\/2023\\\/05\\\/header-qui-sommes-nous_degrade.jpg\",\"contentUrl\":\"https:\\\/\\\/mobilidee.ch\\\/wp-content\\\/uploads\\\/2023\\\/05\\\/header-qui-sommes-nous_degrade.jpg\",\"width\":1200,\"height\":451},{\"@type\":\"BreadcrumbList\",\"@id\":\"https:\\\/\\\/mobilidee.ch\\\/de\\\/ueber-uns\\\/vorstellung\\\/#breadcrumb\",\"itemListElement\":[{\"@type\":\"ListItem\",\"position\":1,\"name\":\"Accueil\",\"item\":\"https:\\\/\\\/mobilidee.ch\\\/de\\\/\"},{\"@type\":\"ListItem\",\"position\":2,\"name\":\"\u00dcber uns\",\"item\":\"https:\\\/\\\/mobilidee.ch\\\/de\\\/ueber-uns\\\/\"},{\"@type\":\"ListItem\",\"position\":3,\"name\":\"Vorstellung\"}]},{\"@type\":\"WebSite\",\"@id\":\"https:\\\/\\\/mobilidee.ch\\\/de\\\/#website\",\"url\":\"https:\\\/\\\/mobilidee.ch\\\/de\\\/\",\"name\":\"Mobilid\u00e9e\",\"description\":\"Nous am\u00e9liorons les exp\u00e9riences de mobilit\u00e9 au sein des entreprises, des collectivit\u00e9s, des quartiers et des territoires.\",\"potentialAction\":[{\"@type\":\"SearchAction\",\"target\":{\"@type\":\"EntryPoint\",\"urlTemplate\":\"https:\\\/\\\/mobilidee.ch\\\/de\\\/?s={search_term_string}\"},\"query-input\":{\"@type\":\"PropertyValueSpecification\",\"valueRequired\":true,\"valueName\":\"search_term_string\"}}],\"inLanguage\":\"de\"}]}<\/script>\n<!-- \/ Yoast SEO plugin. -->","yoast_head_json":{"title":"Mobilid\u00e9e | Vorstellung","description":"Mobilid\u00e9e hat es sich zur Aufgabe gemacht, die Mobilit\u00e4t von Unternehmen und das Gemeinwohl durch schl\u00fcsselfertige und innovative L\u00f6sungen zu verbessern.","robots":{"index":"index","follow":"follow","max-snippet":"max-snippet:-1","max-image-preview":"max-image-preview:large","max-video-preview":"max-video-preview:-1"},"canonical":"https:\/\/mobilidee.ch\/de\/ueber-uns\/vorstellung\/","og_locale":"de_DE","og_type":"article","og_title":"Mobilid\u00e9e | Vorstellung","og_description":"Mobilid\u00e9e hat es sich zur Aufgabe gemacht, die Mobilit\u00e4t von Unternehmen und das Gemeinwohl durch schl\u00fcsselfertige und innovative L\u00f6sungen zu verbessern.","og_url":"https:\/\/mobilidee.ch\/de\/ueber-uns\/vorstellung\/","og_site_name":"Mobilid\u00e9e","article_modified_time":"2023-09-12T14:45:52+00:00","og_image":[{"width":1200,"height":451,"url":"https:\/\/mobilidee.ch\/wp-content\/uploads\/2023\/05\/header-qui-sommes-nous_degrade.jpg","type":"image\/jpeg"}],"twitter_card":"summary_large_image","schema":{"@context":"https:\/\/schema.org","@graph":[{"@type":"WebPage","@id":"https:\/\/mobilidee.ch\/de\/ueber-uns\/vorstellung\/","url":"https:\/\/mobilidee.ch\/de\/ueber-uns\/vorstellung\/","name":"Mobilid\u00e9e | Vorstellung","isPartOf":{"@id":"https:\/\/mobilidee.ch\/de\/#website"},"primaryImageOfPage":{"@id":"https:\/\/mobilidee.ch\/de\/ueber-uns\/vorstellung\/#primaryimage"},"image":{"@id":"https:\/\/mobilidee.ch\/de\/ueber-uns\/vorstellung\/#primaryimage"},"thumbnailUrl":"https:\/\/mobilidee.ch\/wp-content\/uploads\/2023\/05\/header-qui-sommes-nous_degrade.jpg","datePublished":"2022-12-07T15:19:53+00:00","dateModified":"2023-09-12T14:45:52+00:00","description":"Mobilid\u00e9e hat es sich zur Aufgabe gemacht, die Mobilit\u00e4t von Unternehmen und das Gemeinwohl durch schl\u00fcsselfertige und innovative L\u00f6sungen zu verbessern.","breadcrumb":{"@id":"https:\/\/mobilidee.ch\/de\/ueber-uns\/vorstellung\/#breadcrumb"},"inLanguage":"de","potentialAction":[{"@type":"ReadAction","target":["https:\/\/mobilidee.ch\/de\/ueber-uns\/vorstellung\/"]}]},{"@type":"ImageObject","inLanguage":"de","@id":"https:\/\/mobilidee.ch\/de\/ueber-uns\/vorstellung\/#primaryimage","url":"https:\/\/mobilidee.ch\/wp-content\/uploads\/2023\/05\/header-qui-sommes-nous_degrade.jpg","contentUrl":"https:\/\/mobilidee.ch\/wp-content\/uploads\/2023\/05\/header-qui-sommes-nous_degrade.jpg","width":1200,"height":451},{"@type":"BreadcrumbList","@id":"https:\/\/mobilidee.ch\/de\/ueber-uns\/vorstellung\/#breadcrumb","itemListElement":[{"@type":"ListItem","position":1,"name":"Accueil","item":"https:\/\/mobilidee.ch\/de\/"},{"@type":"ListItem","position":2,"name":"\u00dcber uns","item":"https:\/\/mobilidee.ch\/de\/ueber-uns\/"},{"@type":"ListItem","position":3,"name":"Vorstellung"}]},{"@type":"WebSite","@id":"https:\/\/mobilidee.ch\/de\/#website","url":"https:\/\/mobilidee.ch\/de\/","name":"Mobilid\u00e9e","description":"Nous am\u00e9liorons les exp\u00e9riences de mobilit\u00e9 au sein des entreprises, des collectivit\u00e9s, des quartiers et des territoires.","potentialAction":[{"@type":"SearchAction","target":{"@type":"EntryPoint","urlTemplate":"https:\/\/mobilidee.ch\/de\/?s={search_term_string}"},"query-input":{"@type":"PropertyValueSpecification","valueRequired":true,"valueName":"search_term_string"}}],"inLanguage":"de"}]}},"_links":{"self":[{"href":"https:\/\/mobilidee.ch\/de\/wp-json\/wp\/v2\/pages\/37464","targetHints":{"allow":["GET"]}}],"collection":[{"href":"https:\/\/mobilidee.ch\/de\/wp-json\/wp\/v2\/pages"}],"about":[{"href":"https:\/\/mobilidee.ch\/de\/wp-json\/wp\/v2\/types\/page"}],"author":[{"embeddable":true,"href":"https:\/\/mobilidee.ch\/de\/wp-json\/wp\/v2\/users\/17"}],"replies":[{"embeddable":true,"href":"https:\/\/mobilidee.ch\/de\/wp-json\/wp\/v2\/comments?post=37464"}],"version-history":[{"count":5,"href":"https:\/\/mobilidee.ch\/de\/wp-json\/wp\/v2\/pages\/37464\/revisions"}],"predecessor-version":[{"id":38232,"href":"https:\/\/mobilidee.ch\/de\/wp-json\/wp\/v2\/pages\/37464\/revisions\/38232"}],"up":[{"embeddable":true,"href":"https:\/\/mobilidee.ch\/de\/wp-json\/wp\/v2\/pages\/37458"}],"wp:featuredmedia":[{"embeddable":true,"href":"https:\/\/mobilidee.ch\/de\/wp-json\/wp\/v2\/media\/37393"}],"wp:attachment":[{"href":"https:\/\/mobilidee.ch\/de\/wp-json\/wp\/v2\/media?parent=37464"}],"curies":[{"name":"wp","href":"https:\/\/api.w.org\/{rel}","templated":true}]}}