{"id":37451,"date":"2022-12-02T16:44:49","date_gmt":"2022-12-02T15:44:49","guid":{"rendered":"https:\/\/mobilidee.ch\/unsere-loesungen\/"},"modified":"2023-10-24T09:23:40","modified_gmt":"2023-10-24T07:23:40","slug":"unsere-loesungen","status":"publish","type":"page","link":"https:\/\/mobilidee.ch\/de\/unsere-loesungen\/","title":{"rendered":"Unsere L\u00f6sungen"},"content":{"rendered":"<h2>Anwendung f\u00fcr Parkraum- und Mobilit\u00e4tsmanagement<\/h2>\n","protected":false},"excerpt":{"rendered":"<p>Anwendung f\u00fcr Parkraum- und Mobilit\u00e4tsmanagement<\/p>\n","protected":false},"author":17,"featured_media":0,"parent":0,"menu_order":0,"comment_status":"closed","ping_status":"closed","template":"page-solutions.php","meta":{"_acf_changed":false,"inline_featured_image":false,"footnotes":""},"class_list":["post-37451","page","type-page","status-publish","hentry"],"acf":[],"yoast_head":"<!-- This site is optimized with the Yoast SEO plugin v27.4 - https:\/\/yoast.com\/product\/yoast-seo-wordpress\/ -->\n<title>Mobilid\u00e9e | Unsere L\u00f6sungen<\/title>\n<meta name=\"description\" content=\"Ein umfassendes Angebot an agilen L\u00f6sungen, die Ihnen helfen, die mit der Mobilit\u00e4t in Ihrem Unternehmen verbundenen Probleme zu l\u00f6sen.\" \/>\n<meta name=\"robots\" content=\"index, follow, max-snippet:-1, max-image-preview:large, max-video-preview:-1\" \/>\n<link rel=\"canonical\" href=\"https:\/\/mobilidee.ch\/de\/unsere-loesungen\/\" \/>\n<meta property=\"og:locale\" content=\"de_DE\" \/>\n<meta property=\"og:type\" content=\"article\" \/>\n<meta property=\"og:title\" content=\"Mobilid\u00e9e | Unsere L\u00f6sungen\" \/>\n<meta property=\"og:description\" content=\"Ein umfassendes Angebot an agilen L\u00f6sungen, die Ihnen helfen, die mit der Mobilit\u00e4t in Ihrem Unternehmen verbundenen Probleme zu l\u00f6sen.\" \/>\n<meta property=\"og:url\" content=\"https:\/\/mobilidee.ch\/de\/unsere-loesungen\/\" \/>\n<meta property=\"og:site_name\" content=\"Mobilid\u00e9e\" \/>\n<meta property=\"article:modified_time\" content=\"2023-10-24T07:23:40+00:00\" \/>\n<meta name=\"twitter:card\" content=\"summary_large_image\" \/>\n<meta name=\"twitter:label1\" content=\"Gesch\u00e4tzte Lesezeit\" \/>\n\t<meta name=\"twitter:data1\" content=\"1\u00a0Minute\" \/>\n<script type=\"application\/ld+json\" class=\"yoast-schema-graph\">{\"@context\":\"https:\\\/\\\/schema.org\",\"@graph\":[{\"@type\":\"WebPage\",\"@id\":\"https:\\\/\\\/mobilidee.ch\\\/de\\\/unsere-loesungen\\\/\",\"url\":\"https:\\\/\\\/mobilidee.ch\\\/de\\\/unsere-loesungen\\\/\",\"name\":\"Mobilid\u00e9e | Unsere L\u00f6sungen\",\"isPartOf\":{\"@id\":\"https:\\\/\\\/mobilidee.ch\\\/de\\\/#website\"},\"datePublished\":\"2022-12-02T15:44:49+00:00\",\"dateModified\":\"2023-10-24T07:23:40+00:00\",\"description\":\"Ein umfassendes Angebot an agilen L\u00f6sungen, die Ihnen helfen, die mit der Mobilit\u00e4t in Ihrem Unternehmen verbundenen Probleme zu l\u00f6sen.\",\"breadcrumb\":{\"@id\":\"https:\\\/\\\/mobilidee.ch\\\/de\\\/unsere-loesungen\\\/#breadcrumb\"},\"inLanguage\":\"de\",\"potentialAction\":[{\"@type\":\"ReadAction\",\"target\":[\"https:\\\/\\\/mobilidee.ch\\\/de\\\/unsere-loesungen\\\/\"]}]},{\"@type\":\"BreadcrumbList\",\"@id\":\"https:\\\/\\\/mobilidee.ch\\\/de\\\/unsere-loesungen\\\/#breadcrumb\",\"itemListElement\":[{\"@type\":\"ListItem\",\"position\":1,\"name\":\"Accueil\",\"item\":\"https:\\\/\\\/mobilidee.ch\\\/de\\\/\"},{\"@type\":\"ListItem\",\"position\":2,\"name\":\"Unsere L\u00f6sungen\"}]},{\"@type\":\"WebSite\",\"@id\":\"https:\\\/\\\/mobilidee.ch\\\/de\\\/#website\",\"url\":\"https:\\\/\\\/mobilidee.ch\\\/de\\\/\",\"name\":\"Mobilid\u00e9e\",\"description\":\"Nous am\u00e9liorons les exp\u00e9riences de mobilit\u00e9 au sein des entreprises, des collectivit\u00e9s, des quartiers et des territoires.\",\"potentialAction\":[{\"@type\":\"SearchAction\",\"target\":{\"@type\":\"EntryPoint\",\"urlTemplate\":\"https:\\\/\\\/mobilidee.ch\\\/de\\\/?s={search_term_string}\"},\"query-input\":{\"@type\":\"PropertyValueSpecification\",\"valueRequired\":true,\"valueName\":\"search_term_string\"}}],\"inLanguage\":\"de\"}]}<\/script>\n<!-- \/ Yoast SEO plugin. -->","yoast_head_json":{"title":"Mobilid\u00e9e | Unsere L\u00f6sungen","description":"Ein umfassendes Angebot an agilen L\u00f6sungen, die Ihnen helfen, die mit der Mobilit\u00e4t in Ihrem Unternehmen verbundenen Probleme zu l\u00f6sen.","robots":{"index":"index","follow":"follow","max-snippet":"max-snippet:-1","max-image-preview":"max-image-preview:large","max-video-preview":"max-video-preview:-1"},"canonical":"https:\/\/mobilidee.ch\/de\/unsere-loesungen\/","og_locale":"de_DE","og_type":"article","og_title":"Mobilid\u00e9e | Unsere L\u00f6sungen","og_description":"Ein umfassendes Angebot an agilen L\u00f6sungen, die Ihnen helfen, die mit der Mobilit\u00e4t in Ihrem Unternehmen verbundenen Probleme zu l\u00f6sen.","og_url":"https:\/\/mobilidee.ch\/de\/unsere-loesungen\/","og_site_name":"Mobilid\u00e9e","article_modified_time":"2023-10-24T07:23:40+00:00","twitter_card":"summary_large_image","twitter_misc":{"Gesch\u00e4tzte Lesezeit":"1\u00a0Minute"},"schema":{"@context":"https:\/\/schema.org","@graph":[{"@type":"WebPage","@id":"https:\/\/mobilidee.ch\/de\/unsere-loesungen\/","url":"https:\/\/mobilidee.ch\/de\/unsere-loesungen\/","name":"Mobilid\u00e9e | Unsere L\u00f6sungen","isPartOf":{"@id":"https:\/\/mobilidee.ch\/de\/#website"},"datePublished":"2022-12-02T15:44:49+00:00","dateModified":"2023-10-24T07:23:40+00:00","description":"Ein umfassendes Angebot an agilen L\u00f6sungen, die Ihnen helfen, die mit der Mobilit\u00e4t in Ihrem Unternehmen verbundenen Probleme zu l\u00f6sen.","breadcrumb":{"@id":"https:\/\/mobilidee.ch\/de\/unsere-loesungen\/#breadcrumb"},"inLanguage":"de","potentialAction":[{"@type":"ReadAction","target":["https:\/\/mobilidee.ch\/de\/unsere-loesungen\/"]}]},{"@type":"BreadcrumbList","@id":"https:\/\/mobilidee.ch\/de\/unsere-loesungen\/#breadcrumb","itemListElement":[{"@type":"ListItem","position":1,"name":"Accueil","item":"https:\/\/mobilidee.ch\/de\/"},{"@type":"ListItem","position":2,"name":"Unsere L\u00f6sungen"}]},{"@type":"WebSite","@id":"https:\/\/mobilidee.ch\/de\/#website","url":"https:\/\/mobilidee.ch\/de\/","name":"Mobilid\u00e9e","description":"Nous am\u00e9liorons les exp\u00e9riences de mobilit\u00e9 au sein des entreprises, des collectivit\u00e9s, des quartiers et des territoires.","potentialAction":[{"@type":"SearchAction","target":{"@type":"EntryPoint","urlTemplate":"https:\/\/mobilidee.ch\/de\/?s={search_term_string}"},"query-input":{"@type":"PropertyValueSpecification","valueRequired":true,"valueName":"search_term_string"}}],"inLanguage":"de"}]}},"_links":{"self":[{"href":"https:\/\/mobilidee.ch\/de\/wp-json\/wp\/v2\/pages\/37451","targetHints":{"allow":["GET"]}}],"collection":[{"href":"https:\/\/mobilidee.ch\/de\/wp-json\/wp\/v2\/pages"}],"about":[{"href":"https:\/\/mobilidee.ch\/de\/wp-json\/wp\/v2\/types\/page"}],"author":[{"embeddable":true,"href":"https:\/\/mobilidee.ch\/de\/wp-json\/wp\/v2\/users\/17"}],"replies":[{"embeddable":true,"href":"https:\/\/mobilidee.ch\/de\/wp-json\/wp\/v2\/comments?post=37451"}],"version-history":[{"count":9,"href":"https:\/\/mobilidee.ch\/de\/wp-json\/wp\/v2\/pages\/37451\/revisions"}],"predecessor-version":[{"id":38302,"href":"https:\/\/mobilidee.ch\/de\/wp-json\/wp\/v2\/pages\/37451\/revisions\/38302"}],"wp:attachment":[{"href":"https:\/\/mobilidee.ch\/de\/wp-json\/wp\/v2\/media?parent=37451"}],"curies":[{"name":"wp","href":"https:\/\/api.w.org\/{rel}","templated":true}]}}