{"id":37322,"date":"2022-12-20T17:22:30","date_gmt":"2022-12-20T16:22:30","guid":{"rendered":"https:\/\/mobilidee.ch\/kontaktieren-sie-uns\/"},"modified":"2025-03-04T11:15:15","modified_gmt":"2025-03-04T10:15:15","slug":"kontaktieren-sie-uns","status":"publish","type":"page","link":"https:\/\/mobilidee.ch\/de\/kontaktieren-sie-uns\/","title":{"rendered":"Kontaktieren Sie uns!"},"content":{"rendered":"<h2>Kontakt<\/h2>\n<p>Gemeinsam mit Ihrem Unternehmen oder Ihrer K\u00f6rperschaft k\u00f6nnen wir Ihre Mobilit\u00e4t in ein positives Erlebnis umwandeln.<\/p>\n","protected":false},"excerpt":{"rendered":"<p>Kontakt Gemeinsam mit Ihrem Unternehmen oder Ihrer K\u00f6rperschaft k\u00f6nnen wir Ihre Mobilit\u00e4t in ein positives Erlebnis umwandeln.<\/p>\n","protected":false},"author":15,"featured_media":0,"parent":0,"menu_order":0,"comment_status":"closed","ping_status":"closed","template":"page-contact.php","meta":{"_acf_changed":false,"inline_featured_image":false,"footnotes":""},"class_list":["post-37322","page","type-page","status-publish","hentry"],"acf":[],"yoast_head":"<!-- This site is optimized with the Yoast SEO plugin v27.4 - https:\/\/yoast.com\/product\/yoast-seo-wordpress\/ -->\n<title>Mobilid\u00e9e | Kontaktieren Sie uns!<\/title>\n<meta name=\"description\" content=\"Unser Team von Spezialisten steht Ihnen zur Verf\u00fcgung, um die richtigen L\u00f6sungen f\u00fcr Ihr Mobilit\u00e4tsmanagementprojekt zu finden.\" \/>\n<meta name=\"robots\" content=\"index, follow, max-snippet:-1, max-image-preview:large, max-video-preview:-1\" \/>\n<link rel=\"canonical\" href=\"https:\/\/mobilidee.ch\/de\/kontaktieren-sie-uns\/\" \/>\n<meta property=\"og:locale\" content=\"de_DE\" \/>\n<meta property=\"og:type\" content=\"article\" \/>\n<meta property=\"og:title\" content=\"Mobilid\u00e9e | Kontaktieren Sie uns!\" \/>\n<meta property=\"og:description\" content=\"Unser Team von Spezialisten steht Ihnen zur Verf\u00fcgung, um die richtigen L\u00f6sungen f\u00fcr Ihr Mobilit\u00e4tsmanagementprojekt zu finden.\" \/>\n<meta property=\"og:url\" content=\"https:\/\/mobilidee.ch\/de\/kontaktieren-sie-uns\/\" \/>\n<meta property=\"og:site_name\" content=\"Mobilid\u00e9e\" \/>\n<meta property=\"article:modified_time\" content=\"2025-03-04T10:15:15+00:00\" \/>\n<meta name=\"twitter:card\" content=\"summary_large_image\" \/>\n<meta name=\"twitter:label1\" content=\"Gesch\u00e4tzte Lesezeit\" \/>\n\t<meta name=\"twitter:data1\" content=\"1\u00a0Minute\" \/>\n<script type=\"application\/ld+json\" class=\"yoast-schema-graph\">{\"@context\":\"https:\\\/\\\/schema.org\",\"@graph\":[{\"@type\":\"WebPage\",\"@id\":\"https:\\\/\\\/mobilidee.ch\\\/de\\\/kontaktieren-sie-uns\\\/\",\"url\":\"https:\\\/\\\/mobilidee.ch\\\/de\\\/kontaktieren-sie-uns\\\/\",\"name\":\"Mobilid\u00e9e | Kontaktieren Sie uns!\",\"isPartOf\":{\"@id\":\"https:\\\/\\\/mobilidee.ch\\\/de\\\/#website\"},\"datePublished\":\"2022-12-20T16:22:30+00:00\",\"dateModified\":\"2025-03-04T10:15:15+00:00\",\"description\":\"Unser Team von Spezialisten steht Ihnen zur Verf\u00fcgung, um die richtigen L\u00f6sungen f\u00fcr Ihr Mobilit\u00e4tsmanagementprojekt zu finden.\",\"breadcrumb\":{\"@id\":\"https:\\\/\\\/mobilidee.ch\\\/de\\\/kontaktieren-sie-uns\\\/#breadcrumb\"},\"inLanguage\":\"de\",\"potentialAction\":[{\"@type\":\"ReadAction\",\"target\":[\"https:\\\/\\\/mobilidee.ch\\\/de\\\/kontaktieren-sie-uns\\\/\"]}]},{\"@type\":\"BreadcrumbList\",\"@id\":\"https:\\\/\\\/mobilidee.ch\\\/de\\\/kontaktieren-sie-uns\\\/#breadcrumb\",\"itemListElement\":[{\"@type\":\"ListItem\",\"position\":1,\"name\":\"Accueil\",\"item\":\"https:\\\/\\\/mobilidee.ch\\\/de\\\/\"},{\"@type\":\"ListItem\",\"position\":2,\"name\":\"Kontaktieren Sie uns!\"}]},{\"@type\":\"WebSite\",\"@id\":\"https:\\\/\\\/mobilidee.ch\\\/de\\\/#website\",\"url\":\"https:\\\/\\\/mobilidee.ch\\\/de\\\/\",\"name\":\"Mobilid\u00e9e\",\"description\":\"Nous am\u00e9liorons les exp\u00e9riences de mobilit\u00e9 au sein des entreprises, des collectivit\u00e9s, des quartiers et des territoires.\",\"potentialAction\":[{\"@type\":\"SearchAction\",\"target\":{\"@type\":\"EntryPoint\",\"urlTemplate\":\"https:\\\/\\\/mobilidee.ch\\\/de\\\/?s={search_term_string}\"},\"query-input\":{\"@type\":\"PropertyValueSpecification\",\"valueRequired\":true,\"valueName\":\"search_term_string\"}}],\"inLanguage\":\"de\"}]}<\/script>\n<!-- \/ Yoast SEO plugin. -->","yoast_head_json":{"title":"Mobilid\u00e9e | Kontaktieren Sie uns!","description":"Unser Team von Spezialisten steht Ihnen zur Verf\u00fcgung, um die richtigen L\u00f6sungen f\u00fcr Ihr Mobilit\u00e4tsmanagementprojekt zu finden.","robots":{"index":"index","follow":"follow","max-snippet":"max-snippet:-1","max-image-preview":"max-image-preview:large","max-video-preview":"max-video-preview:-1"},"canonical":"https:\/\/mobilidee.ch\/de\/kontaktieren-sie-uns\/","og_locale":"de_DE","og_type":"article","og_title":"Mobilid\u00e9e | Kontaktieren Sie uns!","og_description":"Unser Team von Spezialisten steht Ihnen zur Verf\u00fcgung, um die richtigen L\u00f6sungen f\u00fcr Ihr Mobilit\u00e4tsmanagementprojekt zu finden.","og_url":"https:\/\/mobilidee.ch\/de\/kontaktieren-sie-uns\/","og_site_name":"Mobilid\u00e9e","article_modified_time":"2025-03-04T10:15:15+00:00","twitter_card":"summary_large_image","twitter_misc":{"Gesch\u00e4tzte Lesezeit":"1\u00a0Minute"},"schema":{"@context":"https:\/\/schema.org","@graph":[{"@type":"WebPage","@id":"https:\/\/mobilidee.ch\/de\/kontaktieren-sie-uns\/","url":"https:\/\/mobilidee.ch\/de\/kontaktieren-sie-uns\/","name":"Mobilid\u00e9e | Kontaktieren Sie uns!","isPartOf":{"@id":"https:\/\/mobilidee.ch\/de\/#website"},"datePublished":"2022-12-20T16:22:30+00:00","dateModified":"2025-03-04T10:15:15+00:00","description":"Unser Team von Spezialisten steht Ihnen zur Verf\u00fcgung, um die richtigen L\u00f6sungen f\u00fcr Ihr Mobilit\u00e4tsmanagementprojekt zu finden.","breadcrumb":{"@id":"https:\/\/mobilidee.ch\/de\/kontaktieren-sie-uns\/#breadcrumb"},"inLanguage":"de","potentialAction":[{"@type":"ReadAction","target":["https:\/\/mobilidee.ch\/de\/kontaktieren-sie-uns\/"]}]},{"@type":"BreadcrumbList","@id":"https:\/\/mobilidee.ch\/de\/kontaktieren-sie-uns\/#breadcrumb","itemListElement":[{"@type":"ListItem","position":1,"name":"Accueil","item":"https:\/\/mobilidee.ch\/de\/"},{"@type":"ListItem","position":2,"name":"Kontaktieren Sie uns!"}]},{"@type":"WebSite","@id":"https:\/\/mobilidee.ch\/de\/#website","url":"https:\/\/mobilidee.ch\/de\/","name":"Mobilid\u00e9e","description":"Nous am\u00e9liorons les exp\u00e9riences de mobilit\u00e9 au sein des entreprises, des collectivit\u00e9s, des quartiers et des territoires.","potentialAction":[{"@type":"SearchAction","target":{"@type":"EntryPoint","urlTemplate":"https:\/\/mobilidee.ch\/de\/?s={search_term_string}"},"query-input":{"@type":"PropertyValueSpecification","valueRequired":true,"valueName":"search_term_string"}}],"inLanguage":"de"}]}},"_links":{"self":[{"href":"https:\/\/mobilidee.ch\/de\/wp-json\/wp\/v2\/pages\/37322","targetHints":{"allow":["GET"]}}],"collection":[{"href":"https:\/\/mobilidee.ch\/de\/wp-json\/wp\/v2\/pages"}],"about":[{"href":"https:\/\/mobilidee.ch\/de\/wp-json\/wp\/v2\/types\/page"}],"author":[{"embeddable":true,"href":"https:\/\/mobilidee.ch\/de\/wp-json\/wp\/v2\/users\/15"}],"replies":[{"embeddable":true,"href":"https:\/\/mobilidee.ch\/de\/wp-json\/wp\/v2\/comments?post=37322"}],"version-history":[{"count":6,"href":"https:\/\/mobilidee.ch\/de\/wp-json\/wp\/v2\/pages\/37322\/revisions"}],"predecessor-version":[{"id":38564,"href":"https:\/\/mobilidee.ch\/de\/wp-json\/wp\/v2\/pages\/37322\/revisions\/38564"}],"wp:attachment":[{"href":"https:\/\/mobilidee.ch\/de\/wp-json\/wp\/v2\/media?parent=37322"}],"curies":[{"name":"wp","href":"https:\/\/api.w.org\/{rel}","templated":true}]}}