{"id":36220,"date":"2022-12-20T18:23:36","date_gmt":"2022-12-20T17:23:36","guid":{"rendered":"https:\/\/mobilidee.ch\/arbeiten-bei-mobilidee\/"},"modified":"2025-07-11T09:29:36","modified_gmt":"2025-07-11T07:29:36","slug":"arbeiten-bei-mobilidee","status":"publish","type":"page","link":"https:\/\/mobilidee.ch\/de\/arbeiten-bei-mobilidee\/","title":{"rendered":"Arbeiten bei mobilid\u00e9e"},"content":{"rendered":"<h2>Arbeiten bei uns<\/h2>\n<p>Ob mit dem Fahrrad, dem Trottinett oder zu Fuss, werden Sie Teil des mobilid\u00e9e-Teams, um Ihre Kompetenzen zu nutzen und Ihre Erfahrungen vor Ort zu teilen. Fahrgemeinschaften sind erlaubt.<\/p>\n<p>Erfahren Sie mehr \u00fcber unsere Verpflichtungen im Bereich der sozialen Verantwortung der Unternehmen.<\/p>\n","protected":false},"excerpt":{"rendered":"<p>Arbeiten bei uns Ob mit dem Fahrrad, dem Trottinett oder zu Fuss, werden Sie Teil des mobilid\u00e9e-Teams, um Ihre Kompetenzen zu nutzen und Ihre Erfahrungen vor Ort zu teilen. Fahrgemeinschaften sind erlaubt. Erfahren Sie mehr \u00fcber unsere Verpflichtungen im Bereich der sozialen Verantwortung der Unternehmen.<\/p>\n","protected":false},"author":15,"featured_media":0,"parent":0,"menu_order":0,"comment_status":"closed","ping_status":"closed","template":"page-travailler-chez-mobilidee.php","meta":{"_acf_changed":false,"inline_featured_image":false,"footnotes":""},"class_list":["post-36220","page","type-page","status-publish","hentry"],"acf":[],"yoast_head":"<!-- This site is optimized with the Yoast SEO plugin v27.4 - https:\/\/yoast.com\/product\/yoast-seo-wordpress\/ -->\n<title>Mobilid\u00e9e | Schliessen Sie sich unserem Team an<\/title>\n<meta name=\"description\" content=\"Ob mit dem Fahrrad, dem Trottinett oder zu Fuss, werden Sie Teil des mobilid\u00e9e-Teams, um Ihre Kompetenzen zu nutzen und Ihre Erfahrungen vor Ort zu teilen.\" \/>\n<meta name=\"robots\" content=\"index, follow, max-snippet:-1, max-image-preview:large, max-video-preview:-1\" \/>\n<link rel=\"canonical\" href=\"https:\/\/mobilidee.ch\/de\/arbeiten-bei-mobilidee\/\" \/>\n<meta property=\"og:locale\" content=\"de_DE\" \/>\n<meta property=\"og:type\" content=\"article\" \/>\n<meta property=\"og:title\" content=\"Mobilid\u00e9e | Schliessen Sie sich unserem Team an\" \/>\n<meta property=\"og:description\" content=\"Ob mit dem Fahrrad, dem Trottinett oder zu Fuss, werden Sie Teil des mobilid\u00e9e-Teams, um Ihre Kompetenzen zu nutzen und Ihre Erfahrungen vor Ort zu teilen.\" \/>\n<meta property=\"og:url\" content=\"https:\/\/mobilidee.ch\/de\/arbeiten-bei-mobilidee\/\" \/>\n<meta property=\"og:site_name\" content=\"Mobilid\u00e9e\" \/>\n<meta property=\"article:modified_time\" content=\"2025-07-11T07:29:36+00:00\" \/>\n<meta name=\"twitter:card\" content=\"summary_large_image\" \/>\n<meta name=\"twitter:label1\" content=\"Gesch\u00e4tzte Lesezeit\" \/>\n\t<meta name=\"twitter:data1\" content=\"1\u00a0Minute\" \/>\n<script type=\"application\/ld+json\" class=\"yoast-schema-graph\">{\"@context\":\"https:\\\/\\\/schema.org\",\"@graph\":[{\"@type\":\"WebPage\",\"@id\":\"https:\\\/\\\/mobilidee.ch\\\/de\\\/arbeiten-bei-mobilidee\\\/\",\"url\":\"https:\\\/\\\/mobilidee.ch\\\/de\\\/arbeiten-bei-mobilidee\\\/\",\"name\":\"Mobilid\u00e9e | Schliessen Sie sich unserem Team an\",\"isPartOf\":{\"@id\":\"https:\\\/\\\/mobilidee.ch\\\/de\\\/#website\"},\"datePublished\":\"2022-12-20T17:23:36+00:00\",\"dateModified\":\"2025-07-11T07:29:36+00:00\",\"description\":\"Ob mit dem Fahrrad, dem Trottinett oder zu Fuss, werden Sie Teil des mobilid\u00e9e-Teams, um Ihre Kompetenzen zu nutzen und Ihre Erfahrungen vor Ort zu teilen.\",\"breadcrumb\":{\"@id\":\"https:\\\/\\\/mobilidee.ch\\\/de\\\/arbeiten-bei-mobilidee\\\/#breadcrumb\"},\"inLanguage\":\"de\",\"potentialAction\":[{\"@type\":\"ReadAction\",\"target\":[\"https:\\\/\\\/mobilidee.ch\\\/de\\\/arbeiten-bei-mobilidee\\\/\"]}]},{\"@type\":\"BreadcrumbList\",\"@id\":\"https:\\\/\\\/mobilidee.ch\\\/de\\\/arbeiten-bei-mobilidee\\\/#breadcrumb\",\"itemListElement\":[{\"@type\":\"ListItem\",\"position\":1,\"name\":\"Accueil\",\"item\":\"https:\\\/\\\/mobilidee.ch\\\/de\\\/\"},{\"@type\":\"ListItem\",\"position\":2,\"name\":\"Arbeiten bei mobilid\u00e9e\"}]},{\"@type\":\"WebSite\",\"@id\":\"https:\\\/\\\/mobilidee.ch\\\/de\\\/#website\",\"url\":\"https:\\\/\\\/mobilidee.ch\\\/de\\\/\",\"name\":\"Mobilid\u00e9e\",\"description\":\"Nous am\u00e9liorons les exp\u00e9riences de mobilit\u00e9 au sein des entreprises, des collectivit\u00e9s, des quartiers et des territoires.\",\"potentialAction\":[{\"@type\":\"SearchAction\",\"target\":{\"@type\":\"EntryPoint\",\"urlTemplate\":\"https:\\\/\\\/mobilidee.ch\\\/de\\\/?s={search_term_string}\"},\"query-input\":{\"@type\":\"PropertyValueSpecification\",\"valueRequired\":true,\"valueName\":\"search_term_string\"}}],\"inLanguage\":\"de\"}]}<\/script>\n<!-- \/ Yoast SEO plugin. -->","yoast_head_json":{"title":"Mobilid\u00e9e | Schliessen Sie sich unserem Team an","description":"Ob mit dem Fahrrad, dem Trottinett oder zu Fuss, werden Sie Teil des mobilid\u00e9e-Teams, um Ihre Kompetenzen zu nutzen und Ihre Erfahrungen vor Ort zu teilen.","robots":{"index":"index","follow":"follow","max-snippet":"max-snippet:-1","max-image-preview":"max-image-preview:large","max-video-preview":"max-video-preview:-1"},"canonical":"https:\/\/mobilidee.ch\/de\/arbeiten-bei-mobilidee\/","og_locale":"de_DE","og_type":"article","og_title":"Mobilid\u00e9e | Schliessen Sie sich unserem Team an","og_description":"Ob mit dem Fahrrad, dem Trottinett oder zu Fuss, werden Sie Teil des mobilid\u00e9e-Teams, um Ihre Kompetenzen zu nutzen und Ihre Erfahrungen vor Ort zu teilen.","og_url":"https:\/\/mobilidee.ch\/de\/arbeiten-bei-mobilidee\/","og_site_name":"Mobilid\u00e9e","article_modified_time":"2025-07-11T07:29:36+00:00","twitter_card":"summary_large_image","twitter_misc":{"Gesch\u00e4tzte Lesezeit":"1\u00a0Minute"},"schema":{"@context":"https:\/\/schema.org","@graph":[{"@type":"WebPage","@id":"https:\/\/mobilidee.ch\/de\/arbeiten-bei-mobilidee\/","url":"https:\/\/mobilidee.ch\/de\/arbeiten-bei-mobilidee\/","name":"Mobilid\u00e9e | Schliessen Sie sich unserem Team an","isPartOf":{"@id":"https:\/\/mobilidee.ch\/de\/#website"},"datePublished":"2022-12-20T17:23:36+00:00","dateModified":"2025-07-11T07:29:36+00:00","description":"Ob mit dem Fahrrad, dem Trottinett oder zu Fuss, werden Sie Teil des mobilid\u00e9e-Teams, um Ihre Kompetenzen zu nutzen und Ihre Erfahrungen vor Ort zu teilen.","breadcrumb":{"@id":"https:\/\/mobilidee.ch\/de\/arbeiten-bei-mobilidee\/#breadcrumb"},"inLanguage":"de","potentialAction":[{"@type":"ReadAction","target":["https:\/\/mobilidee.ch\/de\/arbeiten-bei-mobilidee\/"]}]},{"@type":"BreadcrumbList","@id":"https:\/\/mobilidee.ch\/de\/arbeiten-bei-mobilidee\/#breadcrumb","itemListElement":[{"@type":"ListItem","position":1,"name":"Accueil","item":"https:\/\/mobilidee.ch\/de\/"},{"@type":"ListItem","position":2,"name":"Arbeiten bei mobilid\u00e9e"}]},{"@type":"WebSite","@id":"https:\/\/mobilidee.ch\/de\/#website","url":"https:\/\/mobilidee.ch\/de\/","name":"Mobilid\u00e9e","description":"Nous am\u00e9liorons les exp\u00e9riences de mobilit\u00e9 au sein des entreprises, des collectivit\u00e9s, des quartiers et des territoires.","potentialAction":[{"@type":"SearchAction","target":{"@type":"EntryPoint","urlTemplate":"https:\/\/mobilidee.ch\/de\/?s={search_term_string}"},"query-input":{"@type":"PropertyValueSpecification","valueRequired":true,"valueName":"search_term_string"}}],"inLanguage":"de"}]}},"_links":{"self":[{"href":"https:\/\/mobilidee.ch\/de\/wp-json\/wp\/v2\/pages\/36220","targetHints":{"allow":["GET"]}}],"collection":[{"href":"https:\/\/mobilidee.ch\/de\/wp-json\/wp\/v2\/pages"}],"about":[{"href":"https:\/\/mobilidee.ch\/de\/wp-json\/wp\/v2\/types\/page"}],"author":[{"embeddable":true,"href":"https:\/\/mobilidee.ch\/de\/wp-json\/wp\/v2\/users\/15"}],"replies":[{"embeddable":true,"href":"https:\/\/mobilidee.ch\/de\/wp-json\/wp\/v2\/comments?post=36220"}],"version-history":[{"count":1,"href":"https:\/\/mobilidee.ch\/de\/wp-json\/wp\/v2\/pages\/36220\/revisions"}],"predecessor-version":[{"id":37878,"href":"https:\/\/mobilidee.ch\/de\/wp-json\/wp\/v2\/pages\/36220\/revisions\/37878"}],"wp:attachment":[{"href":"https:\/\/mobilidee.ch\/de\/wp-json\/wp\/v2\/media?parent=36220"}],"curies":[{"name":"wp","href":"https:\/\/api.w.org\/{rel}","templated":true}]}}